{"id":75844,"date":"2024-11-18T12:52:22","date_gmt":"2024-11-18T11:52:22","guid":{"rendered":"https:\/\/exitfabrics.com\/ferias\/"},"modified":"2026-01-15T14:58:49","modified_gmt":"2026-01-15T13:58:49","slug":"foires","status":"publish","type":"page","link":"https:\/\/exitfabrics.com\/fr\/foires\/","title":{"rendered":"Foires"},"content":{"rendered":"<div class=\"wpb-content-wrapper\"><p>[vc_row][vc_column][vc_single_image image=\u00a0\u00bb75191&Prime; img_size=\u00a0\u00bbfull\u00a0\u00bb css=\u00a0\u00bb\u00a0\u00bb el_class=\u00a0\u00bball-width\u00a0\u00bb][\/vc_column][\/vc_row][vc_row][vc_column el_class=\u00a0\u00bbcifras-carousel\u00a0\u00bb]<div class=\"cifras-vc-container background-color-dark\">\r\n    <div class=\"container\">\r\n                <h2>Nous sommes pr\u00e9sents sur les meilleurs salons nationaux et internationaux.<\/h2>\r\n        \r\n        \r\n        <div class=\"vc-cifras\">\r\n\r\n                        <div class=\"vc-cifras-item\">\r\n                <div class=\"cont__inner\">\r\n                                        <img decoding=\"async\" src=\"\/wp-content\/themes\/exitfabrics\/assets\/circle-white.svg\" alt=\"circle white\">\r\n                                        <div class=\"cifras-text\">\r\n                        <div class=\"cont__text\">Orgatec<\/div>\r\n                                            <\/div>\r\n                <\/div>\r\n                            <\/div>\r\n\r\n                        <div class=\"vc-cifras-item\">\r\n                <div class=\"cont__inner\">\r\n                                        <img decoding=\"async\" src=\"\/wp-content\/themes\/exitfabrics\/assets\/circle-white.svg\" alt=\"circle white\">\r\n                                        <div class=\"cifras-text\">\r\n                        <div class=\"cont__text\">H\u00e1bitat Valencia<\/div>\r\n                                            <\/div>\r\n                <\/div>\r\n                            <\/div>\r\n\r\n                        <div class=\"vc-cifras-item\">\r\n                <div class=\"cont__inner\">\r\n                                        <img decoding=\"async\" src=\"\/wp-content\/themes\/exitfabrics\/assets\/circle-white.svg\" alt=\"circle white\">\r\n                                        <div class=\"cifras-text\">\r\n                        <div class=\"cont__text\">Interihotel<\/div>\r\n                                            <\/div>\r\n                <\/div>\r\n                            <\/div>\r\n\r\n                        <div class=\"vc-cifras-item\">\r\n                <div class=\"cont__inner\">\r\n                                        <img decoding=\"async\" src=\"\/wp-content\/themes\/exitfabrics\/assets\/circle-white.svg\" alt=\"circle white\">\r\n                                        <div class=\"cifras-text\">\r\n                        <div class=\"cont__text\">Interzum<\/div>\r\n                                            <\/div>\r\n                <\/div>\r\n                            <\/div>\r\n\r\n                        <div class=\"vc-cifras-item\">\r\n                <div class=\"cont__inner\">\r\n                                        <img decoding=\"async\" src=\"\/wp-content\/themes\/exitfabrics\/assets\/circle-white.svg\" alt=\"circle white\">\r\n                                        <div class=\"cifras-text\">\r\n                        <div class=\"cont__text\">Heimtextil<\/div>\r\n                                            <\/div>\r\n                <\/div>\r\n                            <\/div>\r\n\r\n                        <div class=\"vc-cifras-item\">\r\n                <div class=\"cont__inner\">\r\n                                        <img decoding=\"async\" src=\"\/wp-content\/themes\/exitfabrics\/assets\/circle-white.svg\" alt=\"circle white\">\r\n                                        <div class=\"cifras-text\">\r\n                        <div class=\"cont__text\">Architect@work<\/div>\r\n                                            <\/div>\r\n                <\/div>\r\n                            <\/div>\r\n\r\n                    <\/div>\r\n\r\n        <div class=\"cont__border\"><\/div>\r\n    <\/div>\r\n<\/div>\r\n[\/vc_column][\/vc_row][vc_row][vc_column][vc_single_image image=\u00a0\u00bb75818&Prime; img_size=\u00a0\u00bbfull\u00a0\u00bb css=\u00a0\u00bb\u00a0\u00bb el_class=\u00a0\u00bball-width\u00a0\u00bb][\/vc_column][\/vc_row][vc_section el_class=\u00a0\u00bbseccion-image-text\u00a0\u00bb][vc_row css=\u00a0\u00bb.vc_custom_1732269794522{margin-top: 50px !important;margin-bottom: 50px !important;}\u00a0\u00bb el_class=\u00a0\u00bbcontainer\u00a0\u00bb][vc_column width=\u00a0\u00bb1\/2&Prime;][vc_column_text css=\u00a0\u00bb\u00a0\u00bb]<\/p>\n<h2 class=\"text-extrabig\">in | workspace spain 2026<\/h2>\n<p class=\"text-big\">Nous nous ferons un plaisir de vous accueillir au salon In|Workspace \u00e0 <strong>Madrid (Espagne)<\/strong>\u00a0du <strong>12 et 13 mai 2026<\/strong>.<\/p>\n<p class=\"text-big\"><span style=\"font-weight: 400;\">Bient\u00f4t plus d\u2019informations sur l\u2019\u00e9v\u00e9nement.<\/span><\/p>\n<p>[\/vc_column_text][\/vc_column][vc_column width=\u00a0\u00bb1\/2&Prime;][vc_single_image image=\u00a0\u00bb79152&Prime; img_size=\u00a0\u00bbfull\u00a0\u00bb css=\u00a0\u00bb\u00a0\u00bb el_class=\u00a0\u00bball-width\u00a0\u00bb][\/vc_column][\/vc_row][vc_row][vc_column][vc_separator color=\u00a0\u00bbblack\u00a0\u00bb css=\u00a0\u00bb\u00a0\u00bb el_class=\u00a0\u00bbcontainer\u00a0\u00bb][\/vc_column][\/vc_row][\/vc_section][vc_section el_class=\u00a0\u00bbseccion-image-text\u00a0\u00bb][vc_row css=\u00a0\u00bb.vc_custom_1732269794522{margin-top: 50px !important;margin-bottom: 50px !important;}\u00a0\u00bb el_class=\u00a0\u00bbcontainer\u00a0\u00bb][vc_column width=\u00a0\u00bb1\/2&Prime;][vc_column_text css=\u00a0\u00bb\u00a0\u00bb]<\/p>\n<h2 class=\"text-extrabig\">Habitat Valencia 2026<\/h2>\n<p class=\"text-big\"><span style=\"font-weight: 400;\">Nous nous ferons un plaisir de vous accueillir au salon Habitat \u00e0 <strong>Valencia (Espagne)<\/strong> du <strong>28 septembre au 1er octobre 2026<\/strong>.<\/span><\/p>\n<p class=\"text-big\"><span style=\"font-weight: 400;\">Bient\u00f4t plus d\u2019informations sur l\u2019\u00e9v\u00e9nement.<\/span><\/p>\n<p>[\/vc_column_text][\/vc_column][vc_column width=\u00a0\u00bb1\/2&Prime;][vc_single_image image=\u00a0\u00bb79156&Prime; img_size=\u00a0\u00bbfull\u00a0\u00bb css=\u00a0\u00bb\u00a0\u00bb el_class=\u00a0\u00bball-width\u00a0\u00bb][\/vc_column][\/vc_row][vc_row][vc_column][vc_separator color=\u00a0\u00bbblack\u00a0\u00bb css=\u00a0\u00bb\u00a0\u00bb el_class=\u00a0\u00bbcontainer\u00a0\u00bb][\/vc_column][\/vc_row][\/vc_section][vc_section el_class=\u00a0\u00bbseccion-image-text\u00a0\u00bb][vc_row css=\u00a0\u00bb.vc_custom_1732269794522{margin-top: 50px !important;margin-bottom: 50px !important;}\u00a0\u00bb el_class=\u00a0\u00bbcontainer\u00a0\u00bb][vc_column width=\u00a0\u00bb1\/2&Prime;][vc_column_text css=\u00a0\u00bb\u00a0\u00bb]<\/p>\n<h2 class=\"text-extrabig\">Orgatec 2026<\/h2>\n<p class=\"text-big\">Nous nous ferons un plaisir de vous accueillir au salon Orgatec \u00e0 <strong>Cologne (Allemagne)<\/strong> du <strong>27 au 30 octobre 2026.<\/strong><\/p>\n<p class=\"text-big\"><span style=\"font-weight: 400;\">Bient\u00f4t plus d\u2019informations sur l\u2019\u00e9v\u00e9nement.<\/span><\/p>\n<p>[\/vc_column_text][\/vc_column][vc_column width=\u00a0\u00bb1\/2&Prime;][vc_single_image image=\u00a0\u00bb79302&Prime; img_size=\u00a0\u00bbfull\u00a0\u00bb css=\u00a0\u00bb\u00a0\u00bb el_class=\u00a0\u00bball-width\u00a0\u00bb][\/vc_column][\/vc_row][vc_row][vc_column][vc_separator color=\u00a0\u00bbblack\u00a0\u00bb css=\u00a0\u00bb\u00a0\u00bb el_class=\u00a0\u00bbcontainer\u00a0\u00bb][\/vc_column][\/vc_row][\/vc_section][vc_section el_class=\u00a0\u00bbseccion-image-text\u00a0\u00bb][vc_row css=\u00a0\u00bb.vc_custom_1732269794522{margin-top: 50px !important;margin-bottom: 50px !important;}\u00a0\u00bb el_class=\u00a0\u00bbcontainer\u00a0\u00bb][vc_column width=\u00a0\u00bb1\/2&Prime;][vc_column_text css=\u00a0\u00bb\u00a0\u00bb]<\/p>\n<h2 class=\"text-extrabig\">Interihotel 2026<\/h2>\n<p class=\"text-big\"><span style=\"font-weight: 400;\">Nous nous ferons un plaisir de vous accueillir au salon Interihotel \u00e0 <strong>IFEMA Madrid (Espange)<\/strong> du <strong>17 au 19 novembre 2026.<\/strong><\/span><\/p>\n<p class=\"text-big\"><span style=\"font-weight: 400;\">Bient\u00f4t plus d\u2019informations sur l\u2019\u00e9v\u00e9nement.<\/span><\/p>\n<p>[\/vc_column_text][\/vc_column][vc_column width=\u00a0\u00bb1\/2&Prime;][vc_single_image image=\u00a0\u00bb79160&Prime; img_size=\u00a0\u00bbfull\u00a0\u00bb css=\u00a0\u00bb\u00a0\u00bb el_class=\u00a0\u00bball-width\u00a0\u00bb][\/vc_column][\/vc_row][vc_row][vc_column][vc_separator color=\u00a0\u00bbblack\u00a0\u00bb css=\u00a0\u00bb\u00a0\u00bb el_class=\u00a0\u00bbcontainer\u00a0\u00bb][\/vc_column][\/vc_row][\/vc_section][vc_section el_class=\u00a0\u00bbseccion-image-text\u00a0\u00bb][vc_row css=\u00a0\u00bb.vc_custom_1732269794522{margin-top: 50px !important;margin-bottom: 50px !important;}\u00a0\u00bb el_class=\u00a0\u00bbcontainer\u00a0\u00bb][vc_column width=\u00a0\u00bb1\/2&Prime;][vc_column_text css=\u00a0\u00bb\u00a0\u00bb]<\/p>\n<h2 class=\"text-extrabig\">Interzum 2027<\/h2>\n<p class=\"text-big\"><span style=\"font-weight: 400;\">Nous nous ferons un plaisir de vous accueillir au salon Interzum \u00e0 <strong>Cologne (Allemagne)<\/strong> du <strong>11 au 14 mai 2027.<\/strong><\/span><\/p>\n<p class=\"text-big\"><span style=\"font-weight: 400;\">Bient\u00f4t plus d\u2019informations sur l\u2019\u00e9v\u00e9nement.<\/span><\/p>\n<p>[\/vc_column_text][\/vc_column][vc_column width=\u00a0\u00bb1\/2&Prime;][vc_single_image image=\u00a0\u00bb79316&Prime; img_size=\u00a0\u00bbfull\u00a0\u00bb css=\u00a0\u00bb\u00a0\u00bb el_class=\u00a0\u00bball-width\u00a0\u00bb][\/vc_column][\/vc_row][\/vc_section][vc_row][vc_column][vc_column_text css=\u00a0\u00bb\u00a0\u00bb]<div class=\"content_block\" id=\"custom_post_widget-2627\"><div class=\"cont--newsletter\">\n<div class=\"cont--text\">\n<h2>Infolettre<\/h2>\n<p>Abonnez-vous \u00e0 notre infolettre pour \u00eatre inform\u00e9 des nouveaut\u00e9s de la marque. Nous vous promettons de ne vous envoyer que les meilleures offres d&rsquo;Exit Fabrics.<\/p>\n<\/div>\n<div class=\"cont--form\"><!-- Begin Mailchimp Signup Form\n \t<link href=\"\/\/cdn-images.mailchimp.com\/embedcode\/classic-10_7.css\" rel=\"stylesheet\" type=\"text\/css\"> --><\/p>\n<div id=\"mc_embed_signup\">\n<form id=\"mc-embedded-subscribe-form\" class=\"validate\" action=\"https:\/\/exitfabrics.us6.list-manage.com\/subscribe\/post?u=6b698133f2616c5b6e7305a5d&amp;id=92a4824664\" method=\"post\" name=\"mc-embedded-subscribe-form\" novalidate=\"\" target=\"_blank\">\n<div id=\"mc_embed_signup_scroll\" class=\"cont--form-newsletter\">\n<div class=\"mc-field-group\"><label for=\"mce-EMAIL\">Email <\/label><br \/>\n<input id=\"mce-EMAIL\" class=\"required email\" name=\"EMAIL\" type=\"email\" value=\"\" \/><\/div>\n<div id=\"mce-responses\" class=\"clear\">\n<div id=\"mce-error-response\" class=\"response\" style=\"display: none;\"><\/div>\n<div id=\"mce-success-response\" class=\"response\" style=\"display: none;\"><\/div>\n<\/div>\n<p><!-- real people should not fill this in and expect good things - do not remove this or risk form bot signups--><\/p>\n<div style=\"position: absolute; left: -5000px;\" aria-hidden=\"true\"><input tabindex=\"-1\" name=\"b_6b698133f2616c5b6e7305a5d_92a4824664\" type=\"text\" value=\"\" \/><\/div>\n<\/div>\n<div class=\"clear\"><input id=\"mc-embedded-subscribe\" class=\"button\" name=\"subscribe\" type=\"submit\" value=\"Abonnez-vous\" \/><\/div>\n<\/form>\n<\/div>\n<p><script type='text\/javascript' src='\/\/s3.amazonaws.com\/downloads.mailchimp.com\/js\/mc-validate.js'><\/script><script type='text\/javascript'>(function($) {window.fnames = new Array(); window.ftypes = new Array();fnames[0]='EMAIL';ftypes[0]='email';fnames[1]='FNAME';ftypes[1]='text';fnames[2]='LNAME';ftypes[2]='text';fnames[4]='PHONE';ftypes[4]='phone';fnames[5]='MMERGE5';ftypes[5]='text';fnames[6]='MMERGE6';ftypes[6]='text';fnames[7]='MMERGE7';ftypes[7]='text';}(jQuery));var $mcj = jQuery.noConflict(true);<\/script><br \/>\n<!--End mc_embed_signup--><\/p>\n<\/div>\n<\/div>\n<\/div>[\/vc_column_text][\/vc_column][\/vc_row]<\/p>\n<\/div>","protected":false},"excerpt":{"rendered":"<p>[vc_row][vc_column][vc_single_image image=\u00a0\u00bb75191&Prime; img_size=\u00a0\u00bbfull\u00a0\u00bb css=\u00a0\u00bb\u00a0\u00bb el_class=\u00a0\u00bball-width\u00a0\u00bb][\/vc_column][\/vc_row][vc_row][vc_column el_class=\u00a0\u00bbcifras-carousel\u00a0\u00bb][\/vc_column][\/vc_row][vc_row][vc_column][vc_single_image image=\u00a0\u00bb75818&Prime; img_size=\u00a0\u00bbfull\u00a0\u00bb css=\u00a0\u00bb\u00a0\u00bb el_class=\u00a0\u00bball-width\u00a0\u00bb][\/vc_column][\/vc_row][vc_section el_class=\u00a0\u00bbseccion-image-text\u00a0\u00bb][vc_row css=\u00a0\u00bb.vc_custom_1732269794522{margin-top: 50px !important;margin-bottom: 50px !important;}\u00a0\u00bb el_class=\u00a0\u00bbcontainer\u00a0\u00bb][vc_column width=\u00a0\u00bb1\/2&Prime;][vc_column_text css=\u00a0\u00bb\u00a0\u00bb] in | workspace spain 2026 Nous nous ferons un plaisir de vous accueillir au salon In|Workspace \u00e0 Madrid (Espagne)\u00a0du 12 et 13 mai 2026. Bient\u00f4t plus d\u2019informations sur l\u2019\u00e9v\u00e9nement. [\/vc_column_text][\/vc_column][vc_column width=\u00a0\u00bb1\/2&Prime;][vc_single_image image=\u00a0\u00bb79152&Prime; img_size=\u00a0\u00bbfull\u00a0\u00bb css=\u00a0\u00bb\u00a0\u00bb el_class=\u00a0\u00bball-width\u00a0\u00bb][\/vc_column][\/vc_row][vc_row][vc_column][vc_separator color=\u00a0\u00bbblack\u00a0\u00bb [&#8230;]<\/p>\n<p><a class=\"btn btn-secondary understrap-read-more-link\" href=\"https:\/\/exitfabrics.com\/fr\/foires\/\">Lire la suite\u2026<span class=\"screen-reader-text\"> from Foires<\/span><\/a><\/p>\n","protected":false},"author":1,"featured_media":0,"parent":0,"menu_order":0,"comment_status":"closed","ping_status":"closed","template":"page-templates\/fullwidthpage-header-white.php","meta":{"_acf_changed":false,"footnotes":""},"class_list":["post-75844","page","type-page","status-publish","hentry"],"acf":[],"yoast_head":"<!-- This site is optimized with the Yoast SEO plugin v27.3 - https:\/\/yoast.com\/product\/yoast-seo-wordpress\/ -->\n<title>Foires - Exit Fabrics<\/title>\n<meta name=\"robots\" content=\"index, follow, max-snippet:-1, max-image-preview:large, max-video-preview:-1\" \/>\n<link rel=\"canonical\" href=\"https:\/\/exitfabrics.com\/fr\/foires\/\" \/>\n<meta property=\"og:locale\" content=\"fr_FR\" \/>\n<meta property=\"og:type\" content=\"article\" \/>\n<meta property=\"og:title\" content=\"Foires - Exit Fabrics\" \/>\n<meta property=\"og:description\" content=\"[vc_row][vc_column][vc_single_image image=\u00a0\u00bb75191&Prime; img_size=\u00a0\u00bbfull\u00a0\u00bb css=\u00a0\u00bb\u00a0\u00bb el_class=\u00a0\u00bball-width\u00a0\u00bb][\/vc_column][\/vc_row][vc_row][vc_column el_class=\u00a0\u00bbcifras-carousel\u00a0\u00bb][\/vc_column][\/vc_row][vc_row][vc_column][vc_single_image image=\u00a0\u00bb75818&Prime; img_size=\u00a0\u00bbfull\u00a0\u00bb css=\u00a0\u00bb\u00a0\u00bb el_class=\u00a0\u00bball-width\u00a0\u00bb][\/vc_column][\/vc_row][vc_section el_class=\u00a0\u00bbseccion-image-text\u00a0\u00bb][vc_row css=\u00a0\u00bb.vc_custom_1732269794522{margin-top: 50px !important;margin-bottom: 50px !important;}\u00a0\u00bb el_class=\u00a0\u00bbcontainer\u00a0\u00bb][vc_column width=\u00a0\u00bb1\/2&Prime;][vc_column_text css=\u00a0\u00bb\u00a0\u00bb] in | workspace spain 2026 Nous nous ferons un plaisir de vous accueillir au salon In|Workspace \u00e0 Madrid (Espagne)\u00a0du 12 et 13 mai 2026. Bient\u00f4t plus d\u2019informations sur l\u2019\u00e9v\u00e9nement. [\/vc_column_text][\/vc_column][vc_column width=\u00a0\u00bb1\/2&Prime;][vc_single_image image=\u00a0\u00bb79152&Prime; img_size=\u00a0\u00bbfull\u00a0\u00bb css=\u00a0\u00bb\u00a0\u00bb el_class=\u00a0\u00bball-width\u00a0\u00bb][\/vc_column][\/vc_row][vc_row][vc_column][vc_separator color=\u00a0\u00bbblack\u00a0\u00bb [...]Lire la suite\u2026 from Foires\" \/>\n<meta property=\"og:url\" content=\"https:\/\/exitfabrics.com\/fr\/foires\/\" \/>\n<meta property=\"og:site_name\" content=\"Exit Fabrics\" \/>\n<meta property=\"article:modified_time\" content=\"2026-01-15T13:58:49+00:00\" \/>\n<meta name=\"twitter:card\" content=\"summary_large_image\" \/>\n<meta name=\"twitter:label1\" content=\"Dur\u00e9e de lecture estim\u00e9e\" \/>\n\t<meta name=\"twitter:data1\" content=\"3 minutes\" \/>\n<script type=\"application\/ld+json\" class=\"yoast-schema-graph\">{\"@context\":\"https:\\\/\\\/schema.org\",\"@graph\":[{\"@type\":\"WebPage\",\"@id\":\"https:\\\/\\\/exitfabrics.com\\\/fr\\\/foires\\\/\",\"url\":\"https:\\\/\\\/exitfabrics.com\\\/fr\\\/foires\\\/\",\"name\":\"Foires - Exit Fabrics\",\"isPartOf\":{\"@id\":\"https:\\\/\\\/exitfabrics.com\\\/es\\\/#website\"},\"datePublished\":\"2024-11-18T11:52:22+00:00\",\"dateModified\":\"2026-01-15T13:58:49+00:00\",\"breadcrumb\":{\"@id\":\"https:\\\/\\\/exitfabrics.com\\\/fr\\\/foires\\\/#breadcrumb\"},\"inLanguage\":\"fr-FR\",\"potentialAction\":[{\"@type\":\"ReadAction\",\"target\":[\"https:\\\/\\\/exitfabrics.com\\\/fr\\\/foires\\\/\"]}]},{\"@type\":\"BreadcrumbList\",\"@id\":\"https:\\\/\\\/exitfabrics.com\\\/fr\\\/foires\\\/#breadcrumb\",\"itemListElement\":[{\"@type\":\"ListItem\",\"position\":1,\"name\":\"Home\",\"item\":\"https:\\\/\\\/exitfabrics.com\\\/fr\\\/\"},{\"@type\":\"ListItem\",\"position\":2,\"name\":\"Foires\"}]},{\"@type\":\"WebSite\",\"@id\":\"https:\\\/\\\/exitfabrics.com\\\/es\\\/#website\",\"url\":\"https:\\\/\\\/exitfabrics.com\\\/es\\\/\",\"name\":\"Exit Fabrics\",\"description\":\"Upholstery for all needs\",\"publisher\":{\"@id\":\"https:\\\/\\\/exitfabrics.com\\\/es\\\/#organization\"},\"potentialAction\":[{\"@type\":\"SearchAction\",\"target\":{\"@type\":\"EntryPoint\",\"urlTemplate\":\"https:\\\/\\\/exitfabrics.com\\\/es\\\/?s={search_term_string}\"},\"query-input\":{\"@type\":\"PropertyValueSpecification\",\"valueRequired\":true,\"valueName\":\"search_term_string\"}}],\"inLanguage\":\"fr-FR\"},{\"@type\":\"Organization\",\"@id\":\"https:\\\/\\\/exitfabrics.com\\\/es\\\/#organization\",\"name\":\"Exit Fabrics\",\"url\":\"https:\\\/\\\/exitfabrics.com\\\/es\\\/\",\"logo\":{\"@type\":\"ImageObject\",\"inLanguage\":\"fr-FR\",\"@id\":\"https:\\\/\\\/exitfabrics.com\\\/es\\\/#\\\/schema\\\/logo\\\/image\\\/\",\"url\":\"https:\\\/\\\/exitfabrics.com\\\/wp-content\\\/uploads\\\/2019\\\/07\\\/logo-black.png\",\"contentUrl\":\"https:\\\/\\\/exitfabrics.com\\\/wp-content\\\/uploads\\\/2019\\\/07\\\/logo-black.png\",\"width\":230,\"height\":64,\"caption\":\"Exit Fabrics\"},\"image\":{\"@id\":\"https:\\\/\\\/exitfabrics.com\\\/es\\\/#\\\/schema\\\/logo\\\/image\\\/\"},\"sameAs\":[\"https:\\\/\\\/www.instagram.com\\\/exitfabrics\\\/\",\"https:\\\/\\\/www.linkedin.com\\\/company\\\/exit-fabrics\\\/\"]}]}<\/script>\n<!-- \/ Yoast SEO plugin. -->","yoast_head_json":{"title":"Foires - Exit Fabrics","robots":{"index":"index","follow":"follow","max-snippet":"max-snippet:-1","max-image-preview":"max-image-preview:large","max-video-preview":"max-video-preview:-1"},"canonical":"https:\/\/exitfabrics.com\/fr\/foires\/","og_locale":"fr_FR","og_type":"article","og_title":"Foires - Exit Fabrics","og_description":"[vc_row][vc_column][vc_single_image image=\u00a0\u00bb75191&Prime; img_size=\u00a0\u00bbfull\u00a0\u00bb css=\u00a0\u00bb\u00a0\u00bb el_class=\u00a0\u00bball-width\u00a0\u00bb][\/vc_column][\/vc_row][vc_row][vc_column el_class=\u00a0\u00bbcifras-carousel\u00a0\u00bb][\/vc_column][\/vc_row][vc_row][vc_column][vc_single_image image=\u00a0\u00bb75818&Prime; img_size=\u00a0\u00bbfull\u00a0\u00bb css=\u00a0\u00bb\u00a0\u00bb el_class=\u00a0\u00bball-width\u00a0\u00bb][\/vc_column][\/vc_row][vc_section el_class=\u00a0\u00bbseccion-image-text\u00a0\u00bb][vc_row css=\u00a0\u00bb.vc_custom_1732269794522{margin-top: 50px !important;margin-bottom: 50px !important;}\u00a0\u00bb el_class=\u00a0\u00bbcontainer\u00a0\u00bb][vc_column width=\u00a0\u00bb1\/2&Prime;][vc_column_text css=\u00a0\u00bb\u00a0\u00bb] in | workspace spain 2026 Nous nous ferons un plaisir de vous accueillir au salon In|Workspace \u00e0 Madrid (Espagne)\u00a0du 12 et 13 mai 2026. Bient\u00f4t plus d\u2019informations sur l\u2019\u00e9v\u00e9nement. [\/vc_column_text][\/vc_column][vc_column width=\u00a0\u00bb1\/2&Prime;][vc_single_image image=\u00a0\u00bb79152&Prime; img_size=\u00a0\u00bbfull\u00a0\u00bb css=\u00a0\u00bb\u00a0\u00bb el_class=\u00a0\u00bball-width\u00a0\u00bb][\/vc_column][\/vc_row][vc_row][vc_column][vc_separator color=\u00a0\u00bbblack\u00a0\u00bb [...]Lire la suite\u2026 from Foires","og_url":"https:\/\/exitfabrics.com\/fr\/foires\/","og_site_name":"Exit Fabrics","article_modified_time":"2026-01-15T13:58:49+00:00","twitter_card":"summary_large_image","twitter_misc":{"Dur\u00e9e de lecture estim\u00e9e":"3 minutes"},"schema":{"@context":"https:\/\/schema.org","@graph":[{"@type":"WebPage","@id":"https:\/\/exitfabrics.com\/fr\/foires\/","url":"https:\/\/exitfabrics.com\/fr\/foires\/","name":"Foires - Exit Fabrics","isPartOf":{"@id":"https:\/\/exitfabrics.com\/es\/#website"},"datePublished":"2024-11-18T11:52:22+00:00","dateModified":"2026-01-15T13:58:49+00:00","breadcrumb":{"@id":"https:\/\/exitfabrics.com\/fr\/foires\/#breadcrumb"},"inLanguage":"fr-FR","potentialAction":[{"@type":"ReadAction","target":["https:\/\/exitfabrics.com\/fr\/foires\/"]}]},{"@type":"BreadcrumbList","@id":"https:\/\/exitfabrics.com\/fr\/foires\/#breadcrumb","itemListElement":[{"@type":"ListItem","position":1,"name":"Home","item":"https:\/\/exitfabrics.com\/fr\/"},{"@type":"ListItem","position":2,"name":"Foires"}]},{"@type":"WebSite","@id":"https:\/\/exitfabrics.com\/es\/#website","url":"https:\/\/exitfabrics.com\/es\/","name":"Exit Fabrics","description":"Upholstery for all needs","publisher":{"@id":"https:\/\/exitfabrics.com\/es\/#organization"},"potentialAction":[{"@type":"SearchAction","target":{"@type":"EntryPoint","urlTemplate":"https:\/\/exitfabrics.com\/es\/?s={search_term_string}"},"query-input":{"@type":"PropertyValueSpecification","valueRequired":true,"valueName":"search_term_string"}}],"inLanguage":"fr-FR"},{"@type":"Organization","@id":"https:\/\/exitfabrics.com\/es\/#organization","name":"Exit Fabrics","url":"https:\/\/exitfabrics.com\/es\/","logo":{"@type":"ImageObject","inLanguage":"fr-FR","@id":"https:\/\/exitfabrics.com\/es\/#\/schema\/logo\/image\/","url":"https:\/\/exitfabrics.com\/wp-content\/uploads\/2019\/07\/logo-black.png","contentUrl":"https:\/\/exitfabrics.com\/wp-content\/uploads\/2019\/07\/logo-black.png","width":230,"height":64,"caption":"Exit Fabrics"},"image":{"@id":"https:\/\/exitfabrics.com\/es\/#\/schema\/logo\/image\/"},"sameAs":["https:\/\/www.instagram.com\/exitfabrics\/","https:\/\/www.linkedin.com\/company\/exit-fabrics\/"]}]}},"_links":{"self":[{"href":"https:\/\/exitfabrics.com\/fr\/wp-json\/wp\/v2\/pages\/75844","targetHints":{"allow":["GET"]}}],"collection":[{"href":"https:\/\/exitfabrics.com\/fr\/wp-json\/wp\/v2\/pages"}],"about":[{"href":"https:\/\/exitfabrics.com\/fr\/wp-json\/wp\/v2\/types\/page"}],"author":[{"embeddable":true,"href":"https:\/\/exitfabrics.com\/fr\/wp-json\/wp\/v2\/users\/1"}],"replies":[{"embeddable":true,"href":"https:\/\/exitfabrics.com\/fr\/wp-json\/wp\/v2\/comments?post=75844"}],"version-history":[{"count":4,"href":"https:\/\/exitfabrics.com\/fr\/wp-json\/wp\/v2\/pages\/75844\/revisions"}],"predecessor-version":[{"id":79481,"href":"https:\/\/exitfabrics.com\/fr\/wp-json\/wp\/v2\/pages\/75844\/revisions\/79481"}],"wp:attachment":[{"href":"https:\/\/exitfabrics.com\/fr\/wp-json\/wp\/v2\/media?parent=75844"}],"curies":[{"name":"wp","href":"https:\/\/api.w.org\/{rel}","templated":true}]}}