{"id":24035,"date":"2019-07-30T17:36:16","date_gmt":"2019-07-30T15:36:16","guid":{"rendered":"https:\/\/exitfabrics.com\/cookies\/"},"modified":"2022-03-29T11:44:03","modified_gmt":"2022-03-29T09:44:03","slug":"politique-de-cookies","status":"publish","type":"page","link":"https:\/\/exitfabrics.com\/fr\/politique-de-cookies\/","title":{"rendered":"Politique de cookies"},"content":{"rendered":"<div class=\"wpb-content-wrapper\"><p>[vc_row][vc_column][vc_column_text]Afin d\u2019obtenir un fonctionnement optimal de notre site Web, nous utilisons des cookies. Les cookies sont des proc\u00e9dures automatiques de collecte de donn\u00e9es concernant la navigation sur le site Web, afin de reconna\u00eetre l\u2019utilisateur en tant que visiteur r\u00e9current et de personnaliser son exp\u00e9rience. Entre autres, ils permettent d\u2019obtenir des donn\u00e9es telles que la langue de navigation de l\u2019utilisateur, le pays, la connexion, les caract\u00e9ristiques du navigateur, voire des informations sur la date et l\u2019heure de la derni\u00e8re visite, les param\u00e8tres de trafic au sein du site Web et le nombre de visites.<br \/>\nPratiquement toutes les pages Web utilisent des cookies car beaucoup d\u2019entre eux sont indispensables au bon fonctionnement de diff\u00e9rents services et fonctionnalit\u00e9s, tels que les services d\u2019achat ou d\u2019inscription ou la connexion aux r\u00e9seaux sociaux.<br \/>\nSi vous utilisez un param\u00e8tre de s\u00e9curit\u00e9 moyen ou faible permettant l\u2019installation automatique de cookies lors de la navigation sur notre site Web, nous consid\u00e9rerons que vous consentez tacitement \u00e0 leur installation.<br \/>\nEXIT FABRICS, \u00e0 travers son site Web, utilise les cookies suivants :<\/p>\n<table class=\"wt-cli-element cookielawinfo-classic cookielawinfo-row-cat-table\"><thead><tr><th scope=\"col\" class=\"cookielawinfo-column-1\">Cookie<\/th><th scope=\"col\" class=\"cookielawinfo-column-3\">Dur\u00e9e<\/th><th scope=\"col\" class=\"cookielawinfo-column-4\">Description<\/th><\/thead><tbody><tr class=\"cookielawinfo-row-cat-title\"><th colspan=\"3\" class=\"cookielawinfo-row-cat-title-head\">N\u00e9cessaire<\/th><\/tr><tr class=\"cookielawinfo-row\"><td class=\"cookielawinfo-column-1\">cookielawinfo-checkbox-analytics<\/td><td class=\"cookielawinfo-column-3\"><\/td><td class=\"cookielawinfo-column-4\">Set by the GDPR Cookie Consent plugin, this cookie is used to record the user consent for the cookies in the \"Analytics\" category .<\/td><\/tr><tr class=\"cookielawinfo-row\"><td class=\"cookielawinfo-column-1\">cookielawinfo-checkbox-performance<\/td><td class=\"cookielawinfo-column-3\"><\/td><td class=\"cookielawinfo-column-4\">Set by the GDPR Cookie Consent plugin, this cookie is used to store the user consent for cookies in the category \"Performance\".<\/td><\/tr><tr class=\"cookielawinfo-row\"><td class=\"cookielawinfo-column-1\">cookielawinfo-checkbox-advertisement<\/td><td class=\"cookielawinfo-column-3\"><\/td><td class=\"cookielawinfo-column-4\">Set by the GDPR Cookie Consent plugin, this cookie is used to record the user consent for the cookies in the \"Advertisement\" category .<\/td><\/tr><tr class=\"cookielawinfo-row\"><td class=\"cookielawinfo-column-1\">_GRECAPTCHA<\/td><td class=\"cookielawinfo-column-3\"><\/td><td class=\"cookielawinfo-column-4\">This cookie is set by the Google recaptcha service to identify bots to protect the website against malicious spam attacks.<\/td><\/tr><tr class=\"cookielawinfo-row\"><td class=\"cookielawinfo-column-1\">cookielawinfo-checkbox-necessaires<\/td><td class=\"cookielawinfo-column-3\"><\/td><td class=\"cookielawinfo-column-4\">Set by the GDPR Cookie Consent plugin, this cookie is used to store the user consent for cookies in the category \"Necessary\".<\/td><\/tr><tr class=\"cookielawinfo-row\"><td class=\"cookielawinfo-column-1\">cookielawinfo-checkbox-analytiques<\/td><td class=\"cookielawinfo-column-3\"><\/td><td class=\"cookielawinfo-column-4\">Set by the GDPR Cookie Consent plugin to store the user consent for cookies in the category \"Analytics\".<\/td><\/tr><tr class=\"cookielawinfo-row\"><td class=\"cookielawinfo-column-1\">cookielawinfo-checkbox-necessary<\/td><td class=\"cookielawinfo-column-3\"><\/td><td class=\"cookielawinfo-column-4\">Set by the GDPR Cookie Consent plugin, this cookie is used to record the user consent for the cookies in the \"Necessary\" category .<\/td><\/tr><tr class=\"cookielawinfo-row\"><td class=\"cookielawinfo-column-1\">CookieLawInfoConsent<\/td><td class=\"cookielawinfo-column-3\"><\/td><td class=\"cookielawinfo-column-4\">Records the default button state of the corresponding category &amp; the status of CCPA. It works only in coordination with the primary cookie.<\/td><\/tr><tr class=\"cookielawinfo-row\"><td class=\"cookielawinfo-column-1\">JSESSIONID<\/td><td class=\"cookielawinfo-column-3\"><\/td><td class=\"cookielawinfo-column-4\">The JSESSIONID cookie is used by New Relic to store a session identifier so that New Relic can monitor session counts for an application.<\/td><\/tr><tr class=\"cookielawinfo-row-cat-title\"><th colspan=\"3\" class=\"cookielawinfo-row-cat-title-head\">Analytique<\/th><\/tr><tr class=\"cookielawinfo-row\"><td class=\"cookielawinfo-column-1\">CONSENT<\/td><td class=\"cookielawinfo-column-3\"><\/td><td class=\"cookielawinfo-column-4\">YouTube sets this cookie via embedded youtube-videos and registers anonymous statistical data.<\/td><\/tr><tr class=\"cookielawinfo-row\"><td class=\"cookielawinfo-column-1\">_ga_VTBKQH2Q8G<\/td><td class=\"cookielawinfo-column-3\"><\/td><td class=\"cookielawinfo-column-4\">This cookie is installed by Google Analytics.<\/td><\/tr><tr class=\"cookielawinfo-row\"><td class=\"cookielawinfo-column-1\">_gat_UA-80720938-1<\/td><td class=\"cookielawinfo-column-3\"><\/td><td class=\"cookielawinfo-column-4\">A variation of the _gat cookie set by Google Analytics and Google Tag Manager to allow website owners to track visitor behaviour and measure site performance. The pattern element in the name contains the unique identity number of the account or website it relates to.<\/td><\/tr><tr class=\"cookielawinfo-row\"><td class=\"cookielawinfo-column-1\">_gat_UA-80720938-1<\/td><td class=\"cookielawinfo-column-3\"><\/td><td class=\"cookielawinfo-column-4\">A variation of the _gat cookie set by Google Analytics and Google Tag Manager to allow website owners to track visitor behaviour and measure site performance. The pattern element in the name contains the unique identity number of the account or website it relates to.<\/td><\/tr><tr class=\"cookielawinfo-row-cat-title\"><th colspan=\"3\" class=\"cookielawinfo-row-cat-title-head\">PERFORMANCE<\/th><\/tr><tr class=\"cookielawinfo-row\"><td class=\"cookielawinfo-column-1\">_gat<\/td><td class=\"cookielawinfo-column-3\">1 minute<\/td><td class=\"cookielawinfo-column-4\">Ces cookies sont install\u00e9s par Google Universal Analytics dans le but de r\u00e9duire le taux de demandes et de limiter la collecte de donn\u00e9es sur les sites \u00e0 fort trafic.<\/td><\/tr><tr class=\"cookielawinfo-row-cat-title\"><th colspan=\"3\" class=\"cookielawinfo-row-cat-title-head\">PUBLICIT\u00c9<\/th><\/tr><tr class=\"cookielawinfo-row\"><td class=\"cookielawinfo-column-1\">fr<\/td><td class=\"cookielawinfo-column-3\"><\/td><td class=\"cookielawinfo-column-4\">Facebook sets this cookie to show relevant advertisements to users by tracking user behaviour across the web, on sites that have Facebook pixel or Facebook social plugin.<\/td><\/tr><tr class=\"cookielawinfo-row\"><td class=\"cookielawinfo-column-1\">YSC<\/td><td class=\"cookielawinfo-column-3\"><\/td><td class=\"cookielawinfo-column-4\">YSC cookie is set by Youtube and is used to track the views of embedded videos on Youtube pages.<\/td><\/tr><tr class=\"cookielawinfo-row\"><td class=\"cookielawinfo-column-1\">VISITOR_INFO1_LIVE<\/td><td class=\"cookielawinfo-column-3\"><\/td><td class=\"cookielawinfo-column-4\">A cookie set by YouTube to measure bandwidth that determines whether the user gets the new or old player interface.<\/td><\/tr><tr class=\"cookielawinfo-row\"><td class=\"cookielawinfo-column-1\">yt-remote-device-id<\/td><td class=\"cookielawinfo-column-3\"><\/td><td class=\"cookielawinfo-column-4\">YouTube sets this cookie to store the video preferences of the user using embedded YouTube video.<\/td><\/tr><tr class=\"cookielawinfo-row\"><td class=\"cookielawinfo-column-1\">yt.innertube::requests<\/td><td class=\"cookielawinfo-column-3\"><\/td><td class=\"cookielawinfo-column-4\">This cookie, set by YouTube, registers a unique ID to store data on what videos from YouTube the user has seen.<\/td><\/tr><tr class=\"cookielawinfo-row\"><td class=\"cookielawinfo-column-1\">yt.innertube::nextId<\/td><td class=\"cookielawinfo-column-3\"><\/td><td class=\"cookielawinfo-column-4\">This cookie, set by YouTube, registers a unique ID to store data on what videos from YouTube the user has seen.<\/td><\/tr><tr class=\"cookielawinfo-row\"><td class=\"cookielawinfo-column-1\">yt-remote-connected-devices<\/td><td class=\"cookielawinfo-column-3\"><\/td><td class=\"cookielawinfo-column-4\">YouTube sets this cookie to store the video preferences of the user using embedded YouTube video.<\/td><\/tr><tr class=\"cookielawinfo-row\"><td class=\"cookielawinfo-column-1\">_fbp<\/td><td class=\"cookielawinfo-column-3\"><\/td><td class=\"cookielawinfo-column-4\">This cookie is set by Facebook to display advertisements when either on Facebook or on a digital platform powered by Facebook advertising, after visiting the website.<\/td><\/tr><tr class=\"cookielawinfo-row\"><td class=\"cookielawinfo-column-1\">NID<\/td><td class=\"cookielawinfo-column-3\">6 mois<\/td><td class=\"cookielawinfo-column-4\">Ce cookie est utilis\u00e9 pour cr\u00e9er un profil bas\u00e9 sur l\u2019int\u00e9r\u00eat de l\u2019utilisateur et afficher des publicit\u00e9s personnalis\u00e9es pour les utilisateurs.<\/td><\/tr><tr class=\"cookielawinfo-row-cat-title\"><th colspan=\"3\" class=\"cookielawinfo-row-cat-title-head\">N\u00c9CESSAIRES<\/th><\/tr><tr class=\"cookielawinfo-row\"><td class=\"cookielawinfo-column-1\">viewed_cookie_policy<\/td><td class=\"cookielawinfo-column-3\">1 heure<\/td><td class=\"cookielawinfo-column-4\">Le cookie est d\u00e9fini par le plugin de consentement des cookies du RGPD et est utilis\u00e9 pour enregistrer si l\u2019utilisateur a donn\u00e9 son consentement ou non \u00e0 l\u2019utilisation de cookies. Il ne stocke aucune donn\u00e9e personnelle.<\/td><\/tr><tr class=\"cookielawinfo-row-cat-title\"><th colspan=\"3\" class=\"cookielawinfo-row-cat-title-head\">ANALYTIQUES<\/th><\/tr><tr class=\"cookielawinfo-row\"><td class=\"cookielawinfo-column-1\">_ga<\/td><td class=\"cookielawinfo-column-3\">2 ans<\/td><td class=\"cookielawinfo-column-4\">Ce cookie est install\u00e9 par Google Analytics. Le cookie est utilis\u00e9 pour calculer les donn\u00e9es des visiteurs, des sessions, des campagnes et pour r\u00e9aliser un suivi de l\u2019utilisation du site pour le rapport analytique de celui-ci. Les cookies stockent des informations de mani\u00e8re anonyme et attribuent un num\u00e9ro g\u00e9n\u00e9r\u00e9 de mani\u00e8re al\u00e9atoire pour identifier les visiteurs uniques.<\/td><\/tr><tr class=\"cookielawinfo-row\"><td class=\"cookielawinfo-column-1\">_gid<\/td><td class=\"cookielawinfo-column-3\">1 jour<\/td><td class=\"cookielawinfo-column-4\">Ce cookie est install\u00e9 par Google Analytics. Le cookie est utilis\u00e9 pour stocker des informations concernant le mode d\u2019utilisation d\u2019un site Web par les visiteurs et aide \u00e0 cr\u00e9er un rapport analytique sur le fonctionnement du site Web. Les donn\u00e9es recueillies comprennent le nombre de visiteurs, la source d\u2019o\u00f9 ils proviennent et les pages visit\u00e9es de mani\u00e8re anonyme.<\/td><\/tr><tr class=\"cookielawinfo-row-cat-title\"><th colspan=\"3\" class=\"cookielawinfo-row-cat-title-head\">Others<\/th><\/tr><tr class=\"cookielawinfo-row\"><td class=\"cookielawinfo-column-1\">wp-wpml_current_language<\/td><td class=\"cookielawinfo-column-3\"><\/td><td class=\"cookielawinfo-column-4\">No description available.<\/td><\/tr><\/tbody><\/table>\n<p>&nbsp;<\/p>\n<p>Comment d\u00e9sactiver les cookies ?<\/p>\n<p>Notre souhait \u00e9tant que vous puissiez naviguer de mani\u00e8re optimale sur le site Web, les cookies sont automatiquement activ\u00e9s lorsque vous y entrez. Cependant, si vous souhaitez les d\u00e9sactiver (ou les r\u00e9activer), vous devez le faire vous-m\u00eame via votre navigateur. D\u2019autre part, si votre navigateur est d\u00e9j\u00e0 configur\u00e9 pour ne pas accepter les cookies par d\u00e9faut, il est possible que notre site Web ne fonctionne pas correctement. Ci-dessous, nous vous fournissons des informations sur le mode d\u2019activation et de d\u00e9sactivation des cookies dans les principaux navigateurs Web :<\/p>\n<ul>\n<li>Si vous utilisez Microsoft Internet Explorer, dans l\u2019option de menu Outils &gt; Options Internet &gt; Confidentialit\u00e9 &gt; Param\u00e8tres.<\/li>\n<li>Si vous utilisez Firefox, dans l\u2019option de menu Outils &gt; Options &gt; Confidentialit\u00e9 &gt; Cookies.<\/li>\n<li>Si vous utilisez Google Chrome, dans l\u2019option de menu Param\u00e8tres &gt; Confidentialit\u00e9.<\/li>\n<li>Si vous utilisez Safari, dans l\u2019option de menu Pr\u00e9f\u00e9rences &gt; S\u00e9curit\u00e9.<\/li>\n<\/ul>\n<p>Si votre navigateur ne figure pas dans la liste ci-dessus, vous trouverez les instructions n\u00e9cessaires pour modifier les param\u00e8tres dans la section \u00ab Aide \u00bb du navigateur.<br \/>\nVous devez savoir que le blocage des cookies ou la limitation de leur installation peut entra\u00eener le dysfonctionnement de certaines caract\u00e9ristiques du site Web ou un acc\u00e8s plus difficile ou plus lent \u00e0 celles-ci.<br \/>\nAu lieu de bloquer les cookies, vous pourriez activer le mode priv\u00e9 de votre navigateur. Ce mode permet de naviguer dans les pages, sans que celles-ci soient enregistr\u00e9es dans l\u2019historique du navigateur, dans le magasin des cookies ou dans l\u2019historique des recherches, une fois que l\u2019utilisateur aura ferm\u00e9 tous les onglets incognito. Ci-dessous, vous trouverez plusieurs liens expliquant comment activer le mode incognito dans les principaux navigateurs :<\/p>\n<ul>\n<li><a href=\"http:\/\/windows.microsoft.com\/es-es\/internet-explorer\/products\/ie-9\/features\/in-private\">Internet Explorer : InPrivate<\/a><\/li>\n<li><a href=\"https:\/\/support.mozilla.org\/en\/kb\/private-browsing-Firefox-no-save-browsing-history\">FireFox : Navigation priv\u00e9e<\/a><\/li>\n<li><a href=\"https:\/\/support.google.com\/chrome\/answer\/95464?co=GENIE.Platform%253DDesktop&amp;hl=es\">Google Chrome : Incognito<\/a><\/li>\n<li><a href=\"https:\/\/support.apple.com\/en-us\/guide\/safari\/ibrw1069\/mac\">Safari : Navigation priv\u00e9e<\/a><\/li>\n<li><a href=\"http:\/\/help.opera.com\/Windows\/12.00\/es-ES\/private.html\">Op\u00e9ra : Navigation priv\u00e9e<\/a><\/li>\n<\/ul>\n<p>Pour en savoir plus, EXIT FABRICS recommande la lecture de la section d\u2019aide du navigateur.<br \/>\nMerci beaucoup et profitez bien de votre navigation !<\/p>\n<div class=\"cookies-page\"><a id=\"wt-cli-settings-btn\" tabindex=\"0\" role='button' style=\"border:1px solid rgb(255, 252, 252); text-decoration:none; padding:8px 25px; border-radius:0px;\" class=\"wt-cli-element medium cli-plugin-button cli-plugin-main-button cli_settings_button\" >Configurer les cookies<\/a><\/div>\n<p>Param\u00e8tres des cookies. Derni\u00e8re modification : 30 octobre 2020[\/vc_column_text][\/vc_column][\/vc_row]<\/p>\n<\/div>","protected":false},"excerpt":{"rendered":"<p>[vc_row][vc_column][vc_column_text]Afin d\u2019obtenir un fonctionnement optimal de notre site Web, nous utilisons des cookies. Les cookies sont des proc\u00e9dures automatiques de collecte de donn\u00e9es concernant la navigation sur le site Web, afin de reconna\u00eetre l\u2019utilisateur en tant que visiteur r\u00e9current et de personnaliser son exp\u00e9rience. Entre autres, ils permettent d\u2019obtenir des donn\u00e9es telles que la langue [&#8230;]<\/p>\n<p><a class=\"btn btn-secondary understrap-read-more-link\" href=\"https:\/\/exitfabrics.com\/fr\/politique-de-cookies\/\">Lire la suite\u2026<span class=\"screen-reader-text\"> from Politique de cookies<\/span><\/a><\/p>\n","protected":false},"author":1,"featured_media":0,"parent":0,"menu_order":0,"comment_status":"closed","ping_status":"closed","template":"","meta":{"_acf_changed":false,"footnotes":""},"class_list":["post-24035","page","type-page","status-publish","hentry"],"acf":[],"yoast_head":"<!-- This site is optimized with the Yoast SEO plugin v27.3 - https:\/\/yoast.com\/product\/yoast-seo-wordpress\/ -->\n<title>Politique de cookies - Exit Fabrics<\/title>\n<meta name=\"robots\" content=\"index, follow, max-snippet:-1, max-image-preview:large, max-video-preview:-1\" \/>\n<link rel=\"canonical\" href=\"https:\/\/exitfabrics.com\/fr\/politique-de-cookies\/\" \/>\n<meta property=\"og:locale\" content=\"fr_FR\" \/>\n<meta property=\"og:type\" content=\"article\" \/>\n<meta property=\"og:title\" content=\"Politique de cookies - Exit Fabrics\" \/>\n<meta property=\"og:description\" content=\"[vc_row][vc_column][vc_column_text]Afin d\u2019obtenir un fonctionnement optimal de notre site Web, nous utilisons des cookies. Les cookies sont des proc\u00e9dures automatiques de collecte de donn\u00e9es concernant la navigation sur le site Web, afin de reconna\u00eetre l\u2019utilisateur en tant que visiteur r\u00e9current et de personnaliser son exp\u00e9rience. Entre autres, ils permettent d\u2019obtenir des donn\u00e9es telles que la langue [...]Lire la suite\u2026 from Politique de cookies\" \/>\n<meta property=\"og:url\" content=\"https:\/\/exitfabrics.com\/fr\/politique-de-cookies\/\" \/>\n<meta property=\"og:site_name\" content=\"Exit Fabrics\" \/>\n<meta property=\"article:modified_time\" content=\"2022-03-29T09:44:03+00:00\" \/>\n<meta name=\"twitter:card\" content=\"summary_large_image\" \/>\n<meta name=\"twitter:label1\" content=\"Dur\u00e9e de lecture estim\u00e9e\" \/>\n\t<meta name=\"twitter:data1\" content=\"3 minutes\" \/>\n<script type=\"application\/ld+json\" class=\"yoast-schema-graph\">{\"@context\":\"https:\\\/\\\/schema.org\",\"@graph\":[{\"@type\":\"WebPage\",\"@id\":\"https:\\\/\\\/exitfabrics.com\\\/fr\\\/politique-de-cookies\\\/\",\"url\":\"https:\\\/\\\/exitfabrics.com\\\/fr\\\/politique-de-cookies\\\/\",\"name\":\"Politique de cookies - Exit Fabrics\",\"isPartOf\":{\"@id\":\"https:\\\/\\\/exitfabrics.com\\\/es\\\/#website\"},\"datePublished\":\"2019-07-30T15:36:16+00:00\",\"dateModified\":\"2022-03-29T09:44:03+00:00\",\"breadcrumb\":{\"@id\":\"https:\\\/\\\/exitfabrics.com\\\/fr\\\/politique-de-cookies\\\/#breadcrumb\"},\"inLanguage\":\"fr-FR\",\"potentialAction\":[{\"@type\":\"ReadAction\",\"target\":[\"https:\\\/\\\/exitfabrics.com\\\/fr\\\/politique-de-cookies\\\/\"]}]},{\"@type\":\"BreadcrumbList\",\"@id\":\"https:\\\/\\\/exitfabrics.com\\\/fr\\\/politique-de-cookies\\\/#breadcrumb\",\"itemListElement\":[{\"@type\":\"ListItem\",\"position\":1,\"name\":\"Home\",\"item\":\"https:\\\/\\\/exitfabrics.com\\\/fr\\\/\"},{\"@type\":\"ListItem\",\"position\":2,\"name\":\"Politique de cookies\"}]},{\"@type\":\"WebSite\",\"@id\":\"https:\\\/\\\/exitfabrics.com\\\/es\\\/#website\",\"url\":\"https:\\\/\\\/exitfabrics.com\\\/es\\\/\",\"name\":\"Exit Fabrics\",\"description\":\"Upholstery for all needs\",\"publisher\":{\"@id\":\"https:\\\/\\\/exitfabrics.com\\\/es\\\/#organization\"},\"potentialAction\":[{\"@type\":\"SearchAction\",\"target\":{\"@type\":\"EntryPoint\",\"urlTemplate\":\"https:\\\/\\\/exitfabrics.com\\\/es\\\/?s={search_term_string}\"},\"query-input\":{\"@type\":\"PropertyValueSpecification\",\"valueRequired\":true,\"valueName\":\"search_term_string\"}}],\"inLanguage\":\"fr-FR\"},{\"@type\":\"Organization\",\"@id\":\"https:\\\/\\\/exitfabrics.com\\\/es\\\/#organization\",\"name\":\"Exit Fabrics\",\"url\":\"https:\\\/\\\/exitfabrics.com\\\/es\\\/\",\"logo\":{\"@type\":\"ImageObject\",\"inLanguage\":\"fr-FR\",\"@id\":\"https:\\\/\\\/exitfabrics.com\\\/es\\\/#\\\/schema\\\/logo\\\/image\\\/\",\"url\":\"https:\\\/\\\/exitfabrics.com\\\/wp-content\\\/uploads\\\/2019\\\/07\\\/logo-black.png\",\"contentUrl\":\"https:\\\/\\\/exitfabrics.com\\\/wp-content\\\/uploads\\\/2019\\\/07\\\/logo-black.png\",\"width\":230,\"height\":64,\"caption\":\"Exit Fabrics\"},\"image\":{\"@id\":\"https:\\\/\\\/exitfabrics.com\\\/es\\\/#\\\/schema\\\/logo\\\/image\\\/\"},\"sameAs\":[\"https:\\\/\\\/www.instagram.com\\\/exitfabrics\\\/\",\"https:\\\/\\\/www.linkedin.com\\\/company\\\/exit-fabrics\\\/\"]}]}<\/script>\n<!-- \/ Yoast SEO plugin. -->","yoast_head_json":{"title":"Politique de cookies - Exit Fabrics","robots":{"index":"index","follow":"follow","max-snippet":"max-snippet:-1","max-image-preview":"max-image-preview:large","max-video-preview":"max-video-preview:-1"},"canonical":"https:\/\/exitfabrics.com\/fr\/politique-de-cookies\/","og_locale":"fr_FR","og_type":"article","og_title":"Politique de cookies - Exit Fabrics","og_description":"[vc_row][vc_column][vc_column_text]Afin d\u2019obtenir un fonctionnement optimal de notre site Web, nous utilisons des cookies. Les cookies sont des proc\u00e9dures automatiques de collecte de donn\u00e9es concernant la navigation sur le site Web, afin de reconna\u00eetre l\u2019utilisateur en tant que visiteur r\u00e9current et de personnaliser son exp\u00e9rience. Entre autres, ils permettent d\u2019obtenir des donn\u00e9es telles que la langue [...]Lire la suite\u2026 from Politique de cookies","og_url":"https:\/\/exitfabrics.com\/fr\/politique-de-cookies\/","og_site_name":"Exit Fabrics","article_modified_time":"2022-03-29T09:44:03+00:00","twitter_card":"summary_large_image","twitter_misc":{"Dur\u00e9e de lecture estim\u00e9e":"3 minutes"},"schema":{"@context":"https:\/\/schema.org","@graph":[{"@type":"WebPage","@id":"https:\/\/exitfabrics.com\/fr\/politique-de-cookies\/","url":"https:\/\/exitfabrics.com\/fr\/politique-de-cookies\/","name":"Politique de cookies - Exit Fabrics","isPartOf":{"@id":"https:\/\/exitfabrics.com\/es\/#website"},"datePublished":"2019-07-30T15:36:16+00:00","dateModified":"2022-03-29T09:44:03+00:00","breadcrumb":{"@id":"https:\/\/exitfabrics.com\/fr\/politique-de-cookies\/#breadcrumb"},"inLanguage":"fr-FR","potentialAction":[{"@type":"ReadAction","target":["https:\/\/exitfabrics.com\/fr\/politique-de-cookies\/"]}]},{"@type":"BreadcrumbList","@id":"https:\/\/exitfabrics.com\/fr\/politique-de-cookies\/#breadcrumb","itemListElement":[{"@type":"ListItem","position":1,"name":"Home","item":"https:\/\/exitfabrics.com\/fr\/"},{"@type":"ListItem","position":2,"name":"Politique de cookies"}]},{"@type":"WebSite","@id":"https:\/\/exitfabrics.com\/es\/#website","url":"https:\/\/exitfabrics.com\/es\/","name":"Exit Fabrics","description":"Upholstery for all needs","publisher":{"@id":"https:\/\/exitfabrics.com\/es\/#organization"},"potentialAction":[{"@type":"SearchAction","target":{"@type":"EntryPoint","urlTemplate":"https:\/\/exitfabrics.com\/es\/?s={search_term_string}"},"query-input":{"@type":"PropertyValueSpecification","valueRequired":true,"valueName":"search_term_string"}}],"inLanguage":"fr-FR"},{"@type":"Organization","@id":"https:\/\/exitfabrics.com\/es\/#organization","name":"Exit Fabrics","url":"https:\/\/exitfabrics.com\/es\/","logo":{"@type":"ImageObject","inLanguage":"fr-FR","@id":"https:\/\/exitfabrics.com\/es\/#\/schema\/logo\/image\/","url":"https:\/\/exitfabrics.com\/wp-content\/uploads\/2019\/07\/logo-black.png","contentUrl":"https:\/\/exitfabrics.com\/wp-content\/uploads\/2019\/07\/logo-black.png","width":230,"height":64,"caption":"Exit Fabrics"},"image":{"@id":"https:\/\/exitfabrics.com\/es\/#\/schema\/logo\/image\/"},"sameAs":["https:\/\/www.instagram.com\/exitfabrics\/","https:\/\/www.linkedin.com\/company\/exit-fabrics\/"]}]}},"_links":{"self":[{"href":"https:\/\/exitfabrics.com\/fr\/wp-json\/wp\/v2\/pages\/24035","targetHints":{"allow":["GET"]}}],"collection":[{"href":"https:\/\/exitfabrics.com\/fr\/wp-json\/wp\/v2\/pages"}],"about":[{"href":"https:\/\/exitfabrics.com\/fr\/wp-json\/wp\/v2\/types\/page"}],"author":[{"embeddable":true,"href":"https:\/\/exitfabrics.com\/fr\/wp-json\/wp\/v2\/users\/1"}],"replies":[{"embeddable":true,"href":"https:\/\/exitfabrics.com\/fr\/wp-json\/wp\/v2\/comments?post=24035"}],"version-history":[{"count":0,"href":"https:\/\/exitfabrics.com\/fr\/wp-json\/wp\/v2\/pages\/24035\/revisions"}],"wp:attachment":[{"href":"https:\/\/exitfabrics.com\/fr\/wp-json\/wp\/v2\/media?parent=24035"}],"curies":[{"name":"wp","href":"https:\/\/api.w.org\/{rel}","templated":true}]}}