{"id":24031,"date":"2019-12-18T15:30:26","date_gmt":"2019-12-18T14:30:26","guid":{"rendered":"https:\/\/exitfabrics.com\/aviso-legal\/"},"modified":"2026-02-09T12:02:39","modified_gmt":"2026-02-09T11:02:39","slug":"avis-juridique","status":"publish","type":"page","link":"https:\/\/exitfabrics.com\/fr\/avis-juridique\/","title":{"rendered":"Mentions l\u00e9gales"},"content":{"rendered":"<div class=\"wpb-content-wrapper\"><p>[vc_section][vc_row][vc_column][vc_column_text css=\u00a0\u00bb\u00a0\u00bb]<span style=\"font-weight: 400;\">Conform\u00e9ment aux dispositions de l\u2019article 10 de la loi 34\/2002 du 11\u00a0juillet relative aux services de la soci\u00e9t\u00e9 de l\u2019information et au commerce \u00e9lectronique, l\u2019utilisateur est inform\u00e9 que le domaine www.exitfabrics.com appartient, en tant que titulaire, \u00e0\u00a0:<\/span><br \/>\nEXIT FABRICS, S.L. (ci-apr\u00e8s d\u00e9sign\u00e9e EXIT FABRICS)<br \/>\nCIF : B64441058<br \/>\nPlaza de la Tecnolog\u00eda, 2 Naves 1 y 2<br \/>\nPol. Ind. Santa Margarida II<br \/>\n08223 Terrassa | Barcelone, Espagne<\/p>\n<p>et que cette soci\u00e9t\u00e9 est inscrite au registre du commerce de Barcelone sous le num\u00e9ro de Tome 39414, Folio 96, feuille n\u00ba B 344622, 1\u00e8re inscription.<\/p>\n<p><u>CONDITIONS D&rsquo;UTILISATION<br \/>\n<\/u>En raison des particularit\u00e9s de notre activit\u00e9 et de la nature technique de nos produits, notre site web fait l\u2019objet d\u2019une mise \u00e0 jour continue. En cons\u00e9quence, des erreurs peuvent parfois se produire dans les informations affich\u00e9es. Pour toute question, n\u2019h\u00e9sitez pas \u00e0 nous contacter.<\/p>\n<p>L\u2019utilisation de ce site Web sera r\u00e9gie par les pr\u00e9sentes conditions, y compris les contenus et les services mis \u00e0 la disposition des utilisateurs. En cons\u00e9quence, EXIT FABRICS vous prie de lire attentivement ces conditions car elles contiennent toutes les informations relatives \u00e0 vos droits et \u00e0 vos obligations. \u00c0 titre informatif, pour le simple fait d\u2019acc\u00e9der \u00e0 son site Web, vous serez consid\u00e9r\u00e9 comme \u00ab utilisateur \u00bb de celui-ci et vous acceptez express\u00e9ment, automatiquement et volontairement les conditions en vigueur \u00e0 tout moment. Si vous ne souhaitez pas les accepter, nous vous recommandons de ne plus utiliser ce site Web. Veuillez noter que l\u2019acc\u00e8s \u00e0 www.exitfabrics.com est gratuit et qu\u2019il ne n\u00e9cessite pas d\u2019abonnement ou d\u2019inscription.<br \/>\nEXIT FABRICS se r\u00e9serve le droit, \u00e0 tout moment et exclusivement, de r\u00e9viser les pr\u00e9sentes conditions pour y apporter des modifications d\u00e9coulant de changements l\u00e9gislatifs ou de d\u00e9cisions d\u2019entreprise, et s\u2019engage \u00e0 publier et \u00e0 signaler les modifications susceptibles d\u2019affecter les utilisateurs. Ces modifications seront consid\u00e9r\u00e9es comme \u00e9tant accept\u00e9es, d\u00e8s lors que l\u2019utilisateur continuera \u00e0 utiliser le site Web.<br \/>\nDe m\u00eame, EXIT FABRICS se r\u00e9serve le droit de modifier unilat\u00e9ralement, \u00e0 tout moment et sans pr\u00e9avis, la structure et la conception de son site Web, ainsi que les services ou contenus, et de suspendre l\u2019acc\u00e8s au site Web pendant les t\u00e2ches de modification, de r\u00e9paration, de mise \u00e0 jour ou d\u2019am\u00e9lioration.<br \/>\nIl peut arriver que, suite aux modifications du site Web d\u00e9crites dans le paragraphe pr\u00e9c\u00e9dent, de nouveaux contenus ou services soient inclus et que ceux-ci soient non seulement soumis aux pr\u00e9sentes Conditions d\u2019utilisation, mais aussi \u00e0 des Conditions particuli\u00e8res ou sp\u00e9ciales qui \u00e9tendent ou remplacent les conditions pr\u00e9sentes. En cas de divergence entre les conditions g\u00e9n\u00e9rales et les conditions particuli\u00e8res, ce sont les dispositions pr\u00e9vues dans ces derni\u00e8res qui pr\u00e9valent.<br \/>\nObligations et responsabilit\u00e9s des utilisateurs<br \/>\nLors de l\u2019utilisation de ce site Web, l\u2019utilisateur s\u2019engage \u00e0 ne pas enfreindre la l\u00e9gislation en vigueur, la bonne foi, les usages g\u00e9n\u00e9ralement accept\u00e9s et l\u2019ordre public \u2013 son utilisation \u00e0 des fins illicites, trompeuses, malveillantes ou pr\u00e9judiciables \u00e0 EXIT FABRICS ou \u00e0 des tiers \u00e9tant interdite. Par cons\u00e9quent, l\u2019utilisation doit \u00eatre appropri\u00e9e et correcte, l\u2019utilisateur s\u2019abstenant de tout comportement pr\u00e9judiciable \u00e0 l\u2019image, aux int\u00e9r\u00eats et\/ou aux droits d\u2019EXIT FABRICS et\/ou de tiers, ou endommageant, d\u00e9sactivant ou surchargeant le site Web. L\u2019utilisateur doit \u00e9galement s\u2019abstenir d\u2019acc\u00e9der, d\u2019utiliser et\/ou de manipuler les donn\u00e9es d\u2019EXIT FABRICS.<br \/>\nL\u2019utilisateur s\u2019engage \u00e0 fournir des informations v\u00e9ridiques par le biais de ses communications avec EXIT FABRICS, se portant seul responsable des dommages ou pr\u00e9judices que ces informations pourraient causer, si elles s\u2019av\u00e9raient inexactes ou fausses, tant \u00e0 EXIT FABRICS qu\u2019\u00e0 des tiers.<br \/>\nEXIT FABRICS prend les mesures de s\u00e9curit\u00e9 raisonnablement appropri\u00e9es pour d\u00e9tecter la pr\u00e9sence de virus. Il convient toutefois de noter que les mesures de s\u00e9curit\u00e9 des syst\u00e8mes informatiques ne sont pas enti\u00e8rement fiables et qu\u2019EXIT FABRICS ne peut donc garantir l\u2019absence de virus ou d\u2019autres \u00e9l\u00e9ments susceptibles d\u2019avoir une incidence sur les syst\u00e8mes informatiques, documents et\/ou fichiers de l\u2019utilisateur, y compris les fichiers t\u00e9l\u00e9chargeables du site Web. Nous prions les utilisateurs de s\u2019abstenir d\u2019introduire ou de diffuser sur le r\u00e9seau des virus informatiques ou des syst\u00e8mes physiques ou logiques susceptibles de causer des dommages \u00e0 EXIT FABRICS ou \u00e0 des tiers.<br \/>\nEXIT FABRICS se r\u00e9serve le droit d\u2019entreprendre les actions juridiques n\u00e9cessaires pour d\u00e9fendre ses int\u00e9r\u00eats ou de suspendre temporairement, et sans pr\u00e9avis, l\u2019accessibilit\u00e9 \u00e0 son site Web lors d\u2019op\u00e9rations de maintenance, de r\u00e9paration, de mise \u00e0 jour ou d\u2019am\u00e9lioration.<br \/>\n<span style=\"text-decoration: underline;\">Propri\u00e9t\u00e9 intellectuelle et industrielle. Acceptation de backlinks\/hyperliens<\/span><br \/>\nAutorisation de reproduire des photos<br \/>\nLes contenus, les photographies, les vid\u00e9os, les dessins, les textes, les graphiques, les logos, les ic\u00f4nes, les boutons, les logiciels, les noms commerciaux, les marques ou tout autre signe susceptible d\u2019\u00eatre commercialis\u00e9 ou utilis\u00e9 \u00e0 des fins industrielles qui sont affich\u00e9s sur le site Web sont la propri\u00e9t\u00e9 d\u2019EXIT FABRICS, ou de tiers titulaires ayant d\u00fbment autoris\u00e9 leur inclusion sur le site Web ou sur tout r\u00e9seau social o\u00f9 EXIT FABRICS est pr\u00e9sente, sauf indication contraire expresse, et sont prot\u00e9g\u00e9s, entre autres, par les normes nationales et internationales en mati\u00e8re de propri\u00e9t\u00e9 intellectuelle et industrielle.<br \/>\nLa reproduction de ce site Web, ainsi que tout son contenu, est interdite, sauf autorisation expresse et \u00e9crite d\u2019EXIT FABRICS. Sans pr\u00e9judice, l\u2019utilisateur aura le droit de cr\u00e9er des liens vers la page du site Web pour l\u2019usage priv\u00e9 et non commercial soumis \u00e0 des conditions diff\u00e9rentes, EXIT FABRICS se r\u00e9servant le droit de demander, \u00e0 tout moment, la suppression imm\u00e9diate de tout lien vers le site Web. Les conditions sont les suivantes :<\/p>\n<ul>\n<li>Ce droit sera r\u00e9vocable et non exclusif.<\/li>\n<li>L\u2019utilisateur ne pourra laisser entendre qu\u2019EXIT FABRICS recommande ce site Web, ces services ou produits, ni fausser leur relation.<\/li>\n<li>Ce lien ne doit pas contenir de contenus jug\u00e9s de mauvais go\u00fbt, obsc\u00e8nes, offensants, controvers\u00e9s, incitant \u00e0 la violence ou \u00e0 la discrimination fond\u00e9e sur le sexe, la race ou la religion, contraires \u00e0 l\u2019ordre public ou illicites.<\/li>\n<li>Le lien doit diriger vers le site Web, sans toutefois autoriser sa reproduction dans le cadre de son site ou dans l\u2019un de ses frames, ou cr\u00e9er un navigateur sur l\u2019une des pages du site Web.<\/li>\n<\/ul>\n<p>EXIT FABRICS ne peut pas contr\u00f4ler les informations, les contenus, les produits ou les services fournis par d\u2019autres sites Internet ayant des liens \u00e9tablis vers son site Web. La soci\u00e9t\u00e9 ne peut donc \u00eatre tenue responsable de quelque aspect qui soit relatif \u00e0 ces sites Internet.<br \/>\nEXIT FABRICS est une marque d\u00e9pos\u00e9e, et sa reproduction, son imitation, son utilisation ou l\u2019insertion de ces marques sont interdites sans son autorisation.<\/p>\n<p><u>Responsabilit\u00e9 de l&rsquo;entreprise<\/u><br \/>\nEXIT FABRICS n\u2019est pas responsable des d\u00e9faillances du service de son fournisseur de services, ni des r\u00e9seaux de communication, ni des probl\u00e8mes r\u00e9sultant du dysfonctionnement ou de l\u2019utilisation de versions non optimis\u00e9es de tout type de navigateur, ainsi que de celles r\u00e9sultant d\u2019interruptions prolong\u00e9es de l\u2019alimentation \u00e9lectrique, de lignes de t\u00e9l\u00e9communications, de conflits sociaux, de gr\u00e8ves, d\u2019explosions, d\u2019inondations, d\u2019actes et d\u2019omissions du gouvernement, et en g\u00e9n\u00e9ral de tous les cas de force majeure ou de cas fortuit.<br \/>\nL\u2019acc\u00e8s au site Web ainsi que l\u2019utilisation qui peut \u00eatre faite des informations qu\u2019il contient sont de la seule responsabilit\u00e9 de celui qui y acc\u00e8de et qui les utilise. Par cons\u00e9quent, EXIT FABRICS n\u2019est pas responsable des cons\u00e9quences d\u2019une telle utilisation ou d\u2019un tel acc\u00e8s aux informations et proc\u00e8dera uniquement \u00e0 la suppression, dans les meilleurs d\u00e9lais, des contenus susceptibles de causer un quelconque dommage ou pr\u00e9judice, \u00e0 condition que cela lui soit notifi\u00e9 ou qu\u2019elle en ait connaissance.<br \/>\nEXIT FABRICS ne r\u00e9pond pas des \u00e9ventuelles erreurs de s\u00e9curit\u00e9 qui pourraient se produire ni des \u00e9ventuels dommages occasionn\u00e9s au syst\u00e8me informatique de l\u2019utilisateur, aux fichiers ou aux documents stock\u00e9s dans celui-ci, lorsqu\u2019ils sont dus \u00e0 un virus provenant de l\u2019ordinateur de l\u2019utilisateur, du dysfonctionnement du navigateur ou de l\u2019utilisation de versions non mises \u00e0 jour de celui-ci, de pannes t\u00e9l\u00e9phoniques, d\u2019interf\u00e9rences, d\u2019omissions ou de d\u00e9connexions dans le fonctionnement op\u00e9rationnel du syst\u00e8me \u00e9lectronique pour des raisons \u00e9trang\u00e8res \u00e0 EXIT FABRICS.<br \/>\n<span style=\"text-decoration: underline;\">R\u00e9solution des conflits. Loi applicable et comp\u00e9tence<\/span><br \/>\nLes pr\u00e9sentes Conditions g\u00e9n\u00e9rales d\u2019utilisation sont r\u00e9gies par la l\u00e9gislation espagnole et, notamment, par la l\u00e9gislation en mati\u00e8re de protection des donn\u00e9es \u00e0 caract\u00e8re personnel (loi organique sur la protection des donn\u00e9es \u00e0 caract\u00e8re personnel et son r\u00e8glement d\u2019application, ainsi que le r\u00e8glement g\u00e9n\u00e9ral sur la protection des donn\u00e9es 2016\/679 de l\u2019Union europ\u00e9enne) et la l\u00e9gislation en mati\u00e8re de services de la soci\u00e9t\u00e9 de l\u2019information (loi 34\/2002 du 11 juillet relative aux services de la soci\u00e9t\u00e9 de l\u2019information et au commerce \u00e9lectronique). Tout litige sera r\u00e9gl\u00e9 devant les tribunaux de Barcelone.[\/vc_column_text][\/vc_column][\/vc_row][\/vc_section]<\/p>\n<\/div>","protected":false},"excerpt":{"rendered":"<p>[vc_section][vc_row][vc_column][vc_column_text css=\u00a0\u00bb\u00a0\u00bb]Conform\u00e9ment aux dispositions de l\u2019article 10 de la loi 34\/2002 du 11\u00a0juillet relative aux services de la soci\u00e9t\u00e9 de l\u2019information et au commerce \u00e9lectronique, l\u2019utilisateur est inform\u00e9 que le domaine www.exitfabrics.com appartient, en tant que titulaire, \u00e0\u00a0: EXIT FABRICS, S.L. (ci-apr\u00e8s d\u00e9sign\u00e9e EXIT FABRICS) CIF : B64441058 Plaza de la Tecnolog\u00eda, 2 Naves 1 [&#8230;]<\/p>\n<p><a class=\"btn btn-secondary understrap-read-more-link\" href=\"https:\/\/exitfabrics.com\/fr\/avis-juridique\/\">Lire la suite\u2026<span class=\"screen-reader-text\"> from Mentions l\u00e9gales<\/span><\/a><\/p>\n","protected":false},"author":1,"featured_media":0,"parent":0,"menu_order":0,"comment_status":"closed","ping_status":"closed","template":"","meta":{"_acf_changed":false,"footnotes":""},"class_list":["post-24031","page","type-page","status-publish","hentry"],"acf":[],"yoast_head":"<!-- This site is optimized with the Yoast SEO plugin v27.3 - https:\/\/yoast.com\/product\/yoast-seo-wordpress\/ -->\n<title>Mentions l\u00e9gales - Exit Fabrics<\/title>\n<meta name=\"robots\" content=\"index, follow, max-snippet:-1, max-image-preview:large, max-video-preview:-1\" \/>\n<link rel=\"canonical\" href=\"https:\/\/exitfabrics.com\/fr\/avis-juridique\/\" \/>\n<meta property=\"og:locale\" content=\"fr_FR\" \/>\n<meta property=\"og:type\" content=\"article\" \/>\n<meta property=\"og:title\" content=\"Mentions l\u00e9gales - Exit Fabrics\" \/>\n<meta property=\"og:description\" content=\"[vc_section][vc_row][vc_column][vc_column_text css=\u00a0\u00bb\u00a0\u00bb]Conform\u00e9ment aux dispositions de l\u2019article 10 de la loi 34\/2002 du 11\u00a0juillet relative aux services de la soci\u00e9t\u00e9 de l\u2019information et au commerce \u00e9lectronique, l\u2019utilisateur est inform\u00e9 que le domaine www.exitfabrics.com appartient, en tant que titulaire, \u00e0\u00a0: EXIT FABRICS, S.L. (ci-apr\u00e8s d\u00e9sign\u00e9e EXIT FABRICS) CIF : B64441058 Plaza de la Tecnolog\u00eda, 2 Naves 1 [...]Lire la suite\u2026 from Mentions l\u00e9gales\" \/>\n<meta property=\"og:url\" content=\"https:\/\/exitfabrics.com\/fr\/avis-juridique\/\" \/>\n<meta property=\"og:site_name\" content=\"Exit Fabrics\" \/>\n<meta property=\"article:modified_time\" content=\"2026-02-09T11:02:39+00:00\" \/>\n<meta name=\"twitter:card\" content=\"summary_large_image\" \/>\n<meta name=\"twitter:label1\" content=\"Dur\u00e9e de lecture estim\u00e9e\" \/>\n\t<meta name=\"twitter:data1\" content=\"6 minutes\" \/>\n<script type=\"application\/ld+json\" class=\"yoast-schema-graph\">{\"@context\":\"https:\\\/\\\/schema.org\",\"@graph\":[{\"@type\":\"WebPage\",\"@id\":\"https:\\\/\\\/exitfabrics.com\\\/fr\\\/avis-juridique\\\/\",\"url\":\"https:\\\/\\\/exitfabrics.com\\\/fr\\\/avis-juridique\\\/\",\"name\":\"Mentions l\u00e9gales - Exit Fabrics\",\"isPartOf\":{\"@id\":\"https:\\\/\\\/exitfabrics.com\\\/es\\\/#website\"},\"datePublished\":\"2019-12-18T14:30:26+00:00\",\"dateModified\":\"2026-02-09T11:02:39+00:00\",\"breadcrumb\":{\"@id\":\"https:\\\/\\\/exitfabrics.com\\\/fr\\\/avis-juridique\\\/#breadcrumb\"},\"inLanguage\":\"fr-FR\",\"potentialAction\":[{\"@type\":\"ReadAction\",\"target\":[\"https:\\\/\\\/exitfabrics.com\\\/fr\\\/avis-juridique\\\/\"]}]},{\"@type\":\"BreadcrumbList\",\"@id\":\"https:\\\/\\\/exitfabrics.com\\\/fr\\\/avis-juridique\\\/#breadcrumb\",\"itemListElement\":[{\"@type\":\"ListItem\",\"position\":1,\"name\":\"Home\",\"item\":\"https:\\\/\\\/exitfabrics.com\\\/fr\\\/\"},{\"@type\":\"ListItem\",\"position\":2,\"name\":\"Mentions l\u00e9gales\"}]},{\"@type\":\"WebSite\",\"@id\":\"https:\\\/\\\/exitfabrics.com\\\/es\\\/#website\",\"url\":\"https:\\\/\\\/exitfabrics.com\\\/es\\\/\",\"name\":\"Exit Fabrics\",\"description\":\"Upholstery for all needs\",\"publisher\":{\"@id\":\"https:\\\/\\\/exitfabrics.com\\\/es\\\/#organization\"},\"potentialAction\":[{\"@type\":\"SearchAction\",\"target\":{\"@type\":\"EntryPoint\",\"urlTemplate\":\"https:\\\/\\\/exitfabrics.com\\\/es\\\/?s={search_term_string}\"},\"query-input\":{\"@type\":\"PropertyValueSpecification\",\"valueRequired\":true,\"valueName\":\"search_term_string\"}}],\"inLanguage\":\"fr-FR\"},{\"@type\":\"Organization\",\"@id\":\"https:\\\/\\\/exitfabrics.com\\\/es\\\/#organization\",\"name\":\"Exit Fabrics\",\"url\":\"https:\\\/\\\/exitfabrics.com\\\/es\\\/\",\"logo\":{\"@type\":\"ImageObject\",\"inLanguage\":\"fr-FR\",\"@id\":\"https:\\\/\\\/exitfabrics.com\\\/es\\\/#\\\/schema\\\/logo\\\/image\\\/\",\"url\":\"https:\\\/\\\/exitfabrics.com\\\/wp-content\\\/uploads\\\/2019\\\/07\\\/logo-black.png\",\"contentUrl\":\"https:\\\/\\\/exitfabrics.com\\\/wp-content\\\/uploads\\\/2019\\\/07\\\/logo-black.png\",\"width\":230,\"height\":64,\"caption\":\"Exit Fabrics\"},\"image\":{\"@id\":\"https:\\\/\\\/exitfabrics.com\\\/es\\\/#\\\/schema\\\/logo\\\/image\\\/\"},\"sameAs\":[\"https:\\\/\\\/www.instagram.com\\\/exitfabrics\\\/\",\"https:\\\/\\\/www.linkedin.com\\\/company\\\/exit-fabrics\\\/\"]}]}<\/script>\n<!-- \/ Yoast SEO plugin. -->","yoast_head_json":{"title":"Mentions l\u00e9gales - Exit Fabrics","robots":{"index":"index","follow":"follow","max-snippet":"max-snippet:-1","max-image-preview":"max-image-preview:large","max-video-preview":"max-video-preview:-1"},"canonical":"https:\/\/exitfabrics.com\/fr\/avis-juridique\/","og_locale":"fr_FR","og_type":"article","og_title":"Mentions l\u00e9gales - Exit Fabrics","og_description":"[vc_section][vc_row][vc_column][vc_column_text css=\u00a0\u00bb\u00a0\u00bb]Conform\u00e9ment aux dispositions de l\u2019article 10 de la loi 34\/2002 du 11\u00a0juillet relative aux services de la soci\u00e9t\u00e9 de l\u2019information et au commerce \u00e9lectronique, l\u2019utilisateur est inform\u00e9 que le domaine www.exitfabrics.com appartient, en tant que titulaire, \u00e0\u00a0: EXIT FABRICS, S.L. (ci-apr\u00e8s d\u00e9sign\u00e9e EXIT FABRICS) CIF : B64441058 Plaza de la Tecnolog\u00eda, 2 Naves 1 [...]Lire la suite\u2026 from Mentions l\u00e9gales","og_url":"https:\/\/exitfabrics.com\/fr\/avis-juridique\/","og_site_name":"Exit Fabrics","article_modified_time":"2026-02-09T11:02:39+00:00","twitter_card":"summary_large_image","twitter_misc":{"Dur\u00e9e de lecture estim\u00e9e":"6 minutes"},"schema":{"@context":"https:\/\/schema.org","@graph":[{"@type":"WebPage","@id":"https:\/\/exitfabrics.com\/fr\/avis-juridique\/","url":"https:\/\/exitfabrics.com\/fr\/avis-juridique\/","name":"Mentions l\u00e9gales - Exit Fabrics","isPartOf":{"@id":"https:\/\/exitfabrics.com\/es\/#website"},"datePublished":"2019-12-18T14:30:26+00:00","dateModified":"2026-02-09T11:02:39+00:00","breadcrumb":{"@id":"https:\/\/exitfabrics.com\/fr\/avis-juridique\/#breadcrumb"},"inLanguage":"fr-FR","potentialAction":[{"@type":"ReadAction","target":["https:\/\/exitfabrics.com\/fr\/avis-juridique\/"]}]},{"@type":"BreadcrumbList","@id":"https:\/\/exitfabrics.com\/fr\/avis-juridique\/#breadcrumb","itemListElement":[{"@type":"ListItem","position":1,"name":"Home","item":"https:\/\/exitfabrics.com\/fr\/"},{"@type":"ListItem","position":2,"name":"Mentions l\u00e9gales"}]},{"@type":"WebSite","@id":"https:\/\/exitfabrics.com\/es\/#website","url":"https:\/\/exitfabrics.com\/es\/","name":"Exit Fabrics","description":"Upholstery for all needs","publisher":{"@id":"https:\/\/exitfabrics.com\/es\/#organization"},"potentialAction":[{"@type":"SearchAction","target":{"@type":"EntryPoint","urlTemplate":"https:\/\/exitfabrics.com\/es\/?s={search_term_string}"},"query-input":{"@type":"PropertyValueSpecification","valueRequired":true,"valueName":"search_term_string"}}],"inLanguage":"fr-FR"},{"@type":"Organization","@id":"https:\/\/exitfabrics.com\/es\/#organization","name":"Exit Fabrics","url":"https:\/\/exitfabrics.com\/es\/","logo":{"@type":"ImageObject","inLanguage":"fr-FR","@id":"https:\/\/exitfabrics.com\/es\/#\/schema\/logo\/image\/","url":"https:\/\/exitfabrics.com\/wp-content\/uploads\/2019\/07\/logo-black.png","contentUrl":"https:\/\/exitfabrics.com\/wp-content\/uploads\/2019\/07\/logo-black.png","width":230,"height":64,"caption":"Exit Fabrics"},"image":{"@id":"https:\/\/exitfabrics.com\/es\/#\/schema\/logo\/image\/"},"sameAs":["https:\/\/www.instagram.com\/exitfabrics\/","https:\/\/www.linkedin.com\/company\/exit-fabrics\/"]}]}},"_links":{"self":[{"href":"https:\/\/exitfabrics.com\/fr\/wp-json\/wp\/v2\/pages\/24031","targetHints":{"allow":["GET"]}}],"collection":[{"href":"https:\/\/exitfabrics.com\/fr\/wp-json\/wp\/v2\/pages"}],"about":[{"href":"https:\/\/exitfabrics.com\/fr\/wp-json\/wp\/v2\/types\/page"}],"author":[{"embeddable":true,"href":"https:\/\/exitfabrics.com\/fr\/wp-json\/wp\/v2\/users\/1"}],"replies":[{"embeddable":true,"href":"https:\/\/exitfabrics.com\/fr\/wp-json\/wp\/v2\/comments?post=24031"}],"version-history":[{"count":2,"href":"https:\/\/exitfabrics.com\/fr\/wp-json\/wp\/v2\/pages\/24031\/revisions"}],"predecessor-version":[{"id":79611,"href":"https:\/\/exitfabrics.com\/fr\/wp-json\/wp\/v2\/pages\/24031\/revisions\/79611"}],"wp:attachment":[{"href":"https:\/\/exitfabrics.com\/fr\/wp-json\/wp\/v2\/media?parent=24031"}],"curies":[{"name":"wp","href":"https:\/\/api.w.org\/{rel}","templated":true}]}}