{"id":23765,"date":"2021-11-30T12:57:45","date_gmt":"2021-11-30T11:57:45","guid":{"rendered":"https:\/\/exitfabrics.com\/informacion-de-interes\/"},"modified":"2026-02-09T11:05:57","modified_gmt":"2026-02-09T10:05:57","slug":"informations-pour-nos-clients","status":"publish","type":"page","link":"https:\/\/exitfabrics.com\/fr\/informations-pour-nos-clients\/","title":{"rendered":"Informations pour nos clients"},"content":{"rendered":"<div class=\"wpb-content-wrapper\"><p>[vc_row el_id=\u00a0\u00bbinfo-interes\u00a0\u00bb][vc_column][vc_tta_tabs active_section=\u00a0\u00bb1&Prime;][vc_tta_section tab_id=\u00a0\u00bbinformations-pour-nos-clients\u00a0\u00bb title=\u00a0\u00bbInformations pour nos clients\u00a0\u00bb][vc_column_text css=\u00a0\u00bb\u00a0\u00bb]Les produits que nous offrons sont soumis \u00e0 des tests techniques afin de pouvoir \u00eatre utilis\u00e9s en tapisserie. Pour ce faire, nous avons proc\u00e9d\u00e9 aux essais correspondants suivants : Martindale, solidit\u00e9 \u00e0 la lumi\u00e8re \u00e0 l&rsquo;\u00e9tat sec et \u00e0 l&rsquo;\u00e9tat humide, r\u00e9sistance au feu, etc. N\u00e9anmoins, il ne faut pas oublier qu&rsquo;un textile ou un vinyle est un \u00e9l\u00e9ment physique qui coexiste avec son environnement. En cons\u00e9quence, nous ne pouvons garantir que l&rsquo;usage qui en sera fait soit le plus correct, car cela ne d\u00e9pendra pas de nous.<\/p>\n<p>Par ailleurs, bien que cela puisse para\u00eetre \u00e9vident, nous consid\u00e9rons de notre devoir de vous informer qu\u2019il existe une grande vari\u00e9t\u00e9 de facteurs susceptibles de porter atteinte \u00e0 la durabilit\u00e9 et au bon aspect du produit, notamment : le bon usage du meuble, un nettoyage ad\u00e9quat, la salet\u00e9 \u00e0 laquelle il peut \u00eatre expos\u00e9, la fr\u00e9quentation massive, le vandalisme, l\u2019emplacement du mobilier d&rsquo;int\u00e9rieur aupr\u00e8s de baies vitr\u00e9es \u2013 augmentant leur exposition aux rayons solaires, et pouvant par l\u00e0 m\u00eame d\u00e9grader leur couleur \u2013, l&rsquo;utilisation de v\u00eatements teint\u00e9s avec des couleurs qui ne sont pas solides et qui peuvent donc d\u00e9teindre sur la tapisserie, l&rsquo;utilisation de v\u00eatements comportant des accessoires m\u00e9talliques susceptibles de s&rsquo;accrocher aux tissus et de les endommager, etc.<\/p>\n<p>Comme le font d\u00e9j\u00e0 les meilleurs fabricants de meubles du nord de l&rsquo;Europe (Su\u00e8de, Danemark, Allemagne, etc.) depuis des d\u00e9cennies, un bon tapissage est essentiel pour la durabilit\u00e9 du meuble. Celle-ci d\u00e9pendra, entre autres, du fait que le tissu ait \u00e9t\u00e9 tapiss\u00e9 par encollage ou pas. En cons\u00e9quence, si nos produits de tapisserie sont utilis\u00e9s avec les finitions que nous proposons, non seulement ils dureront plus longtemps, mais ils seront aussi plus faciles et plus rapides \u00e0 travailler pour le tapissier. Et en outre, nos finitions am\u00e9liorent le produit final et augmentent sa durabilit\u00e9, en lui donnant une stabilit\u00e9 structurelle.<\/p>\n<p>C&rsquo;est la raison pour laquelle EXIT FABRICS propose ce large \u00e9ventail de finitions \u00e0 ses clients, en mettant en valeur leurs atouts, notamment l\u2019am\u00e9lioration des propri\u00e9t\u00e9s des textiles et des vinyles, dont les caract\u00e9ristiques techniques sont indiqu\u00e9es sur chaque produit.[\/vc_column_text][\/vc_tta_section][vc_tta_section tab_id=\u00a0\u00bbconditions-de-vente\u00a0\u00bb title=\u00a0\u00bbConditions de vente\u00a0\u00bb][vc_column_text css=\u00a0\u00bb\u00a0\u00bb]<strong><span dir=\"ltr\" role=\"presentation\">Avertissement : tr\u00e8s important<\/span><\/strong><br role=\"presentation\" \/><span dir=\"ltr\" role=\"presentation\">Veuillez v\u00e9rifier soigneusement les tissus \u00e0 leur r\u00e9ception (r\u00e9f\u00e9rence, design, couleur, quantit\u00e9, <\/span><span dir=\"ltr\" role=\"presentation\">largeur, \u00e9paisseur et qualit\u00e9) et confirmer leur conformit\u00e9 avec votre commande avant toute <\/span><span dir=\"ltr\" role=\"presentation\">transformation ult\u00e9rieure. Exit Fabrics n\u2019acceptera aucune r\u00e9clamation ni aucun retour une fois que le <\/span><span dir=\"ltr\" role=\"presentation\">tissu aura \u00e9t\u00e9 coup\u00e9, confectionn\u00e9, endommag\u00e9 ou s\u2019il ne conserve pas son \u00e9tiquette d\u2019origine et un <\/span><span dir=\"ltr\" role=\"presentation\">emballage adapt\u00e9 au transport.<\/span><\/p>\n<p><span dir=\"ltr\" role=\"presentation\">La garantie se limite au remplacement du tissu et n\u2019inclut ni les co\u00fbts de main-d\u2019\u0153uvre, ni les frais de <\/span><span dir=\"ltr\" role=\"presentation\">collecte ou de transport, ni aucun autre co\u00fbt secondaire de quelque nature que ce soit.<\/span><\/p>\n<p><span dir=\"ltr\" role=\"presentation\">Exit Fabrics n\u2019acceptera pas les r\u00e9clamations li\u00e9es au transport de la marchandise lors de la livraison <\/span><span dir=\"ltr\" role=\"presentation\">dans vos installations si le bon de livraison (POD) ne mentionne pas clairement et pr\u00e9cis\u00e9ment la <\/span><span dir=\"ltr\" role=\"presentation\">nature de l\u2019incidence. Les soci\u00e9t\u00e9s de transport n\u2019acceptent pas les r\u00e9clamations fond\u00e9es sur des <\/span><span dir=\"ltr\" role=\"presentation\">motifs g\u00e9n\u00e9riques et exigent que la cause de l\u2019incidence soit d\u00e9taill\u00e9e par \u00e9crit dans les observations <\/span><span dir=\"ltr\" role=\"presentation\">du bon de livraison.<\/span><\/p>\n<p><span dir=\"ltr\" role=\"presentation\">Exit Fabrics se r\u00e9serve le droit d\u2019inspecter le tissu faisant l\u2019objet de la r\u00e9clamation. \u00c0 cette fin, il est <\/span><span dir=\"ltr\" role=\"presentation\">indispensable de nous faire parvenir un \u00e9chantillon repr\u00e9sentatif du mat\u00e9riau pr\u00e9tendument affect\u00e9, <\/span><span dir=\"ltr\" role=\"presentation\">afin de pouvoir r\u00e9aliser l\u2019analyse technique correspondante dans des conditions objectives et <\/span><span dir=\"ltr\" role=\"presentation\">v\u00e9rifiables.<\/span><\/p>\n<p><span dir=\"ltr\" role=\"presentation\">Tout retour \u00e9ventuel doit \u00eatre pr\u00e9alablement autoris\u00e9 par une confirmation \u00e9crite du service <\/span><span dir=\"ltr\" role=\"presentation\">commercial d\u2019Exit Fabrics.<\/span><\/p>\n<p><span dir=\"ltr\" role=\"presentation\">En raison des particularit\u00e9s de notre activit\u00e9 et de la nature technique de nos produits, notre site web <\/span><span dir=\"ltr\" role=\"presentation\">fait l\u2019objet d\u2019une mise \u00e0 jour continue. En cons\u00e9quence, des erreurs peuvent parfois se produire dans <\/span><span dir=\"ltr\" role=\"presentation\">les informations affich\u00e9es. Pour toute question, n\u2019h\u00e9sitez pas \u00e0 nous contacter.<\/span><\/p>\n<p><span dir=\"ltr\" role=\"presentation\">Nous nous r\u00e9servons le droit de modifier les sp\u00e9cifications techniques sans pr\u00e9avis.<\/span>[\/vc_column_text][\/vc_tta_section][vc_tta_section tab_id=\u00a0\u00bbgarantie-de-vente\u00a0\u00bb title=\u00a0\u00bbGarantie de vente\u00a0\u00bb][vc_column_text css=\u00a0\u00bb\u00a0\u00bb]<span style=\"font-weight: 400;\">Les tissus d\u2019Exit Fabrics b\u00e9n\u00e9ficient d\u2019une garantie de qualit\u00e9 d\u00e8s la date de leur achat, qui couvre les propri\u00e9t\u00e9s d\u2019utilisation et de conservation du tissu. En revanche, la garantie ne couvre pas les traitements inad\u00e9quats, le manque d\u2019entretien ou toute d\u00e9t\u00e9rioration due \u00e0 des influences ext\u00e9rieures. Exit Fabrics se r\u00e9serve ainsi le droit d\u2019inspecter le tissu faisant l\u2019objet de la r\u00e9clamation. La garantie est limit\u00e9e au remplacement du tissu et ne s\u2019applique pas aux frais de main-d\u2019\u0153uvre, de collecte ou de transport, ni \u00e0 aucun autre frais accessoire de quelque nature qu\u2019il soit.<\/span><\/p>\n<p><span style=\"font-weight: 400;\">Exit Fabrics n\u2019acceptera pas les r\u00e9clamations li\u00e9es au transport des marchandises lors de la livraison dans vos installations, si le type d\u2019incident n\u2019est pas correctement d\u00e9taill\u00e9 sur le bon de livraison (POD). Les soci\u00e9t\u00e9s de transport n\u2019acceptent pas les r\u00e9clamations pour des causes g\u00e9n\u00e9riques et demandent que la cause de l\u2019incident soit consign\u00e9e par \u00e9crit, et de la fa\u00e7on la plus d\u00e9taill\u00e9e possible, dans la partie \u00ab\u00a0Observations\u00a0\u00bb sur le bon de livraison.<\/span><\/p>\n<p><span style=\"font-weight: 400;\">Exit Fabrics n\u2019acceptera aucune demande d\u2019indemnisation des dommages et int\u00e9r\u00eats pour les pr\u00e9judices subis en cas de retard dans les d\u00e9lais de livraison.<\/span><\/p>\n<p><span style=\"text-decoration: underline;\"> Cas exclus du certificat de garantie :<\/span><\/p>\n<ul>\n<li style=\"font-weight: 400;\" aria-level=\"1\"><span style=\"font-weight: 400;\">Exit Fabrics n\u2019est pas responsable du tapissage de ses produits.<\/span><\/li>\n<li style=\"font-weight: 400;\" aria-level=\"1\"><span style=\"font-weight: 400;\">En ce qui concerne le tapissage de tous nos articles en polyol\u00e9fine (PP), du fait de leurs \u00ab caract\u00e9ristiques intrins\u00e8ques \u00bb, nous recommandons de renforcer les coutures avec une double piq\u00fbre et un support suppl\u00e9mentaire.<\/span><\/li>\n<li style=\"font-weight: 400;\" aria-level=\"1\"><span style=\"font-weight: 400;\">Toute d\u00e9t\u00e9rioration r\u00e9sultant d\u2019un manque d\u2019entretien g\u00e9n\u00e9ral et de propret\u00e9.<\/span><\/li>\n<li style=\"font-weight: 400;\" aria-level=\"1\"><span style=\"font-weight: 400;\">Tous les traitements antitaches sont \u00e9ph\u00e9m\u00e8res et d\u00e9pendent de diff\u00e9rents facteurs : nombre de lavages, temp\u00e9rature, produits de nettoyage utilis\u00e9s, etc.\u00a0<\/span><\/li>\n<li style=\"font-weight: 400;\" aria-level=\"1\"><span style=\"font-weight: 400;\">M\u00eame avec un traitement antitache, qui aide \u00e0 nettoyer les tissus, ceux-ci ne sont pas \u00e0 l\u2019abri des taches.<\/span><\/li>\n<li style=\"font-weight: 400;\" aria-level=\"1\"><span style=\"font-weight: 400;\">Dommages caus\u00e9s par des nettoyeurs haute pression de type K\u00e4rcher, utilisant un jet d\u2019eau \u00e0 haute pression.<\/span><\/li>\n<li style=\"font-weight: 400;\" aria-level=\"1\"><span style=\"font-weight: 400;\">Un nettoyage inad\u00e9quat ou toute application de substances ou d\u2019\u00e9l\u00e9ments (tels que finitions antitaches, sprays, rev\u00eatements, solvants ou d\u00e9tachants) annule la garantie d\u2019Exit Fabrics.<\/span><\/li>\n<li style=\"font-weight: 400;\" aria-level=\"1\"><span style=\"font-weight: 400;\">Un nettoyage inad\u00e9quat ou toute application de substances ou d\u2019\u00e9l\u00e9ments (tels que finitions antitaches, sprays, rev\u00eatements, solvants ou d\u00e9tachants).\u00a0<\/span><\/li>\n<li style=\"font-weight: 400;\" aria-level=\"1\"><span style=\"font-weight: 400;\">Dommages caus\u00e9s par des animaux domestiques ou des objets pointus et tranchants.<\/span><\/li>\n<li style=\"font-weight: 400;\" aria-level=\"1\"><span style=\"font-weight: 400;\">Dommages caus\u00e9s par le Velcro.<\/span><\/li>\n<li style=\"font-weight: 400;\" aria-level=\"1\"><span style=\"font-weight: 400;\">Dommages caus\u00e9s par l\u2019utilisation de v\u00eatements dot\u00e9s d\u2019accessoires m\u00e9talliques qui peuvent s\u2019accrocher et endommager les tissus, etc.\u00a0<\/span><\/li>\n<li style=\"font-weight: 400;\" aria-level=\"1\"><span style=\"font-weight: 400;\">Contamination par des particules provenant de tissus ext\u00e9rieurs ou de mat\u00e9riaux dont la couleur n\u2019est pas stable (comme les v\u00eatements).<\/span><\/li>\n<li style=\"font-weight: 400;\" aria-level=\"1\"><span style=\"font-weight: 400;\">Alt\u00e9ration des couleurs due \u00e0 une exposition prolong\u00e9e au soleil ou \u00e0 une forte lumi\u00e8re artificielle.<\/span><\/li>\n<li style=\"font-weight: 400;\" aria-level=\"1\"><span style=\"font-weight: 400;\">Dommages caus\u00e9s par la chaleur (verres chauds, liquides chauds, po\u00eales, cuisini\u00e8res et appareils de chauffage, etc.).<\/span><\/li>\n<li style=\"font-weight: 400;\" aria-level=\"1\"><span style=\"font-weight: 400;\">Exposition extr\u00eame du produit \u00e0 des situations non couvertes par les normes de qualit\u00e9.<\/span><\/li>\n<li style=\"font-weight: 400;\" aria-level=\"1\"><span style=\"font-weight: 400;\">Tout effet r\u00e9sultant du caract\u00e8re naturel du tissu (par exemple, l\u2019\u00e9crasement des tissus \u00e0 poils).<\/span><\/li>\n<li style=\"font-weight: 400;\" aria-level=\"1\"><span style=\"font-weight: 400;\">Vandalisme.<\/span><\/li>\n<\/ul>\n<p><span style=\"font-weight: 400;\">Veuillez consulter sur notre site web les \u00ab Recommandations d\u2019utilisation et d\u2019entretien \u00bb pour chaque produit.<\/span>[\/vc_column_text][\/vc_tta_section][\/vc_tta_tabs][\/vc_column][\/vc_row]<\/p>\n<\/div>","protected":false},"excerpt":{"rendered":"<p>[vc_row el_id=\u00a0\u00bbinfo-interes\u00a0\u00bb][vc_column][vc_tta_tabs active_section=\u00a0\u00bb1&Prime;][vc_tta_section tab_id=\u00a0\u00bbinformations-pour-nos-clients\u00a0\u00bb title=\u00a0\u00bbInformations pour nos clients\u00a0\u00bb][vc_column_text css=\u00a0\u00bb\u00a0\u00bb]Les produits que nous offrons sont soumis \u00e0 des tests techniques afin de pouvoir \u00eatre utilis\u00e9s en tapisserie. Pour ce faire, nous avons proc\u00e9d\u00e9 aux essais correspondants suivants : Martindale, solidit\u00e9 \u00e0 la lumi\u00e8re \u00e0 l&rsquo;\u00e9tat sec et \u00e0 l&rsquo;\u00e9tat humide, r\u00e9sistance au feu, etc. N\u00e9anmoins, il [&#8230;]<\/p>\n<p><a class=\"btn btn-secondary understrap-read-more-link\" href=\"https:\/\/exitfabrics.com\/fr\/informations-pour-nos-clients\/\">Lire la suite\u2026<span class=\"screen-reader-text\"> from Informations pour nos clients<\/span><\/a><\/p>\n","protected":false},"author":1,"featured_media":0,"parent":0,"menu_order":0,"comment_status":"closed","ping_status":"closed","template":"","meta":{"_acf_changed":false,"footnotes":""},"class_list":["post-23765","page","type-page","status-publish","hentry"],"acf":[],"yoast_head":"<!-- This site is optimized with the Yoast SEO plugin v27.3 - https:\/\/yoast.com\/product\/yoast-seo-wordpress\/ -->\n<title>Informations pour nos clients - Exit Fabrics<\/title>\n<meta name=\"robots\" content=\"index, follow, max-snippet:-1, max-image-preview:large, max-video-preview:-1\" \/>\n<link rel=\"canonical\" href=\"https:\/\/exitfabrics.com\/fr\/informations-pour-nos-clients\/\" \/>\n<meta property=\"og:locale\" content=\"fr_FR\" \/>\n<meta property=\"og:type\" content=\"article\" \/>\n<meta property=\"og:title\" content=\"Informations pour nos clients - Exit Fabrics\" \/>\n<meta property=\"og:description\" content=\"[vc_row el_id=\u00a0\u00bbinfo-interes\u00a0\u00bb][vc_column][vc_tta_tabs active_section=\u00a0\u00bb1&Prime;][vc_tta_section tab_id=\u00a0\u00bbinformations-pour-nos-clients\u00a0\u00bb title=\u00a0\u00bbInformations pour nos clients\u00a0\u00bb][vc_column_text css=\u00a0\u00bb\u00a0\u00bb]Les produits que nous offrons sont soumis \u00e0 des tests techniques afin de pouvoir \u00eatre utilis\u00e9s en tapisserie. Pour ce faire, nous avons proc\u00e9d\u00e9 aux essais correspondants suivants : Martindale, solidit\u00e9 \u00e0 la lumi\u00e8re \u00e0 l&rsquo;\u00e9tat sec et \u00e0 l&rsquo;\u00e9tat humide, r\u00e9sistance au feu, etc. N\u00e9anmoins, il [...]Lire la suite\u2026 from Informations pour nos clients\" \/>\n<meta property=\"og:url\" content=\"https:\/\/exitfabrics.com\/fr\/informations-pour-nos-clients\/\" \/>\n<meta property=\"og:site_name\" content=\"Exit Fabrics\" \/>\n<meta property=\"article:modified_time\" content=\"2026-02-09T10:05:57+00:00\" \/>\n<meta name=\"twitter:card\" content=\"summary_large_image\" \/>\n<meta name=\"twitter:label1\" content=\"Dur\u00e9e de lecture estim\u00e9e\" \/>\n\t<meta name=\"twitter:data1\" content=\"4 minutes\" \/>\n<script type=\"application\/ld+json\" class=\"yoast-schema-graph\">{\"@context\":\"https:\\\/\\\/schema.org\",\"@graph\":[{\"@type\":\"WebPage\",\"@id\":\"https:\\\/\\\/exitfabrics.com\\\/fr\\\/informations-pour-nos-clients\\\/\",\"url\":\"https:\\\/\\\/exitfabrics.com\\\/fr\\\/informations-pour-nos-clients\\\/\",\"name\":\"Informations pour nos clients - Exit Fabrics\",\"isPartOf\":{\"@id\":\"https:\\\/\\\/exitfabrics.com\\\/es\\\/#website\"},\"datePublished\":\"2021-11-30T11:57:45+00:00\",\"dateModified\":\"2026-02-09T10:05:57+00:00\",\"breadcrumb\":{\"@id\":\"https:\\\/\\\/exitfabrics.com\\\/fr\\\/informations-pour-nos-clients\\\/#breadcrumb\"},\"inLanguage\":\"fr-FR\",\"potentialAction\":[{\"@type\":\"ReadAction\",\"target\":[\"https:\\\/\\\/exitfabrics.com\\\/fr\\\/informations-pour-nos-clients\\\/\"]}]},{\"@type\":\"BreadcrumbList\",\"@id\":\"https:\\\/\\\/exitfabrics.com\\\/fr\\\/informations-pour-nos-clients\\\/#breadcrumb\",\"itemListElement\":[{\"@type\":\"ListItem\",\"position\":1,\"name\":\"Home\",\"item\":\"https:\\\/\\\/exitfabrics.com\\\/fr\\\/\"},{\"@type\":\"ListItem\",\"position\":2,\"name\":\"Informations pour nos clients\"}]},{\"@type\":\"WebSite\",\"@id\":\"https:\\\/\\\/exitfabrics.com\\\/es\\\/#website\",\"url\":\"https:\\\/\\\/exitfabrics.com\\\/es\\\/\",\"name\":\"Exit Fabrics\",\"description\":\"Upholstery for all needs\",\"publisher\":{\"@id\":\"https:\\\/\\\/exitfabrics.com\\\/es\\\/#organization\"},\"potentialAction\":[{\"@type\":\"SearchAction\",\"target\":{\"@type\":\"EntryPoint\",\"urlTemplate\":\"https:\\\/\\\/exitfabrics.com\\\/es\\\/?s={search_term_string}\"},\"query-input\":{\"@type\":\"PropertyValueSpecification\",\"valueRequired\":true,\"valueName\":\"search_term_string\"}}],\"inLanguage\":\"fr-FR\"},{\"@type\":\"Organization\",\"@id\":\"https:\\\/\\\/exitfabrics.com\\\/es\\\/#organization\",\"name\":\"Exit Fabrics\",\"url\":\"https:\\\/\\\/exitfabrics.com\\\/es\\\/\",\"logo\":{\"@type\":\"ImageObject\",\"inLanguage\":\"fr-FR\",\"@id\":\"https:\\\/\\\/exitfabrics.com\\\/es\\\/#\\\/schema\\\/logo\\\/image\\\/\",\"url\":\"https:\\\/\\\/exitfabrics.com\\\/wp-content\\\/uploads\\\/2019\\\/07\\\/logo-black.png\",\"contentUrl\":\"https:\\\/\\\/exitfabrics.com\\\/wp-content\\\/uploads\\\/2019\\\/07\\\/logo-black.png\",\"width\":230,\"height\":64,\"caption\":\"Exit Fabrics\"},\"image\":{\"@id\":\"https:\\\/\\\/exitfabrics.com\\\/es\\\/#\\\/schema\\\/logo\\\/image\\\/\"},\"sameAs\":[\"https:\\\/\\\/www.instagram.com\\\/exitfabrics\\\/\",\"https:\\\/\\\/www.linkedin.com\\\/company\\\/exit-fabrics\\\/\"]}]}<\/script>\n<!-- \/ Yoast SEO plugin. -->","yoast_head_json":{"title":"Informations pour nos clients - Exit Fabrics","robots":{"index":"index","follow":"follow","max-snippet":"max-snippet:-1","max-image-preview":"max-image-preview:large","max-video-preview":"max-video-preview:-1"},"canonical":"https:\/\/exitfabrics.com\/fr\/informations-pour-nos-clients\/","og_locale":"fr_FR","og_type":"article","og_title":"Informations pour nos clients - Exit Fabrics","og_description":"[vc_row el_id=\u00a0\u00bbinfo-interes\u00a0\u00bb][vc_column][vc_tta_tabs active_section=\u00a0\u00bb1&Prime;][vc_tta_section tab_id=\u00a0\u00bbinformations-pour-nos-clients\u00a0\u00bb title=\u00a0\u00bbInformations pour nos clients\u00a0\u00bb][vc_column_text css=\u00a0\u00bb\u00a0\u00bb]Les produits que nous offrons sont soumis \u00e0 des tests techniques afin de pouvoir \u00eatre utilis\u00e9s en tapisserie. Pour ce faire, nous avons proc\u00e9d\u00e9 aux essais correspondants suivants : Martindale, solidit\u00e9 \u00e0 la lumi\u00e8re \u00e0 l&rsquo;\u00e9tat sec et \u00e0 l&rsquo;\u00e9tat humide, r\u00e9sistance au feu, etc. N\u00e9anmoins, il [...]Lire la suite\u2026 from Informations pour nos clients","og_url":"https:\/\/exitfabrics.com\/fr\/informations-pour-nos-clients\/","og_site_name":"Exit Fabrics","article_modified_time":"2026-02-09T10:05:57+00:00","twitter_card":"summary_large_image","twitter_misc":{"Dur\u00e9e de lecture estim\u00e9e":"4 minutes"},"schema":{"@context":"https:\/\/schema.org","@graph":[{"@type":"WebPage","@id":"https:\/\/exitfabrics.com\/fr\/informations-pour-nos-clients\/","url":"https:\/\/exitfabrics.com\/fr\/informations-pour-nos-clients\/","name":"Informations pour nos clients - Exit Fabrics","isPartOf":{"@id":"https:\/\/exitfabrics.com\/es\/#website"},"datePublished":"2021-11-30T11:57:45+00:00","dateModified":"2026-02-09T10:05:57+00:00","breadcrumb":{"@id":"https:\/\/exitfabrics.com\/fr\/informations-pour-nos-clients\/#breadcrumb"},"inLanguage":"fr-FR","potentialAction":[{"@type":"ReadAction","target":["https:\/\/exitfabrics.com\/fr\/informations-pour-nos-clients\/"]}]},{"@type":"BreadcrumbList","@id":"https:\/\/exitfabrics.com\/fr\/informations-pour-nos-clients\/#breadcrumb","itemListElement":[{"@type":"ListItem","position":1,"name":"Home","item":"https:\/\/exitfabrics.com\/fr\/"},{"@type":"ListItem","position":2,"name":"Informations pour nos clients"}]},{"@type":"WebSite","@id":"https:\/\/exitfabrics.com\/es\/#website","url":"https:\/\/exitfabrics.com\/es\/","name":"Exit Fabrics","description":"Upholstery for all needs","publisher":{"@id":"https:\/\/exitfabrics.com\/es\/#organization"},"potentialAction":[{"@type":"SearchAction","target":{"@type":"EntryPoint","urlTemplate":"https:\/\/exitfabrics.com\/es\/?s={search_term_string}"},"query-input":{"@type":"PropertyValueSpecification","valueRequired":true,"valueName":"search_term_string"}}],"inLanguage":"fr-FR"},{"@type":"Organization","@id":"https:\/\/exitfabrics.com\/es\/#organization","name":"Exit Fabrics","url":"https:\/\/exitfabrics.com\/es\/","logo":{"@type":"ImageObject","inLanguage":"fr-FR","@id":"https:\/\/exitfabrics.com\/es\/#\/schema\/logo\/image\/","url":"https:\/\/exitfabrics.com\/wp-content\/uploads\/2019\/07\/logo-black.png","contentUrl":"https:\/\/exitfabrics.com\/wp-content\/uploads\/2019\/07\/logo-black.png","width":230,"height":64,"caption":"Exit Fabrics"},"image":{"@id":"https:\/\/exitfabrics.com\/es\/#\/schema\/logo\/image\/"},"sameAs":["https:\/\/www.instagram.com\/exitfabrics\/","https:\/\/www.linkedin.com\/company\/exit-fabrics\/"]}]}},"_links":{"self":[{"href":"https:\/\/exitfabrics.com\/fr\/wp-json\/wp\/v2\/pages\/23765","targetHints":{"allow":["GET"]}}],"collection":[{"href":"https:\/\/exitfabrics.com\/fr\/wp-json\/wp\/v2\/pages"}],"about":[{"href":"https:\/\/exitfabrics.com\/fr\/wp-json\/wp\/v2\/types\/page"}],"author":[{"embeddable":true,"href":"https:\/\/exitfabrics.com\/fr\/wp-json\/wp\/v2\/users\/1"}],"replies":[{"embeddable":true,"href":"https:\/\/exitfabrics.com\/fr\/wp-json\/wp\/v2\/comments?post=23765"}],"version-history":[{"count":5,"href":"https:\/\/exitfabrics.com\/fr\/wp-json\/wp\/v2\/pages\/23765\/revisions"}],"predecessor-version":[{"id":79603,"href":"https:\/\/exitfabrics.com\/fr\/wp-json\/wp\/v2\/pages\/23765\/revisions\/79603"}],"wp:attachment":[{"href":"https:\/\/exitfabrics.com\/fr\/wp-json\/wp\/v2\/media?parent=23765"}],"curies":[{"name":"wp","href":"https:\/\/api.w.org\/{rel}","templated":true}]}}