{"id":51409,"date":"2019-07-30T17:36:16","date_gmt":"2019-07-30T15:36:16","guid":{"rendered":"https:\/\/exitfabrics.com\/cookies\/"},"modified":"2019-07-30T17:36:16","modified_gmt":"2019-07-30T15:36:16","slug":"cookies","status":"publish","type":"page","link":"https:\/\/exitfabrics.com\/es\/cookies\/","title":{"rendered":"Pol\u00edtica de Cookies"},"content":{"rendered":"<div class=\"wpb-content-wrapper\"><p>[vc_row][vc_column][vc_column_text]Con el fin de obtener un funcionamiento \u00f3ptimo de nuestra website utilizamos cookies. Las cookies son procedimientos autom\u00e1ticos de recogida de datos sobre la navegaci\u00f3n por la web con el fin de reconocer al usuario como visitante recurrente y personalizar su experiencia. Entre otros, se obtienen datos tales como, el idioma de navegaci\u00f3n del usuario, el pa\u00eds, el inicio de sesi\u00f3n, las caracter\u00edsticas del navegador, o incluso informaci\u00f3n acerca de la fecha y hora de la \u00faltima visita, par\u00e1metros de tr\u00e1fico dentro de la website y el n\u00famero de visitas.<br \/>\nPr\u00e1cticamente todas las p\u00e1ginas web utilizan cookies ya que muchas de ellas son imprescindibles para el correcto funcionamiento de distintos servicios y utilidades, como por ejemplo los servicios de compra o registro o la conexi\u00f3n a redes sociales.<br \/>\nEn caso de que se utilice una configuraci\u00f3n de seguridad media o baja que permita la instalaci\u00f3n autom\u00e1tica de cookies al navegar por nuestra website, consideraremos que consiente t\u00e1citamente su instalaci\u00f3n.<br \/>\nEXIT FABRICS, a trav\u00e9s de la website utiliza las siguientes cookies:<\/p>\n<table class=\"wt-cli-element cookielawinfo-classic cookielawinfo-row-cat-table\"><thead><tr><th scope=\"col\" class=\"cookielawinfo-column-1\">Cookie<\/th><th scope=\"col\" class=\"cookielawinfo-column-3\">Duraci\u00f3n<\/th><th scope=\"col\" class=\"cookielawinfo-column-4\">Descripci\u00f3n<\/th><\/thead><tbody><tr class=\"cookielawinfo-row-cat-title\"><th colspan=\"3\" class=\"cookielawinfo-row-cat-title-head\">Necesarias<\/th><\/tr><tr class=\"cookielawinfo-row\"><td class=\"cookielawinfo-column-1\">cookielawinfo-checkbox-analytics<\/td><td class=\"cookielawinfo-column-3\">1 year<\/td><td class=\"cookielawinfo-column-4\">Set by the GDPR Cookie Consent plugin, this cookie is used to record the user consent for the cookies in the \"Analytics\" category .<\/td><\/tr><tr class=\"cookielawinfo-row\"><td class=\"cookielawinfo-column-1\">cookielawinfo-checkbox-performance<\/td><td class=\"cookielawinfo-column-3\">1 year<\/td><td class=\"cookielawinfo-column-4\">Set by the GDPR Cookie Consent plugin, this cookie is used to store the user consent for cookies in the category \"Performance\".<\/td><\/tr><tr class=\"cookielawinfo-row\"><td class=\"cookielawinfo-column-1\">cookielawinfo-checkbox-advertisement<\/td><td class=\"cookielawinfo-column-3\">1 year<\/td><td class=\"cookielawinfo-column-4\">Set by the GDPR Cookie Consent plugin, this cookie is used to record the user consent for the cookies in the \"Advertisement\" category .<\/td><\/tr><tr class=\"cookielawinfo-row\"><td class=\"cookielawinfo-column-1\">_GRECAPTCHA<\/td><td class=\"cookielawinfo-column-3\">5 months 27 days<\/td><td class=\"cookielawinfo-column-4\">This cookie is set by the Google recaptcha service to identify bots to protect the website against malicious spam attacks.<\/td><\/tr><tr class=\"cookielawinfo-row\"><td class=\"cookielawinfo-column-1\">cookielawinfo-checkbox-necessaires<\/td><td class=\"cookielawinfo-column-3\">1 year<\/td><td class=\"cookielawinfo-column-4\">Set by the GDPR Cookie Consent plugin, this cookie is used to store the user consent for cookies in the category \"Necessary\".<\/td><\/tr><tr class=\"cookielawinfo-row\"><td class=\"cookielawinfo-column-1\">cookielawinfo-checkbox-analytiques<\/td><td class=\"cookielawinfo-column-3\">1 year<\/td><td class=\"cookielawinfo-column-4\">Set by the GDPR Cookie Consent plugin to store the user consent for cookies in the category \"Analytics\".<\/td><\/tr><tr class=\"cookielawinfo-row\"><td class=\"cookielawinfo-column-1\">JSESSIONID<\/td><td class=\"cookielawinfo-column-3\">session<\/td><td class=\"cookielawinfo-column-4\">The JSESSIONID cookie is used by New Relic to store a session identifier so that New Relic can monitor session counts for an application.<\/td><\/tr><tr class=\"cookielawinfo-row\"><td class=\"cookielawinfo-column-1\">CookieLawInfoConsent<\/td><td class=\"cookielawinfo-column-3\">1 year<\/td><td class=\"cookielawinfo-column-4\">Records the default button state of the corresponding category &amp; the status of CCPA. It works only in coordination with the primary cookie.<\/td><\/tr><tr class=\"cookielawinfo-row\"><td class=\"cookielawinfo-column-1\">cookielawinfo-checkbox-necessary<\/td><td class=\"cookielawinfo-column-3\">1 year<\/td><td class=\"cookielawinfo-column-4\">Set by the GDPR Cookie Consent plugin, this cookie is used to record the user consent for the cookies in the \"Necessary\" category .<\/td><\/tr><tr class=\"cookielawinfo-row\"><td class=\"cookielawinfo-column-1\">viewed_cookie_policy<\/td><td class=\"cookielawinfo-column-3\">1 hora<\/td><td class=\"cookielawinfo-column-4\">La cookie es establecida por el plugin de consentimiento de cookies de GDPR y se utiliza para almacenar si el usuario ha consentido o no el uso de cookies. No almacena ning\u00fan dato personal.<\/td><\/tr><tr class=\"cookielawinfo-row-cat-title\"><th colspan=\"3\" class=\"cookielawinfo-row-cat-title-head\">Anal\u00edticas<\/th><\/tr><tr class=\"cookielawinfo-row\"><td class=\"cookielawinfo-column-1\">_ga_VTBKQH2Q8G<\/td><td class=\"cookielawinfo-column-3\">2 years<\/td><td class=\"cookielawinfo-column-4\">This cookie is installed by Google Analytics.<\/td><\/tr><tr class=\"cookielawinfo-row\"><td class=\"cookielawinfo-column-1\">CONSENT<\/td><td class=\"cookielawinfo-column-3\">2 years<\/td><td class=\"cookielawinfo-column-4\">YouTube sets this cookie via embedded youtube-videos and registers anonymous statistical data.<\/td><\/tr><tr class=\"cookielawinfo-row\"><td class=\"cookielawinfo-column-1\">_gat_UA-80720938-1<\/td><td class=\"cookielawinfo-column-3\">1 minute<\/td><td class=\"cookielawinfo-column-4\">A variation of the _gat cookie set by Google Analytics and Google Tag Manager to allow website owners to track visitor behaviour and measure site performance. The pattern element in the name contains the unique identity number of the account or website it relates to.<\/td><\/tr><tr class=\"cookielawinfo-row\"><td class=\"cookielawinfo-column-1\">_ga<\/td><td class=\"cookielawinfo-column-3\">2 a\u00f1os<\/td><td class=\"cookielawinfo-column-4\">Esta cookie es instalada por Google Analytics. La cookie se utiliza para calcular los datos de visitantes, sesiones, campa\u00f1as y para hacer un seguimiento del uso del sitio para el informe anal\u00edtico del mismo. Las cookies almacenan informaci\u00f3n de forma an\u00f3nima y asignan un n\u00famero generado aleatoriamente para identificar a los visitantes \u00fanicos.<\/td><\/tr><tr class=\"cookielawinfo-row\"><td class=\"cookielawinfo-column-1\">_gid<\/td><td class=\"cookielawinfo-column-3\">1 d\u00eda<\/td><td class=\"cookielawinfo-column-4\">Esta cookie es instalada por Google Analytics. La cookie se utiliza para almacenar informaci\u00f3n de c\u00f3mo los visitantes utilizan un sitio web y ayuda a crear un informe anal\u00edtico de c\u00f3mo est\u00e1 funcionando el sitio web.  Los datos recogidos incluyen el n\u00famero de visitantes, la fuente de donde vienen y las p\u00e1ginas visitadas de forma an\u00f3nima.<\/td><\/tr><tr class=\"cookielawinfo-row-cat-title\"><th colspan=\"3\" class=\"cookielawinfo-row-cat-title-head\">Rendimiento<\/th><\/tr><tr class=\"cookielawinfo-row\"><td class=\"cookielawinfo-column-1\">_gat<\/td><td class=\"cookielawinfo-column-3\">1 minuto<\/td><td class=\"cookielawinfo-column-4\">Estas cookies son instaladas por Google Universal Analytics para reducir la tasa de solicitudes y limitar la recolecci\u00f3n de datos en sitios de alto tr\u00e1fico.<\/td><\/tr><tr class=\"cookielawinfo-row-cat-title\"><th colspan=\"3\" class=\"cookielawinfo-row-cat-title-head\">Publicidad<\/th><\/tr><tr class=\"cookielawinfo-row\"><td class=\"cookielawinfo-column-1\">fr<\/td><td class=\"cookielawinfo-column-3\">3 months<\/td><td class=\"cookielawinfo-column-4\">Facebook sets this cookie to show relevant advertisements to users by tracking user behaviour across the web, on sites that have Facebook pixel or Facebook social plugin.<\/td><\/tr><tr class=\"cookielawinfo-row\"><td class=\"cookielawinfo-column-1\">YSC<\/td><td class=\"cookielawinfo-column-3\">session<\/td><td class=\"cookielawinfo-column-4\">YSC cookie is set by Youtube and is used to track the views of embedded videos on Youtube pages.<\/td><\/tr><tr class=\"cookielawinfo-row\"><td class=\"cookielawinfo-column-1\">VISITOR_INFO1_LIVE<\/td><td class=\"cookielawinfo-column-3\">5 months 27 days<\/td><td class=\"cookielawinfo-column-4\">A cookie set by YouTube to measure bandwidth that determines whether the user gets the new or old player interface.<\/td><\/tr><tr class=\"cookielawinfo-row\"><td class=\"cookielawinfo-column-1\">yt-remote-device-id<\/td><td class=\"cookielawinfo-column-3\">never<\/td><td class=\"cookielawinfo-column-4\">YouTube sets this cookie to store the video preferences of the user using embedded YouTube video.<\/td><\/tr><tr class=\"cookielawinfo-row\"><td class=\"cookielawinfo-column-1\">yt.innertube::requests<\/td><td class=\"cookielawinfo-column-3\">never<\/td><td class=\"cookielawinfo-column-4\">This cookie, set by YouTube, registers a unique ID to store data on what videos from YouTube the user has seen.<\/td><\/tr><tr class=\"cookielawinfo-row\"><td class=\"cookielawinfo-column-1\">yt.innertube::nextId<\/td><td class=\"cookielawinfo-column-3\">never<\/td><td class=\"cookielawinfo-column-4\">This cookie, set by YouTube, registers a unique ID to store data on what videos from YouTube the user has seen.<\/td><\/tr><tr class=\"cookielawinfo-row\"><td class=\"cookielawinfo-column-1\">yt-remote-connected-devices<\/td><td class=\"cookielawinfo-column-3\">never<\/td><td class=\"cookielawinfo-column-4\">YouTube sets this cookie to store the video preferences of the user using embedded YouTube video.<\/td><\/tr><tr class=\"cookielawinfo-row\"><td class=\"cookielawinfo-column-1\">_fbp<\/td><td class=\"cookielawinfo-column-3\">3 months<\/td><td class=\"cookielawinfo-column-4\">This cookie is set by Facebook to display advertisements when either on Facebook or on a digital platform powered by Facebook advertising, after visiting the website.<\/td><\/tr><tr class=\"cookielawinfo-row\"><td class=\"cookielawinfo-column-1\">NID<\/td><td class=\"cookielawinfo-column-3\">6 meses<\/td><td class=\"cookielawinfo-column-4\">Esta cookie se utiliza para crear un perfil basado en el inter\u00e9s del usuario y mostrar anuncios personalizados a los usuarios.<\/td><\/tr><tr class=\"cookielawinfo-row-cat-title\"><th colspan=\"3\" class=\"cookielawinfo-row-cat-title-head\">Others<\/th><\/tr><tr class=\"cookielawinfo-row\"><td class=\"cookielawinfo-column-1\">wp-wpml_current_language<\/td><td class=\"cookielawinfo-column-3\">session<\/td><td class=\"cookielawinfo-column-4\">No description available.<\/td><\/tr><\/tbody><\/table>\n<p>&nbsp;<\/p>\n<p>\u00bfC\u00f3mo desactivar las cookies?<\/p>\n<p>Puesto que nuestro deseo es que tengas una navegaci\u00f3n \u00f3ptima por el site, las cookies se activan autom\u00e1ticamente cuando entras en \u00e9l. No obstante, si quieres desactivarlas (o volver a activarlas), tienes que hacerlo t\u00fa mismo a trav\u00e9s de tu navegador. Por otro lado, si tu navegador ya est\u00e1 configurado para que no acepte cookies por defecto, es posible que nuestro site no funcione correctamente. A continuaci\u00f3n, le proporcionamos informaci\u00f3n acerca de c\u00f3mo activar y desactivar las cookies en los principales navegadores web:<\/p>\n<ul>\n<li>Si utiliza Microsoft Internet Explorer, en la opci\u00f3n de men\u00fa Herramientas &gt; Opciones de Internet &gt; Privacidad &gt; Configuraci\u00f3n.<\/li>\n<li>Si utiliza Firefox, en la opci\u00f3n de men\u00fa Herramientas &gt; Opciones &gt; Privacidad &gt; Cookies.<\/li>\n<li>Si utiliza Google Chrome, en la opci\u00f3n de men\u00fa Configuraci\u00f3n &gt; Privacidad<\/li>\n<li>Si utiliza Safari, en la opci\u00f3n de men\u00fa Preferencias &gt; Seguridad<\/li>\n<\/ul>\n<p>En el caso de que su navegador no figure en la lista anterior, en la secci\u00f3n \u201cAyuda\u201d del mismo encontrar\u00e1 las instrucciones necesarias para modificar los ajustes.<br \/>\nDebe tener en cuenta que bloquear las cookies o limitar su instalaci\u00f3n podr\u00eda provocar que algunas de las caracter\u00edsticas de la website no funcionen o puedan resultar m\u00e1s complicadas o lentas de acceder.<br \/>\nUna alternativa al bloqueo de las cookies ser\u00eda la activaci\u00f3n del modo privado de su navegador. Este modo permite navegar a trav\u00e9s de las p\u00e1ginas, pero \u00e9stas no quedar\u00e1n registradas en el historial del navegador, en el almac\u00e9n de las cookies ni en el historial de b\u00fasquedas una vez el usuario haya cerrado todas las pesta\u00f1as de inc\u00f3gnito. A continuaci\u00f3n, le facilitamos diversos enlaces explicativos de c\u00f3mo activar el modo de inc\u00f3gnito en los principales navegadores:<\/p>\n<ul>\n<li><a href=\"http:\/\/windows.microsoft.com\/es-es\/internet-explorer\/products\/ie-9\/features\/in-private\">Internet Explorer: InPrivate<\/a><\/li>\n<li><a href=\"https:\/\/support.mozilla.org\/es\/kb\/navegacion-privada-Firefox-no-guardar-historial-navegacion\">FireFox: Navegaci\u00f3n Privada<\/a><\/li>\n<li><a href=\"https:\/\/support.google.com\/chrome\/answer\/95464?co=GENIE.Platform%253DDesktop&amp;hl=es\">Google Chrome: Inc\u00f3gnito<\/a><\/li>\n<li><a href=\"https:\/\/support.apple.com\/es-es\/guide\/safari\/ibrw1069\/mac\">Safari: Navegaci\u00f3n Privada<\/a><\/li>\n<li><a href=\"http:\/\/help.opera.com\/Windows\/12.00\/es-ES\/private.html\">Opera: Navegaci\u00f3n Privada<\/a><\/li>\n<\/ul>\n<p>Para m\u00e1s informaci\u00f3n, EXIT FABRICS recomienda la lectura de la secci\u00f3n de ayuda del navegador.<br \/>\n\u00a1Muchas gracias y disfruta de tu navegaci\u00f3n!<\/p>\n<div class=\"cookies-page\"><a id=\"wt-cli-settings-btn\" tabindex=\"0\" role='button' style=\"border:1px solid rgb(255, 252, 252); text-decoration:none; padding:8px 25px; border-radius:0px;\" class=\"wt-cli-element medium cli-plugin-button cli-plugin-main-button cli_settings_button\" >Configurar cookies<\/a><\/div>\n<p>\u00daltima modificaci\u00f3n: 30 de octubre de 2020[\/vc_column_text][\/vc_column][\/vc_row]<\/p>\n<\/div>","protected":false},"excerpt":{"rendered":"<p>[vc_row][vc_column][vc_column_text]Con el fin de obtener un funcionamiento \u00f3ptimo de nuestra website utilizamos cookies. Las cookies son procedimientos autom\u00e1ticos de recogida de datos sobre la navegaci\u00f3n por la web con el fin de reconocer al usuario como visitante recurrente y personalizar su experiencia. Entre otros, se obtienen datos tales como, el idioma de navegaci\u00f3n del usuario, [&#8230;]<\/p>\n<p><a class=\"btn btn-secondary understrap-read-more-link\" href=\"https:\/\/exitfabrics.com\/es\/cookies\/\">Leer m\u00e1s&#8230;<span class=\"screen-reader-text\"> from Pol\u00edtica de Cookies<\/span><\/a><\/p>\n","protected":false},"author":1,"featured_media":0,"parent":0,"menu_order":0,"comment_status":"closed","ping_status":"closed","template":"","meta":{"_acf_changed":false,"footnotes":""},"class_list":["post-51409","page","type-page","status-publish","hentry"],"acf":[],"yoast_head":"<!-- This site is optimized with the Yoast SEO plugin v27.3 - https:\/\/yoast.com\/product\/yoast-seo-wordpress\/ -->\n<title>Pol\u00edtica de Cookies - Exit Fabrics<\/title>\n<meta name=\"robots\" content=\"index, follow, max-snippet:-1, max-image-preview:large, max-video-preview:-1\" \/>\n<link rel=\"canonical\" href=\"https:\/\/exitfabrics.com\/es\/cookies\/\" \/>\n<meta property=\"og:locale\" content=\"es_ES\" \/>\n<meta property=\"og:type\" content=\"article\" \/>\n<meta property=\"og:title\" content=\"Pol\u00edtica de Cookies - Exit Fabrics\" \/>\n<meta property=\"og:description\" content=\"[vc_row][vc_column][vc_column_text]Con el fin de obtener un funcionamiento \u00f3ptimo de nuestra website utilizamos cookies. Las cookies son procedimientos autom\u00e1ticos de recogida de datos sobre la navegaci\u00f3n por la web con el fin de reconocer al usuario como visitante recurrente y personalizar su experiencia. Entre otros, se obtienen datos tales como, el idioma de navegaci\u00f3n del usuario, [...]Leer m\u00e1s... from Pol\u00edtica de Cookies\" \/>\n<meta property=\"og:url\" content=\"https:\/\/exitfabrics.com\/es\/cookies\/\" \/>\n<meta property=\"og:site_name\" content=\"Exit Fabrics\" \/>\n<meta name=\"twitter:card\" content=\"summary_large_image\" \/>\n<meta name=\"twitter:label1\" content=\"Tiempo de lectura\" \/>\n\t<meta name=\"twitter:data1\" content=\"3 minutos\" \/>\n<script type=\"application\/ld+json\" class=\"yoast-schema-graph\">{\"@context\":\"https:\\\/\\\/schema.org\",\"@graph\":[{\"@type\":\"WebPage\",\"@id\":\"https:\\\/\\\/exitfabrics.com\\\/es\\\/cookies\\\/\",\"url\":\"https:\\\/\\\/exitfabrics.com\\\/es\\\/cookies\\\/\",\"name\":\"Pol\u00edtica de Cookies - Exit Fabrics\",\"isPartOf\":{\"@id\":\"https:\\\/\\\/exitfabrics.com\\\/es\\\/#website\"},\"datePublished\":\"2019-07-30T15:36:16+00:00\",\"breadcrumb\":{\"@id\":\"https:\\\/\\\/exitfabrics.com\\\/es\\\/cookies\\\/#breadcrumb\"},\"inLanguage\":\"es\",\"potentialAction\":[{\"@type\":\"ReadAction\",\"target\":[\"https:\\\/\\\/exitfabrics.com\\\/es\\\/cookies\\\/\"]}]},{\"@type\":\"BreadcrumbList\",\"@id\":\"https:\\\/\\\/exitfabrics.com\\\/es\\\/cookies\\\/#breadcrumb\",\"itemListElement\":[{\"@type\":\"ListItem\",\"position\":1,\"name\":\"Home\",\"item\":\"https:\\\/\\\/exitfabrics.com\\\/es\\\/\"},{\"@type\":\"ListItem\",\"position\":2,\"name\":\"Pol\u00edtica de Cookies\"}]},{\"@type\":\"WebSite\",\"@id\":\"https:\\\/\\\/exitfabrics.com\\\/es\\\/#website\",\"url\":\"https:\\\/\\\/exitfabrics.com\\\/es\\\/\",\"name\":\"Exit Fabrics\",\"description\":\"Upholstery for all needs\",\"publisher\":{\"@id\":\"https:\\\/\\\/exitfabrics.com\\\/es\\\/#organization\"},\"potentialAction\":[{\"@type\":\"SearchAction\",\"target\":{\"@type\":\"EntryPoint\",\"urlTemplate\":\"https:\\\/\\\/exitfabrics.com\\\/es\\\/?s={search_term_string}\"},\"query-input\":{\"@type\":\"PropertyValueSpecification\",\"valueRequired\":true,\"valueName\":\"search_term_string\"}}],\"inLanguage\":\"es\"},{\"@type\":\"Organization\",\"@id\":\"https:\\\/\\\/exitfabrics.com\\\/es\\\/#organization\",\"name\":\"Exit Fabrics\",\"url\":\"https:\\\/\\\/exitfabrics.com\\\/es\\\/\",\"logo\":{\"@type\":\"ImageObject\",\"inLanguage\":\"es\",\"@id\":\"https:\\\/\\\/exitfabrics.com\\\/es\\\/#\\\/schema\\\/logo\\\/image\\\/\",\"url\":\"https:\\\/\\\/exitfabrics.com\\\/wp-content\\\/uploads\\\/2019\\\/07\\\/logo-black.png\",\"contentUrl\":\"https:\\\/\\\/exitfabrics.com\\\/wp-content\\\/uploads\\\/2019\\\/07\\\/logo-black.png\",\"width\":230,\"height\":64,\"caption\":\"Exit Fabrics\"},\"image\":{\"@id\":\"https:\\\/\\\/exitfabrics.com\\\/es\\\/#\\\/schema\\\/logo\\\/image\\\/\"},\"sameAs\":[\"https:\\\/\\\/www.instagram.com\\\/exitfabrics\\\/\",\"https:\\\/\\\/www.linkedin.com\\\/company\\\/exit-fabrics\\\/\"]}]}<\/script>\n<!-- \/ Yoast SEO plugin. -->","yoast_head_json":{"title":"Pol\u00edtica de Cookies - Exit Fabrics","robots":{"index":"index","follow":"follow","max-snippet":"max-snippet:-1","max-image-preview":"max-image-preview:large","max-video-preview":"max-video-preview:-1"},"canonical":"https:\/\/exitfabrics.com\/es\/cookies\/","og_locale":"es_ES","og_type":"article","og_title":"Pol\u00edtica de Cookies - Exit Fabrics","og_description":"[vc_row][vc_column][vc_column_text]Con el fin de obtener un funcionamiento \u00f3ptimo de nuestra website utilizamos cookies. Las cookies son procedimientos autom\u00e1ticos de recogida de datos sobre la navegaci\u00f3n por la web con el fin de reconocer al usuario como visitante recurrente y personalizar su experiencia. Entre otros, se obtienen datos tales como, el idioma de navegaci\u00f3n del usuario, [...]Leer m\u00e1s... from Pol\u00edtica de Cookies","og_url":"https:\/\/exitfabrics.com\/es\/cookies\/","og_site_name":"Exit Fabrics","twitter_card":"summary_large_image","twitter_misc":{"Tiempo de lectura":"3 minutos"},"schema":{"@context":"https:\/\/schema.org","@graph":[{"@type":"WebPage","@id":"https:\/\/exitfabrics.com\/es\/cookies\/","url":"https:\/\/exitfabrics.com\/es\/cookies\/","name":"Pol\u00edtica de Cookies - Exit Fabrics","isPartOf":{"@id":"https:\/\/exitfabrics.com\/es\/#website"},"datePublished":"2019-07-30T15:36:16+00:00","breadcrumb":{"@id":"https:\/\/exitfabrics.com\/es\/cookies\/#breadcrumb"},"inLanguage":"es","potentialAction":[{"@type":"ReadAction","target":["https:\/\/exitfabrics.com\/es\/cookies\/"]}]},{"@type":"BreadcrumbList","@id":"https:\/\/exitfabrics.com\/es\/cookies\/#breadcrumb","itemListElement":[{"@type":"ListItem","position":1,"name":"Home","item":"https:\/\/exitfabrics.com\/es\/"},{"@type":"ListItem","position":2,"name":"Pol\u00edtica de Cookies"}]},{"@type":"WebSite","@id":"https:\/\/exitfabrics.com\/es\/#website","url":"https:\/\/exitfabrics.com\/es\/","name":"Exit Fabrics","description":"Upholstery for all needs","publisher":{"@id":"https:\/\/exitfabrics.com\/es\/#organization"},"potentialAction":[{"@type":"SearchAction","target":{"@type":"EntryPoint","urlTemplate":"https:\/\/exitfabrics.com\/es\/?s={search_term_string}"},"query-input":{"@type":"PropertyValueSpecification","valueRequired":true,"valueName":"search_term_string"}}],"inLanguage":"es"},{"@type":"Organization","@id":"https:\/\/exitfabrics.com\/es\/#organization","name":"Exit Fabrics","url":"https:\/\/exitfabrics.com\/es\/","logo":{"@type":"ImageObject","inLanguage":"es","@id":"https:\/\/exitfabrics.com\/es\/#\/schema\/logo\/image\/","url":"https:\/\/exitfabrics.com\/wp-content\/uploads\/2019\/07\/logo-black.png","contentUrl":"https:\/\/exitfabrics.com\/wp-content\/uploads\/2019\/07\/logo-black.png","width":230,"height":64,"caption":"Exit Fabrics"},"image":{"@id":"https:\/\/exitfabrics.com\/es\/#\/schema\/logo\/image\/"},"sameAs":["https:\/\/www.instagram.com\/exitfabrics\/","https:\/\/www.linkedin.com\/company\/exit-fabrics\/"]}]}},"_links":{"self":[{"href":"https:\/\/exitfabrics.com\/es\/wp-json\/wp\/v2\/pages\/51409","targetHints":{"allow":["GET"]}}],"collection":[{"href":"https:\/\/exitfabrics.com\/es\/wp-json\/wp\/v2\/pages"}],"about":[{"href":"https:\/\/exitfabrics.com\/es\/wp-json\/wp\/v2\/types\/page"}],"author":[{"embeddable":true,"href":"https:\/\/exitfabrics.com\/es\/wp-json\/wp\/v2\/users\/1"}],"replies":[{"embeddable":true,"href":"https:\/\/exitfabrics.com\/es\/wp-json\/wp\/v2\/comments?post=51409"}],"version-history":[{"count":0,"href":"https:\/\/exitfabrics.com\/es\/wp-json\/wp\/v2\/pages\/51409\/revisions"}],"wp:attachment":[{"href":"https:\/\/exitfabrics.com\/es\/wp-json\/wp\/v2\/media?parent=51409"}],"curies":[{"name":"wp","href":"https:\/\/api.w.org\/{rel}","templated":true}]}}