{"id":17,"date":"2019-07-22T12:01:23","date_gmt":"2019-07-22T10:01:23","guid":{"rendered":"https:\/\/exitfabrics.com\/?page_id=17"},"modified":"2025-03-06T13:43:46","modified_gmt":"2025-03-06T12:43:46","slug":"contacto","status":"publish","type":"page","link":"https:\/\/exitfabrics.com\/es\/contacto\/","title":{"rendered":"Contacto"},"content":{"rendered":"<div class=\"wpb-content-wrapper\"><p>[vc_section el_id=\u00bbcontacto\u00bb][vc_row][vc_column width=\u00bb5\/12&#8243;][vc_column_text css=\u00bb\u00bb]<\/p>\n<div>Exit Fabrics, S.L.<br \/>\nPlaza de la Tecnolog\u00eda, 2 Naves 1 y 2<br \/>\nPol. Ind. Santa Margarida II<br \/>\n08223 Terrassa | Barcelona, Spain<\/div>\n<p>&nbsp;<\/p>\n<div>\n<p>T. <a href=\"tel:+34937832377\">+34 937 832 377<\/a><br \/>\n<a href=\"mailto:info@exitfabrics.com\">info@exitfabrics.com<\/a><\/p>\n<\/div>\n<p>[\/vc_column_text][\/vc_column][vc_column width=\u00bb7\/12&#8243;][vc_gmaps link=\u00bb#E-8_JTNDaWZyYW1lJTIwc3JjJTNEJTIyaHR0cHMlM0ElMkYlMkZ3d3cuZ29vZ2xlLmNvbSUyRm1hcHMlMkZlbWJlZCUzRnBiJTNEJTIxMW0xNCUyMTFtOCUyMTFtMyUyMTFkMTE5NDMuNzkwMTc2OTgxNjc2JTIxMmQyLjAyODM5MzklMjEzZDQxLjU0ODczMyUyMTNtMiUyMTFpMTAyNCUyMTJpNzY4JTIxNGYxMy4xJTIxM20zJTIxMW0yJTIxMXMweDAlMjUzQTB4OGQzOTFlYTZjOWQ2Y2UwOSUyMTJzRXhpdCUyNTIwU29sdXRpb25zJTI1MjBTLkwuJTIxNWUwJTIxM20yJTIxMXNlcyUyMTJzZXMlMjE0djE1Njk4NTIwNzkyNDAlMjE1bTIlMjExc2VzJTIxMnNlcyUyMiUyMHdpZHRoJTNEJTIyNjAwJTIyJTIwaGVpZ2h0JTNEJTIyNDUwJTIyJTIwZnJhbWVib3JkZXIlM0QlMjIwJTIyJTIwc3R5bGUlM0QlMjJib3JkZXIlM0EwJTNCJTIyJTIwYWxsb3dmdWxsc2NyZWVuJTNEJTIyJTIyJTNFJTNDJTJGaWZyYW1lJTNF\u00bb size=\u00bb350&#8243;][\/vc_column][\/vc_row][vc_row][vc_column][vc_column_text]<\/p>\n<h1 class=\"entry-title\">Contacta con nosotros<\/h1>\n<p>[\/vc_column_text]\n<div class=\"wpcf7 no-js\" id=\"wpcf7-f2685-o1\" lang=\"es-ES\" dir=\"ltr\" data-wpcf7-id=\"2685\">\n<div class=\"screen-reader-response\"><p role=\"status\" aria-live=\"polite\" aria-atomic=\"true\"><\/p> <ul><\/ul><\/div>\n<form action=\"\/es\/wp-json\/wp\/v2\/pages\/17#wpcf7-f2685-o1\" method=\"post\" class=\"wpcf7-form init wpcf7-acceptance-as-validation\" aria-label=\"Formulario de contacto\" novalidate=\"novalidate\" data-status=\"init\">\n<fieldset class=\"hidden-fields-container\"><input type=\"hidden\" name=\"_wpcf7\" value=\"2685\" \/><input type=\"hidden\" name=\"_wpcf7_version\" value=\"6.1.5\" \/><input type=\"hidden\" name=\"_wpcf7_locale\" value=\"es_ES\" \/><input type=\"hidden\" name=\"_wpcf7_unit_tag\" value=\"wpcf7-f2685-o1\" \/><input type=\"hidden\" name=\"_wpcf7_container_post\" value=\"0\" \/><input type=\"hidden\" name=\"_wpcf7_posted_data_hash\" value=\"\" \/><input type=\"hidden\" name=\"_wpcf7dtx_version\" value=\"5.0.5\" \/><input type=\"hidden\" name=\"_wpcf7_recaptcha_response\" value=\"\" \/>\n<\/fieldset>\n<div class=\"row\">\n\t<div class=\"col-12 col-sm-6\">\n\t\t<p><label class=\"input-contact\">Nombre* <span class=\"wpcf7-form-control-wrap\" data-name=\"your-name\"><input size=\"40\" maxlength=\"400\" class=\"wpcf7-form-control wpcf7-text wpcf7-validates-as-required\" aria-required=\"true\" aria-invalid=\"false\" value=\"\" type=\"text\" name=\"your-name\" \/><\/span> <\/label>\n\t\t<\/p>\n\t<\/div>\n\t<div class=\"col-12 col-sm-6\">\n\t\t<p><label class=\"input-contact\">Apellidos* <span class=\"wpcf7-form-control-wrap\" data-name=\"your-surname\"><input size=\"40\" maxlength=\"400\" class=\"wpcf7-form-control wpcf7-text wpcf7-validates-as-required\" aria-required=\"true\" aria-invalid=\"false\" value=\"\" type=\"text\" name=\"your-surname\" \/><\/span> <\/label>\n\t\t<\/p>\n\t<\/div>\n<\/div>\n<div class=\"row\">\n\t<div class=\"col-12 col-sm-6\">\n\t\t<p><label class=\"input-contact\">Email* <span class=\"wpcf7-form-control-wrap\" data-name=\"your-email\"><input size=\"40\" maxlength=\"400\" class=\"wpcf7-form-control wpcf7-email wpcf7-validates-as-required wpcf7-text wpcf7-validates-as-email\" aria-required=\"true\" aria-invalid=\"false\" value=\"\" type=\"email\" name=\"your-email\" \/><\/span> <\/label>\n\t\t<\/p>\n\t<\/div>\n\t<div class=\"col-12 col-sm-6\">\n\t\t<p><label class=\"input-contact\">Tel\u00e9fono* <span class=\"wpcf7-form-control-wrap\" data-name=\"your-tel\"><input size=\"40\" maxlength=\"400\" class=\"wpcf7-form-control wpcf7-tel wpcf7-validates-as-required wpcf7-text wpcf7-validates-as-tel\" aria-required=\"true\" aria-invalid=\"false\" value=\"\" type=\"tel\" name=\"your-tel\" \/><\/span> <\/label>\n\t\t<\/p>\n\t<\/div>\n<\/div>\n<div class=\"row\">\n\t<div class=\"col-12 col-sm-6\">\n\t\t<p><label class=\"input-contact\">Ciudad* <span class=\"wpcf7-form-control-wrap\" data-name=\"your-city\"><input size=\"40\" maxlength=\"400\" class=\"wpcf7-form-control wpcf7-text wpcf7-validates-as-required\" aria-required=\"true\" aria-invalid=\"false\" value=\"\" type=\"text\" name=\"your-city\" \/><\/span> <\/label>\n\t\t<\/p>\n\t<\/div>\n\t<div class=\"col-12 col-sm-6\">\n\t\t<p><label class=\"input-contact\">Pa\u00eds* <span class=\"wpcf7-form-control-wrap\" data-name=\"your-country\"><input size=\"40\" maxlength=\"400\" class=\"wpcf7-form-control wpcf7-text wpcf7-validates-as-required\" aria-required=\"true\" aria-invalid=\"false\" value=\"\" type=\"text\" name=\"your-country\" \/><\/span> <\/label>\n\t\t<\/p>\n\t<\/div>\n<\/div>\n<div class=\"row\">\n\t<div class=\"col-12 col-sm-6\">\n\t\t<p><label class=\"input-contact\">Profesi\u00f3n* <span class=\"wpcf7-form-control-wrap\" data-name=\"your-profesion\"><select class=\"wpcf7-form-control wpcf7-select wpcf7-validates-as-required\" aria-required=\"true\" aria-invalid=\"false\" name=\"your-profesion\"><option value=\"\"><\/option><option value=\"Interiorista\">Interiorista<\/option><option value=\"Dise\u00f1ador\">Dise\u00f1ador<\/option><option value=\"Arquitecto\">Arquitecto<\/option><option value=\"Industrial del mueble\">Industrial del mueble<\/option><option value=\"Distribuidor de tejidos\">Distribuidor de tejidos<\/option><option value=\"Tapicero\">Tapicero<\/option><option value=\"Tienda de decoraci\u00f3n\">Tienda de decoraci\u00f3n<\/option><option value=\"Particular\">Particular<\/option><\/select><\/span> <\/label>\n\t\t<\/p>\n\t<\/div>\n\t<div class=\"col-12 col-sm-6\">\n\t\t<p><label class=\"input-contact\">Nombre empresa* <span class=\"wpcf7-form-control-wrap\" data-name=\"your-empresa\"><input size=\"40\" maxlength=\"400\" class=\"wpcf7-form-control wpcf7-text wpcf7-validates-as-required\" aria-required=\"true\" aria-invalid=\"false\" value=\"\" type=\"text\" name=\"your-empresa\" \/><\/span> <\/label>\n\t\t<\/p>\n\t<\/div>\n<\/div>\n<div class=\"row\">\n\t<div class=\"col-12 col-sm-6\">\n\t\t<p><label class=\"input-contact\">Asunto* <span class=\"wpcf7-form-control-wrap dynamictext-240\" data-name=\"dynamictext-240\"><input type=\"text\" name=\"dynamictext-240\" class=\"wpcf7-form-control wpcf7-text wpcf7dtx wpcf7dtx-text\" aria-invalid=\"false\" required=\"required\"><\/span><\/label>\n\t\t<\/p>\n\t<\/div>\n<\/div>\n<div class=\"input-textarea\">\n\t<p><label class=\"input-contact\">Mensaje <span class=\"wpcf7-form-control-wrap\" data-name=\"your-message\"><textarea cols=\"40\" rows=\"10\" maxlength=\"2000\" class=\"wpcf7-form-control wpcf7-textarea\" aria-invalid=\"false\" placeholder=\"Mensaje (opcional)\" name=\"your-message\"><\/textarea><\/span> <\/label>\n\t<\/p>\n<\/div>\n<div class=\"form-bottom\">\n\t<div>\n\t\t<p><span class=\"wpcf7-form-control-wrap\" data-name=\"accept-this-1\"><span class=\"wpcf7-form-control wpcf7-acceptance\"><span class=\"wpcf7-list-item\"><label><input type=\"checkbox\" name=\"accept-this-1\" value=\"1\" aria-invalid=\"false\" \/><span class=\"wpcf7-list-item-label\">Estoy de acuerdo que Exit Fabrics use mi informaci\u00f3n personal para fines de marketing (Boletines, Noticias y Promociones) <a href=\"\/es\/terms-and-conditions\/\"> +info<\/a><\/span><\/label><\/span><\/span><\/span><div class=\"invisible-recaptcha-terms\">\r\n                <div>\r\n                This site is protected by reCAPTCHA and the Google\r\n                <a target=\"_blank\" href=\"https:\/\/policies.google.com\/privacy\">Privacy Policy<\/a> and\r\n                <a target=\"_blank\" href=\"https:\/\/policies.google.com\/terms\">Terms of Service<\/a> apply.\r\n                <\/div>\r\n            <\/div>\n\t<\/div>\n\t<div class='enviar_contacto btn-send'>\n\t\t<p><input class=\"wpcf7-form-control wpcf7-submit has-spinner\" type=\"submit\" value=\"Enviar\" \/>\n\t\t<\/p>\n\t<\/div>\n<\/div><input type='hidden' class='wpcf7-pum' value='{\"closepopup\":false,\"closedelay\":0,\"openpopup\":false,\"openpopup_id\":0}' \/><div class=\"wpcf7-response-output\" aria-hidden=\"true\"><\/div>\n<\/form>\n<\/div>\n[\/vc_column][\/vc_row][\/vc_section]<\/p>\n<\/div>","protected":false},"excerpt":{"rendered":"<p>[vc_section el_id=\u00bbcontacto\u00bb][vc_row][vc_column width=\u00bb5\/12&#8243;][vc_column_text css=\u00bb\u00bb] Exit Fabrics, S.L. Plaza de la Tecnolog\u00eda, 2 Naves 1 y 2 Pol. Ind. Santa Margarida II 08223 Terrassa | Barcelona, Spain &nbsp; T. +34 937 832 377 info@exitfabrics.com [\/vc_column_text][\/vc_column][vc_column width=\u00bb7\/12&#8243;][vc_gmaps link=\u00bb#E-8_JTNDaWZyYW1lJTIwc3JjJTNEJTIyaHR0cHMlM0ElMkYlMkZ3d3cuZ29vZ2xlLmNvbSUyRm1hcHMlMkZlbWJlZCUzRnBiJTNEJTIxMW0xNCUyMTFtOCUyMTFtMyUyMTFkMTE5NDMuNzkwMTc2OTgxNjc2JTIxMmQyLjAyODM5MzklMjEzZDQxLjU0ODczMyUyMTNtMiUyMTFpMTAyNCUyMTJpNzY4JTIxNGYxMy4xJTIxM20zJTIxMW0yJTIxMXMweDAlMjUzQTB4OGQzOTFlYTZjOWQ2Y2UwOSUyMTJzRXhpdCUyNTIwU29sdXRpb25zJTI1MjBTLkwuJTIxNWUwJTIxM20yJTIxMXNlcyUyMTJzZXMlMjE0djE1Njk4NTIwNzkyNDAlMjE1bTIlMjExc2VzJTIxMnNlcyUyMiUyMHdpZHRoJTNEJTIyNjAwJTIyJTIwaGVpZ2h0JTNEJTIyNDUwJTIyJTIwZnJhbWVib3JkZXIlM0QlMjIwJTIyJTIwc3R5bGUlM0QlMjJib3JkZXIlM0EwJTNCJTIyJTIwYWxsb3dmdWxsc2NyZWVuJTNEJTIyJTIyJTNFJTNDJTJGaWZyYW1lJTNF\u00bb size=\u00bb350&#8243;][\/vc_column][\/vc_row][vc_row][vc_column][vc_column_text] Contacta con nosotros [\/vc_column_text][\/vc_column][\/vc_row][\/vc_section] [&#8230;]<\/p>\n<p><a class=\"btn btn-secondary understrap-read-more-link\" href=\"https:\/\/exitfabrics.com\/es\/contacto\/\">Leer m\u00e1s&#8230;<span class=\"screen-reader-text\"> from Contacto<\/span><\/a><\/p>\n","protected":false},"author":1,"featured_media":77210,"parent":0,"menu_order":0,"comment_status":"closed","ping_status":"open","template":"page-templates\/full-width-lateral-image.php","meta":{"_acf_changed":false,"footnotes":""},"class_list":["post-17","page","type-page","status-publish","has-post-thumbnail","hentry"],"acf":[],"yoast_head":"<!-- This site is optimized with the Yoast SEO plugin v27.3 - https:\/\/yoast.com\/product\/yoast-seo-wordpress\/ -->\n<title>Contacto - Exit Fabrics<\/title>\n<meta name=\"description\" content=\"Contacte con Exit Fabrics, la empresa con m\u00e1s de 35 a\u00f1os de experiencia en la creaci\u00f3n y fabricaci\u00f3n de tapicer\u00edas t\u00e9cnicas profesionales.\" \/>\n<meta name=\"robots\" content=\"index, follow, max-snippet:-1, max-image-preview:large, max-video-preview:-1\" \/>\n<link rel=\"canonical\" href=\"https:\/\/exitfabrics.com\/es\/contacto\/\" \/>\n<meta property=\"og:locale\" content=\"es_ES\" \/>\n<meta property=\"og:type\" content=\"article\" \/>\n<meta property=\"og:title\" content=\"Contacto - Exit Fabrics\" \/>\n<meta property=\"og:description\" content=\"Contacte con Exit Fabrics, la empresa con m\u00e1s de 35 a\u00f1os de experiencia en la creaci\u00f3n y fabricaci\u00f3n de tapicer\u00edas t\u00e9cnicas profesionales.\" \/>\n<meta property=\"og:url\" content=\"https:\/\/exitfabrics.com\/es\/contacto\/\" \/>\n<meta property=\"og:site_name\" content=\"Exit Fabrics\" \/>\n<meta property=\"article:modified_time\" content=\"2025-03-06T12:43:46+00:00\" \/>\n<meta property=\"og:image\" content=\"https:\/\/exitfabrics.com\/wp-content\/uploads\/2025\/03\/img-contacto.jpg\" \/>\n\t<meta property=\"og:image:width\" content=\"960\" \/>\n\t<meta property=\"og:image:height\" content=\"1600\" \/>\n\t<meta property=\"og:image:type\" content=\"image\/jpeg\" \/>\n<meta name=\"twitter:card\" content=\"summary_large_image\" \/>\n<meta name=\"twitter:label1\" content=\"Tiempo de lectura\" \/>\n\t<meta name=\"twitter:data1\" content=\"1 minuto\" \/>\n<script type=\"application\/ld+json\" class=\"yoast-schema-graph\">{\"@context\":\"https:\\\/\\\/schema.org\",\"@graph\":[{\"@type\":\"WebPage\",\"@id\":\"https:\\\/\\\/exitfabrics.com\\\/es\\\/contacto\\\/\",\"url\":\"https:\\\/\\\/exitfabrics.com\\\/es\\\/contacto\\\/\",\"name\":\"Contacto - Exit Fabrics\",\"isPartOf\":{\"@id\":\"https:\\\/\\\/exitfabrics.com\\\/es\\\/#website\"},\"primaryImageOfPage\":{\"@id\":\"https:\\\/\\\/exitfabrics.com\\\/es\\\/contacto\\\/#primaryimage\"},\"image\":{\"@id\":\"https:\\\/\\\/exitfabrics.com\\\/es\\\/contacto\\\/#primaryimage\"},\"thumbnailUrl\":\"https:\\\/\\\/exitfabrics.com\\\/wp-content\\\/uploads\\\/2025\\\/03\\\/img-contacto.jpg\",\"datePublished\":\"2019-07-22T10:01:23+00:00\",\"dateModified\":\"2025-03-06T12:43:46+00:00\",\"description\":\"Contacte con Exit Fabrics, la empresa con m\u00e1s de 35 a\u00f1os de experiencia en la creaci\u00f3n y fabricaci\u00f3n de tapicer\u00edas t\u00e9cnicas profesionales.\",\"breadcrumb\":{\"@id\":\"https:\\\/\\\/exitfabrics.com\\\/es\\\/contacto\\\/#breadcrumb\"},\"inLanguage\":\"es\",\"potentialAction\":[{\"@type\":\"ReadAction\",\"target\":[\"https:\\\/\\\/exitfabrics.com\\\/es\\\/contacto\\\/\"]}]},{\"@type\":\"ImageObject\",\"inLanguage\":\"es\",\"@id\":\"https:\\\/\\\/exitfabrics.com\\\/es\\\/contacto\\\/#primaryimage\",\"url\":\"https:\\\/\\\/exitfabrics.com\\\/wp-content\\\/uploads\\\/2025\\\/03\\\/img-contacto.jpg\",\"contentUrl\":\"https:\\\/\\\/exitfabrics.com\\\/wp-content\\\/uploads\\\/2025\\\/03\\\/img-contacto.jpg\",\"width\":960,\"height\":1600},{\"@type\":\"BreadcrumbList\",\"@id\":\"https:\\\/\\\/exitfabrics.com\\\/es\\\/contacto\\\/#breadcrumb\",\"itemListElement\":[{\"@type\":\"ListItem\",\"position\":1,\"name\":\"Home\",\"item\":\"https:\\\/\\\/exitfabrics.com\\\/es\\\/\"},{\"@type\":\"ListItem\",\"position\":2,\"name\":\"Contacto\"}]},{\"@type\":\"WebSite\",\"@id\":\"https:\\\/\\\/exitfabrics.com\\\/es\\\/#website\",\"url\":\"https:\\\/\\\/exitfabrics.com\\\/es\\\/\",\"name\":\"Exit Fabrics\",\"description\":\"Upholstery for all needs\",\"publisher\":{\"@id\":\"https:\\\/\\\/exitfabrics.com\\\/es\\\/#organization\"},\"potentialAction\":[{\"@type\":\"SearchAction\",\"target\":{\"@type\":\"EntryPoint\",\"urlTemplate\":\"https:\\\/\\\/exitfabrics.com\\\/es\\\/?s={search_term_string}\"},\"query-input\":{\"@type\":\"PropertyValueSpecification\",\"valueRequired\":true,\"valueName\":\"search_term_string\"}}],\"inLanguage\":\"es\"},{\"@type\":\"Organization\",\"@id\":\"https:\\\/\\\/exitfabrics.com\\\/es\\\/#organization\",\"name\":\"Exit Fabrics\",\"url\":\"https:\\\/\\\/exitfabrics.com\\\/es\\\/\",\"logo\":{\"@type\":\"ImageObject\",\"inLanguage\":\"es\",\"@id\":\"https:\\\/\\\/exitfabrics.com\\\/es\\\/#\\\/schema\\\/logo\\\/image\\\/\",\"url\":\"https:\\\/\\\/exitfabrics.com\\\/wp-content\\\/uploads\\\/2019\\\/07\\\/logo-black.png\",\"contentUrl\":\"https:\\\/\\\/exitfabrics.com\\\/wp-content\\\/uploads\\\/2019\\\/07\\\/logo-black.png\",\"width\":230,\"height\":64,\"caption\":\"Exit Fabrics\"},\"image\":{\"@id\":\"https:\\\/\\\/exitfabrics.com\\\/es\\\/#\\\/schema\\\/logo\\\/image\\\/\"},\"sameAs\":[\"https:\\\/\\\/www.instagram.com\\\/exitfabrics\\\/\",\"https:\\\/\\\/www.linkedin.com\\\/company\\\/exit-fabrics\\\/\"]}]}<\/script>\n<!-- \/ Yoast SEO plugin. -->","yoast_head_json":{"title":"Contacto - Exit Fabrics","description":"Contacte con Exit Fabrics, la empresa con m\u00e1s de 35 a\u00f1os de experiencia en la creaci\u00f3n y fabricaci\u00f3n de tapicer\u00edas t\u00e9cnicas profesionales.","robots":{"index":"index","follow":"follow","max-snippet":"max-snippet:-1","max-image-preview":"max-image-preview:large","max-video-preview":"max-video-preview:-1"},"canonical":"https:\/\/exitfabrics.com\/es\/contacto\/","og_locale":"es_ES","og_type":"article","og_title":"Contacto - Exit Fabrics","og_description":"Contacte con Exit Fabrics, la empresa con m\u00e1s de 35 a\u00f1os de experiencia en la creaci\u00f3n y fabricaci\u00f3n de tapicer\u00edas t\u00e9cnicas profesionales.","og_url":"https:\/\/exitfabrics.com\/es\/contacto\/","og_site_name":"Exit Fabrics","article_modified_time":"2025-03-06T12:43:46+00:00","og_image":[{"width":960,"height":1600,"url":"https:\/\/exitfabrics.com\/wp-content\/uploads\/2025\/03\/img-contacto.jpg","type":"image\/jpeg"}],"twitter_card":"summary_large_image","twitter_misc":{"Tiempo de lectura":"1 minuto"},"schema":{"@context":"https:\/\/schema.org","@graph":[{"@type":"WebPage","@id":"https:\/\/exitfabrics.com\/es\/contacto\/","url":"https:\/\/exitfabrics.com\/es\/contacto\/","name":"Contacto - Exit Fabrics","isPartOf":{"@id":"https:\/\/exitfabrics.com\/es\/#website"},"primaryImageOfPage":{"@id":"https:\/\/exitfabrics.com\/es\/contacto\/#primaryimage"},"image":{"@id":"https:\/\/exitfabrics.com\/es\/contacto\/#primaryimage"},"thumbnailUrl":"https:\/\/exitfabrics.com\/wp-content\/uploads\/2025\/03\/img-contacto.jpg","datePublished":"2019-07-22T10:01:23+00:00","dateModified":"2025-03-06T12:43:46+00:00","description":"Contacte con Exit Fabrics, la empresa con m\u00e1s de 35 a\u00f1os de experiencia en la creaci\u00f3n y fabricaci\u00f3n de tapicer\u00edas t\u00e9cnicas profesionales.","breadcrumb":{"@id":"https:\/\/exitfabrics.com\/es\/contacto\/#breadcrumb"},"inLanguage":"es","potentialAction":[{"@type":"ReadAction","target":["https:\/\/exitfabrics.com\/es\/contacto\/"]}]},{"@type":"ImageObject","inLanguage":"es","@id":"https:\/\/exitfabrics.com\/es\/contacto\/#primaryimage","url":"https:\/\/exitfabrics.com\/wp-content\/uploads\/2025\/03\/img-contacto.jpg","contentUrl":"https:\/\/exitfabrics.com\/wp-content\/uploads\/2025\/03\/img-contacto.jpg","width":960,"height":1600},{"@type":"BreadcrumbList","@id":"https:\/\/exitfabrics.com\/es\/contacto\/#breadcrumb","itemListElement":[{"@type":"ListItem","position":1,"name":"Home","item":"https:\/\/exitfabrics.com\/es\/"},{"@type":"ListItem","position":2,"name":"Contacto"}]},{"@type":"WebSite","@id":"https:\/\/exitfabrics.com\/es\/#website","url":"https:\/\/exitfabrics.com\/es\/","name":"Exit Fabrics","description":"Upholstery for all needs","publisher":{"@id":"https:\/\/exitfabrics.com\/es\/#organization"},"potentialAction":[{"@type":"SearchAction","target":{"@type":"EntryPoint","urlTemplate":"https:\/\/exitfabrics.com\/es\/?s={search_term_string}"},"query-input":{"@type":"PropertyValueSpecification","valueRequired":true,"valueName":"search_term_string"}}],"inLanguage":"es"},{"@type":"Organization","@id":"https:\/\/exitfabrics.com\/es\/#organization","name":"Exit Fabrics","url":"https:\/\/exitfabrics.com\/es\/","logo":{"@type":"ImageObject","inLanguage":"es","@id":"https:\/\/exitfabrics.com\/es\/#\/schema\/logo\/image\/","url":"https:\/\/exitfabrics.com\/wp-content\/uploads\/2019\/07\/logo-black.png","contentUrl":"https:\/\/exitfabrics.com\/wp-content\/uploads\/2019\/07\/logo-black.png","width":230,"height":64,"caption":"Exit Fabrics"},"image":{"@id":"https:\/\/exitfabrics.com\/es\/#\/schema\/logo\/image\/"},"sameAs":["https:\/\/www.instagram.com\/exitfabrics\/","https:\/\/www.linkedin.com\/company\/exit-fabrics\/"]}]}},"_links":{"self":[{"href":"https:\/\/exitfabrics.com\/es\/wp-json\/wp\/v2\/pages\/17","targetHints":{"allow":["GET"]}}],"collection":[{"href":"https:\/\/exitfabrics.com\/es\/wp-json\/wp\/v2\/pages"}],"about":[{"href":"https:\/\/exitfabrics.com\/es\/wp-json\/wp\/v2\/types\/page"}],"author":[{"embeddable":true,"href":"https:\/\/exitfabrics.com\/es\/wp-json\/wp\/v2\/users\/1"}],"replies":[{"embeddable":true,"href":"https:\/\/exitfabrics.com\/es\/wp-json\/wp\/v2\/comments?post=17"}],"version-history":[{"count":0,"href":"https:\/\/exitfabrics.com\/es\/wp-json\/wp\/v2\/pages\/17\/revisions"}],"wp:featuredmedia":[{"embeddable":true,"href":"https:\/\/exitfabrics.com\/es\/wp-json\/wp\/v2\/media\/77210"}],"wp:attachment":[{"href":"https:\/\/exitfabrics.com\/es\/wp-json\/wp\/v2\/media?parent=17"}],"curies":[{"name":"wp","href":"https:\/\/api.w.org\/{rel}","templated":true}]}}