{"id":16314,"date":"2019-12-18T15:30:26","date_gmt":"2019-12-18T14:30:26","guid":{"rendered":"https:\/\/exitfabrics.com\/?page_id=16314"},"modified":"2026-02-09T11:30:51","modified_gmt":"2026-02-09T10:30:51","slug":"aviso-legal","status":"publish","type":"page","link":"https:\/\/exitfabrics.com\/es\/aviso-legal\/","title":{"rendered":"Aviso legal"},"content":{"rendered":"<div class=\"wpb-content-wrapper\"><p>[vc_section][vc_row][vc_column][vc_column_text css=\u00bb\u00bb]En virtud de lo estipulado por el art\u00edculo 10 de la Ley 34\/2002, de 11 de Julio, de Servicios de la Sociedad de la Informaci\u00f3n y del Comercio Electr\u00f3nico, se informa al usuario que el dominio www.exitfabrics.com pertenece, como titular a:<br \/>\nEXIT FABRICS, SL. (en adelante, EXIT FABRICS)<br \/>\nCIF: B64441058<br \/>\nPlaza de la Tecnolog\u00eda, 2 Naves 1 y 2<br \/>\nPol. Ind. Santa Margarida II<br \/>\n08223 Terrassa | Barcelona, Spain<\/p>\n<p>Inscrita en el Registro Mercantil de Barcelona con n\u00famero de Tomo 39414, Folio 96, hoja n\u00ba B 344622, Inscripci\u00f3n 1\u00ba.<\/p>\n<p><u>CONDICIONES DE USO<\/u><br \/>\n<span style=\"font-weight: 400;\">Debido a las caracter\u00edsticas de nuestro negocio y a la naturaleza t\u00e9cnica de nuestros productos, nuestra p\u00e1gina web se encuentra en continua actualizaci\u00f3n. Como consecuencia, es posible que en ocasiones se produzcan errores en los resultados. Para cualquier consulta, p\u00f3ngase en contacto con nosotros.<br \/>\n<\/span><br \/>\nEl uso de esta website se regir\u00e1 por las presentes condiciones, incluy\u00e9ndose los contenidos y servicios puestos a disposici\u00f3n de los usuarios. Es por ello que desde EXIT FABRICS le rogamos que lea atentamente estas condiciones ya que contienen toda la informaci\u00f3n relativa a sus derechos y obligaciones.<br \/>\nDebe saber que con el mero acceso a la website ya se le considerar\u00e1 como \u201cusuario\u201d de la misma y con ello acepta expresamente, de forma autom\u00e1tica y voluntaria, las condiciones vigentes en cada momento. En caso de que no desee aceptarlas se le recomienda no seguir haciendo uso de la website. Destacar que el acceso a www.exitfabrics.com es gratuito y no exige previa suscripci\u00f3n o registro.<br \/>\nEXIT FABRICS se reserva el derecho, en exclusiva y en cualquier momento, a revisar las presentes condiciones para introducir modificaciones derivadas de cambios legislativos o por decisiones corporativas, comprometi\u00e9ndose a publicar y con ello informar de las variaciones que pudieran afectar a los usuarios. Estas modificaciones se entender\u00e1n aceptadas cuando el usuario siga haciendo uso de la website.<br \/>\nAs\u00ed mismo, EXIT FABRICS se reserva el derecho a modificar unilateralmente, en cualquier momento y sin previo aviso, la estructura y dise\u00f1o de la website, as\u00ed como los servicios o contenidos. Con estos mismos t\u00e9rminos, durante las tareas de modificaci\u00f3n, reparaci\u00f3n, actualizaci\u00f3n o mejoras se podr\u00e1 suspender el acceso a la website.<br \/>\nPodr\u00eda ocurrir que derivado de las modificaciones en la website descritas en el p\u00e1rrafo anterior se incluyeran nuevos contenidos o servicios que adem\u00e1s de estar sujetos a estas Condiciones de Uso tambi\u00e9n lo estuvieran a Condiciones Particulares o Especiales que ampliaran o sustituyeran las presentes. En caso de que hubiera alguna discordancia entre las generales y las particulares, prevalecer\u00e1 lo estipulado en estas \u00faltimas.<br \/>\n<u>Obligaciones y responsabilidades de los usuarios<\/u><br \/>\nDurante el uso de la presente website, el usuario se compromete a no contravenir la legislaci\u00f3n vigente, la buena fe, los usos generalmente aceptados y el orden p\u00fablico durante el uso de la presente website, quedando prohibido el uso con fines il\u00edcitos, enga\u00f1osos, malintencionados o lesivos para EXIT FABRICS o terceros. Por tanto, el uso debe ser adecuado y correcto, absteni\u00e9ndose el usuario a realizar conductas da\u00f1inas a la imagen, intereses y\/o derechos de EXIT FABRICS y\/o terceros o da\u00f1e, inutilice o sobrecargue la website. As\u00ed mismo, deber\u00e1 abstenerse de acceder, utilizar y\/o manipular los datos de EXIT FABRICS.<br \/>\nEl usuario se compromete a facilitar informaci\u00f3n veraz a trav\u00e9s de las comunicaciones con EXIT FABRICS, constituy\u00e9ndose como \u00fanico responsable de los da\u00f1os o perjuicios que pudiera causar dicha informaci\u00f3n, por ser inexacta o falsa, tanto a EXIT FABRICS como a terceros.<br \/>\nEXIT FABRICS adopta las medidas de seguridad razonablemente adecuadas para detectar la existencia de virus. No obstante, se debe tener en cuenta que las medidas de seguridad de los sistemas inform\u00e1ticos no son enteramente fiables por lo que EXIT FABRICS no puede garantizar la inexistencia de virus u otros elementos que pudieran incidir en los sistemas inform\u00e1ticos, documentos y\/o ficheros del usuario, incluidos los archivos descargables de la p\u00e1gina website. Rogamos a los usuarios que se abstengan de introducir o difundir en la red virus inform\u00e1ticos o sistemas f\u00edsicos o l\u00f3gicos que puedan provocar da\u00f1os a EXIT FABRICS o terceros.<br \/>\nEXIT FABRICS se reserva el derecho a emprender las acciones legales necesarias en defensa de sus intereses o suspender temporalmente, y sin previo aviso, la accesibilidad a la website con motivo de operaciones de mantenimiento, reparaci\u00f3n, actualizaci\u00f3n o mejora.<br \/>\n<u>Propiedad Intelectual e Industrial. Admisi\u00f3n de backlinks \/ hiperlinks<\/u><br \/>\nPermiso para reproducir fotograf\u00edas<br \/>\nLos contenidos, las fotograf\u00edas, videos, los dise\u00f1os, textos, gr\u00e1ficos, logos, iconos, botones, software, nombres comerciales, marcas o cualquier otro signo que pueda ser susceptible de comercializaci\u00f3n o uso industrial mostrados en la website son propiedad de EXIT FABRICS, o de terceros titulares que hayan autorizado debidamente su inclusi\u00f3n en la website o en cualquier red social donde EXIT FABRICS est\u00e9 presente, salvo en aquellos casos en que exista una indicaci\u00f3n expresa en contrario, y est\u00e1n protegidos, entre otras, por las normas nacionales e internacionales de propiedad intelectual e industrial.<br \/>\nQueda prohibida la reproducci\u00f3n de la presente website, as\u00ed como ninguno de sus contenidos, salvo autorizaci\u00f3n expresa y por escrito de EXIT FABRICS. Sin perjuicio, el usuario tendr\u00e1 el derecho a crear enlaces a la p\u00e1gina de la website para el uso privado y no comercial sujeto a diferentes condiciones, reserv\u00e1ndose EXIT FABRICS el derecho a solicitar, en cualquier momento, la eliminaci\u00f3n inmediata de cualquier enlace a la website. Las condiciones son:<\/p>\n<ul>\n<li>Ser\u00e1 un derecho revocable y no exclusivo.<\/li>\n<li>No podr\u00e1 dar a entender que EXIT FABRICS recomienda dicho sitio web, servicios o productos ni falsear su relaci\u00f3n.<\/li>\n<li>No debe incluir contenidos considerados de mal gusto, obscenos, ofensivos controvertidos, incitadores a la violencia o discriminaci\u00f3n por sexo, raza o religi\u00f3n, contrarios al orden p\u00fablico o il\u00edcito.<\/li>\n<li>El enlace debe dirigir a la\u00a0<i>website<\/i>, sin que se permita la reproducci\u00f3n como parte de su web o dentro de uno de sus frames o crear un browser sobre cualquiera de las p\u00e1ginas de la<i>website<\/i><\/li>\n<\/ul>\n<p>EXIT FABRICS no puede controlar la informaci\u00f3n, contenidos, productos o servicios facilitados por otros sitios web que tengan establecidos enlaces con destino a la website. Por este motivo, no se hace responsable de cualquier aspecto relativo a tales sitios web.<br \/>\nEXIT FABRICS es una marca registrada, y est\u00e1 prohibida su reproducci\u00f3n, imitaci\u00f3n, utilizaci\u00f3n o inserci\u00f3n de estas marcas sin nuestra debida autorizaci\u00f3n.<\/p>\n<p><u>Responsabilidad de la empresa<\/u><br \/>\nEXIT FABRICS no se hace responsable de las deficiencias del servicio de su proveedor de servicios, ni de las redes de comunicaci\u00f3n, ni de los problemas resultantes del mal funcionamiento o uso de versiones no optimizadas de cualquier tipo de navegador, as\u00ed como de aquellas derivadas de interrupciones prolongadas del suministro el\u00e9ctrico, l\u00edneas de telecomunicaciones, conflictos sociales, huelgas, explosiones, inundaciones, actos y omisiones del Gobierno, y en general todos los supuestos de fuerza mayor o de caso fortuito.<br \/>\nTanto el acceso a la website como el uso que pueda hacerse de la informaci\u00f3n contenida en la misma es de exclusiva responsabilidad de quien lo realiza. Por tanto, EXIT FABRICS no se responsabiliza de las consecuencias que pudiera ocasionar dicho uso o acceso a la informaci\u00f3n y \u00fanicamente proceder\u00e1 a la eliminaci\u00f3n, lo antes posible, de los contenidos que pudieran generar alg\u00fan tipo de da\u00f1o o perjuicio, siempre que as\u00ed se notifique o tenga conocimiento efectivo.<br \/>\nEXIT FABRICS no responder\u00e1 de los posibles errores de seguridad que se puedan producir ni de los posibles da\u00f1os que se ocasionaren al sistema inform\u00e1tico del usuario, ficheros o documentos almacenados en el mismo, cuando tengan origen en un virus proveniente del ordenador del usuario, mal funcionamiento del navegador o del uso de versiones no actualizadas del mismo, de aver\u00edas telef\u00f3nicas, interferencias, omisiones o desconexiones en el funcionamiento operativo del sistema electr\u00f3nico motivados por causas ajenas a EXIT FABRICS.<br \/>\n<u>Resoluci\u00f3n de conflictos. Ley aplicable y jurisdicci\u00f3n<\/u><br \/>\nLas presentes Condiciones Generales de Uso se regir\u00e1n por la legislaci\u00f3n espa\u00f1ola y, en especial, a la legislaci\u00f3n en materia de protecci\u00f3n de datos de car\u00e1cter personal (Ley Org\u00e1nica de Protecci\u00f3n de Datos de Car\u00e1cter Personal y su Reglamento de desarrollo, adem\u00e1s del Reglamento General de Protecci\u00f3n de Datos 2016\/679 de la Uni\u00f3n Europea) y a la legislaci\u00f3n en materia de servicios de la sociedad de la informaci\u00f3n (Ley 34\/2002, de 11 de julio, de servicios de la sociedad de la informaci\u00f3n y de comercio electr\u00f3nico). Cualquier controversia ser\u00e1 resuelta ante los Tribunales de Barcelona[\/vc_column_text][\/vc_column][\/vc_row][\/vc_section]<\/p>\n<\/div>","protected":false},"excerpt":{"rendered":"<p>[vc_section][vc_row][vc_column][vc_column_text css=\u00bb\u00bb]En virtud de lo estipulado por el art\u00edculo 10 de la Ley 34\/2002, de 11 de Julio, de Servicios de la Sociedad de la Informaci\u00f3n y del Comercio Electr\u00f3nico, se informa al usuario que el dominio www.exitfabrics.com pertenece, como titular a: EXIT FABRICS, SL. (en adelante, EXIT FABRICS) CIF: B64441058 Plaza de la Tecnolog\u00eda, [&#8230;]<\/p>\n<p><a class=\"btn btn-secondary understrap-read-more-link\" href=\"https:\/\/exitfabrics.com\/es\/aviso-legal\/\">Leer m\u00e1s&#8230;<span class=\"screen-reader-text\"> from Aviso legal<\/span><\/a><\/p>\n","protected":false},"author":1,"featured_media":0,"parent":0,"menu_order":0,"comment_status":"closed","ping_status":"closed","template":"","meta":{"_acf_changed":false,"footnotes":""},"class_list":["post-16314","page","type-page","status-publish","hentry"],"acf":[],"yoast_head":"<!-- This site is optimized with the Yoast SEO plugin v27.3 - https:\/\/yoast.com\/product\/yoast-seo-wordpress\/ -->\n<title>Aviso legal - Exit Fabrics<\/title>\n<meta name=\"robots\" content=\"index, follow, max-snippet:-1, max-image-preview:large, max-video-preview:-1\" \/>\n<link rel=\"canonical\" href=\"https:\/\/exitfabrics.com\/es\/aviso-legal\/\" \/>\n<meta property=\"og:locale\" content=\"es_ES\" \/>\n<meta property=\"og:type\" content=\"article\" \/>\n<meta property=\"og:title\" content=\"Aviso legal - Exit Fabrics\" \/>\n<meta property=\"og:description\" content=\"[vc_section][vc_row][vc_column][vc_column_text css=\u00bb\u00bb]En virtud de lo estipulado por el art\u00edculo 10 de la Ley 34\/2002, de 11 de Julio, de Servicios de la Sociedad de la Informaci\u00f3n y del Comercio Electr\u00f3nico, se informa al usuario que el dominio www.exitfabrics.com pertenece, como titular a: EXIT FABRICS, SL. (en adelante, EXIT FABRICS) CIF: B64441058 Plaza de la Tecnolog\u00eda, [...]Leer m\u00e1s... from Aviso legal\" \/>\n<meta property=\"og:url\" content=\"https:\/\/exitfabrics.com\/es\/aviso-legal\/\" \/>\n<meta property=\"og:site_name\" content=\"Exit Fabrics\" \/>\n<meta property=\"article:modified_time\" content=\"2026-02-09T10:30:51+00:00\" \/>\n<meta name=\"twitter:card\" content=\"summary_large_image\" \/>\n<meta name=\"twitter:label1\" content=\"Tiempo de lectura\" \/>\n\t<meta name=\"twitter:data1\" content=\"7 minutos\" \/>\n<script type=\"application\/ld+json\" class=\"yoast-schema-graph\">{\"@context\":\"https:\\\/\\\/schema.org\",\"@graph\":[{\"@type\":\"WebPage\",\"@id\":\"https:\\\/\\\/exitfabrics.com\\\/es\\\/aviso-legal\\\/\",\"url\":\"https:\\\/\\\/exitfabrics.com\\\/es\\\/aviso-legal\\\/\",\"name\":\"Aviso legal - Exit Fabrics\",\"isPartOf\":{\"@id\":\"https:\\\/\\\/exitfabrics.com\\\/es\\\/#website\"},\"datePublished\":\"2019-12-18T14:30:26+00:00\",\"dateModified\":\"2026-02-09T10:30:51+00:00\",\"breadcrumb\":{\"@id\":\"https:\\\/\\\/exitfabrics.com\\\/es\\\/aviso-legal\\\/#breadcrumb\"},\"inLanguage\":\"es\",\"potentialAction\":[{\"@type\":\"ReadAction\",\"target\":[\"https:\\\/\\\/exitfabrics.com\\\/es\\\/aviso-legal\\\/\"]}]},{\"@type\":\"BreadcrumbList\",\"@id\":\"https:\\\/\\\/exitfabrics.com\\\/es\\\/aviso-legal\\\/#breadcrumb\",\"itemListElement\":[{\"@type\":\"ListItem\",\"position\":1,\"name\":\"Home\",\"item\":\"https:\\\/\\\/exitfabrics.com\\\/es\\\/\"},{\"@type\":\"ListItem\",\"position\":2,\"name\":\"Aviso legal\"}]},{\"@type\":\"WebSite\",\"@id\":\"https:\\\/\\\/exitfabrics.com\\\/es\\\/#website\",\"url\":\"https:\\\/\\\/exitfabrics.com\\\/es\\\/\",\"name\":\"Exit Fabrics\",\"description\":\"Upholstery for all needs\",\"publisher\":{\"@id\":\"https:\\\/\\\/exitfabrics.com\\\/es\\\/#organization\"},\"potentialAction\":[{\"@type\":\"SearchAction\",\"target\":{\"@type\":\"EntryPoint\",\"urlTemplate\":\"https:\\\/\\\/exitfabrics.com\\\/es\\\/?s={search_term_string}\"},\"query-input\":{\"@type\":\"PropertyValueSpecification\",\"valueRequired\":true,\"valueName\":\"search_term_string\"}}],\"inLanguage\":\"es\"},{\"@type\":\"Organization\",\"@id\":\"https:\\\/\\\/exitfabrics.com\\\/es\\\/#organization\",\"name\":\"Exit Fabrics\",\"url\":\"https:\\\/\\\/exitfabrics.com\\\/es\\\/\",\"logo\":{\"@type\":\"ImageObject\",\"inLanguage\":\"es\",\"@id\":\"https:\\\/\\\/exitfabrics.com\\\/es\\\/#\\\/schema\\\/logo\\\/image\\\/\",\"url\":\"https:\\\/\\\/exitfabrics.com\\\/wp-content\\\/uploads\\\/2019\\\/07\\\/logo-black.png\",\"contentUrl\":\"https:\\\/\\\/exitfabrics.com\\\/wp-content\\\/uploads\\\/2019\\\/07\\\/logo-black.png\",\"width\":230,\"height\":64,\"caption\":\"Exit Fabrics\"},\"image\":{\"@id\":\"https:\\\/\\\/exitfabrics.com\\\/es\\\/#\\\/schema\\\/logo\\\/image\\\/\"},\"sameAs\":[\"https:\\\/\\\/www.instagram.com\\\/exitfabrics\\\/\",\"https:\\\/\\\/www.linkedin.com\\\/company\\\/exit-fabrics\\\/\"]}]}<\/script>\n<!-- \/ Yoast SEO plugin. -->","yoast_head_json":{"title":"Aviso legal - Exit Fabrics","robots":{"index":"index","follow":"follow","max-snippet":"max-snippet:-1","max-image-preview":"max-image-preview:large","max-video-preview":"max-video-preview:-1"},"canonical":"https:\/\/exitfabrics.com\/es\/aviso-legal\/","og_locale":"es_ES","og_type":"article","og_title":"Aviso legal - Exit Fabrics","og_description":"[vc_section][vc_row][vc_column][vc_column_text css=\u00bb\u00bb]En virtud de lo estipulado por el art\u00edculo 10 de la Ley 34\/2002, de 11 de Julio, de Servicios de la Sociedad de la Informaci\u00f3n y del Comercio Electr\u00f3nico, se informa al usuario que el dominio www.exitfabrics.com pertenece, como titular a: EXIT FABRICS, SL. (en adelante, EXIT FABRICS) CIF: B64441058 Plaza de la Tecnolog\u00eda, [...]Leer m\u00e1s... from Aviso legal","og_url":"https:\/\/exitfabrics.com\/es\/aviso-legal\/","og_site_name":"Exit Fabrics","article_modified_time":"2026-02-09T10:30:51+00:00","twitter_card":"summary_large_image","twitter_misc":{"Tiempo de lectura":"7 minutos"},"schema":{"@context":"https:\/\/schema.org","@graph":[{"@type":"WebPage","@id":"https:\/\/exitfabrics.com\/es\/aviso-legal\/","url":"https:\/\/exitfabrics.com\/es\/aviso-legal\/","name":"Aviso legal - Exit Fabrics","isPartOf":{"@id":"https:\/\/exitfabrics.com\/es\/#website"},"datePublished":"2019-12-18T14:30:26+00:00","dateModified":"2026-02-09T10:30:51+00:00","breadcrumb":{"@id":"https:\/\/exitfabrics.com\/es\/aviso-legal\/#breadcrumb"},"inLanguage":"es","potentialAction":[{"@type":"ReadAction","target":["https:\/\/exitfabrics.com\/es\/aviso-legal\/"]}]},{"@type":"BreadcrumbList","@id":"https:\/\/exitfabrics.com\/es\/aviso-legal\/#breadcrumb","itemListElement":[{"@type":"ListItem","position":1,"name":"Home","item":"https:\/\/exitfabrics.com\/es\/"},{"@type":"ListItem","position":2,"name":"Aviso legal"}]},{"@type":"WebSite","@id":"https:\/\/exitfabrics.com\/es\/#website","url":"https:\/\/exitfabrics.com\/es\/","name":"Exit Fabrics","description":"Upholstery for all needs","publisher":{"@id":"https:\/\/exitfabrics.com\/es\/#organization"},"potentialAction":[{"@type":"SearchAction","target":{"@type":"EntryPoint","urlTemplate":"https:\/\/exitfabrics.com\/es\/?s={search_term_string}"},"query-input":{"@type":"PropertyValueSpecification","valueRequired":true,"valueName":"search_term_string"}}],"inLanguage":"es"},{"@type":"Organization","@id":"https:\/\/exitfabrics.com\/es\/#organization","name":"Exit Fabrics","url":"https:\/\/exitfabrics.com\/es\/","logo":{"@type":"ImageObject","inLanguage":"es","@id":"https:\/\/exitfabrics.com\/es\/#\/schema\/logo\/image\/","url":"https:\/\/exitfabrics.com\/wp-content\/uploads\/2019\/07\/logo-black.png","contentUrl":"https:\/\/exitfabrics.com\/wp-content\/uploads\/2019\/07\/logo-black.png","width":230,"height":64,"caption":"Exit Fabrics"},"image":{"@id":"https:\/\/exitfabrics.com\/es\/#\/schema\/logo\/image\/"},"sameAs":["https:\/\/www.instagram.com\/exitfabrics\/","https:\/\/www.linkedin.com\/company\/exit-fabrics\/"]}]}},"_links":{"self":[{"href":"https:\/\/exitfabrics.com\/es\/wp-json\/wp\/v2\/pages\/16314","targetHints":{"allow":["GET"]}}],"collection":[{"href":"https:\/\/exitfabrics.com\/es\/wp-json\/wp\/v2\/pages"}],"about":[{"href":"https:\/\/exitfabrics.com\/es\/wp-json\/wp\/v2\/types\/page"}],"author":[{"embeddable":true,"href":"https:\/\/exitfabrics.com\/es\/wp-json\/wp\/v2\/users\/1"}],"replies":[{"embeddable":true,"href":"https:\/\/exitfabrics.com\/es\/wp-json\/wp\/v2\/comments?post=16314"}],"version-history":[{"count":2,"href":"https:\/\/exitfabrics.com\/es\/wp-json\/wp\/v2\/pages\/16314\/revisions"}],"predecessor-version":[{"id":79608,"href":"https:\/\/exitfabrics.com\/es\/wp-json\/wp\/v2\/pages\/16314\/revisions\/79608"}],"wp:attachment":[{"href":"https:\/\/exitfabrics.com\/es\/wp-json\/wp\/v2\/media?parent=16314"}],"curies":[{"name":"wp","href":"https:\/\/api.w.org\/{rel}","templated":true}]}}