{"id":13,"date":"2019-07-22T12:00:22","date_gmt":"2019-07-22T10:00:22","guid":{"rendered":"https:\/\/exitfabrics.com\/?page_id=13"},"modified":"2025-03-21T13:52:39","modified_gmt":"2025-03-21T12:52:39","slug":"servicios","status":"publish","type":"page","link":"https:\/\/exitfabrics.com\/es\/servicios\/","title":{"rendered":"Servicios"},"content":{"rendered":"<div class=\"wpb-content-wrapper\"><p>[vc_row][vc_column]\r\n<div class=\"vc_banner--container header-color-dark\">\r\n    <div class=\"cont--imagefull\">\r\n        <div class=\"cont-imagefull-desktop\">\r\n            <img loading=\"lazy\" decoding=\"async\" width=\"1920\" height=\"990\" src=\"https:\/\/exitfabrics.com\/wp-content\/uploads\/2025\/03\/HeroImage.png\" class=\"attachment-banner-desktop size-banner-desktop\" alt=\"\" srcset=\"https:\/\/exitfabrics.com\/wp-content\/uploads\/2025\/03\/HeroImage.png 1920w, https:\/\/exitfabrics.com\/wp-content\/uploads\/2025\/03\/HeroImage-1536x792.png 1536w\" sizes=\"auto, (max-width: 1920px) 100vw, 1920px\" \/>        <\/div>\r\n        <div class=\"cont-imagefull-mobile\">\r\n            <img loading=\"lazy\" decoding=\"async\" width=\"768\" height=\"640\" src=\"https:\/\/exitfabrics.com\/wp-content\/uploads\/2025\/03\/HeroImage_Mobile.png\" class=\"attachment-banner-mobile size-banner-mobile\" alt=\"\" \/>        <\/div>\r\n    <\/div>\r\n    <div class=\"cont--text text-color-dark\">\r\n        <div class=\"cont--text--inner\">\r\n            <div class=\"cont--text-body\"><\/p>\n<h1>M\u00e1s que un fabricante de tapicer\u00eda t\u00e9cnica, tu aliado<\/h1>\n<p><\/div>\r\n        <\/div>\r\n    <\/div>\r\n<\/div>\r\n\r\n[\/vc_column][\/vc_row][vc_row el_id=\u00bbcont&#8211;menu-servicios\u00bb][vc_column][vc_column_text css=\u00bb\u00bb]<\/p>\n<div class=\"cont--menu-servicios\">\n<div class=\"cont--menu-servicios-inner\"><a href=\"#stock-permanente\">Stock permanente<\/a><br \/>\n<a href=\"#certificados-y-normativas\">Certificados y normativas<\/a><br \/>\n<a href=\"#produccion-a-medida\">Producci\u00f3n a medida<\/a><br \/>\n<a href=\"#tratamiento-eco-clean\">Tratamientos Anti-manchas<\/a><br \/>\n<a href=\"#acabados\">Acabados<\/a><\/div>\n<\/div>\n<p>[\/vc_column_text][\/vc_column][\/vc_row][vc_row][vc_column]  <div class=\"vc_image_text_two_items--container \">\r\n          <div class=\"vc_image_text_two_items--item\" id=\"stock-permanente\">\r\n        <div class=\"cont--inner\">\r\n          <div class=\"cont--text text-color-dark background-FFFFFF\" style=\"background:#FFFFFF\">\r\n            <div class=\"cont--text--inner\">\r\n              <div class=\"cont--text-title\">Stock permanente<\/div>\r\n              <div class=\"cont--text-body\">\r\n                <p class=\"text-big\">\r\n                  Nuestras instalaciones, nos permiten tener stock de una gran variedad de colecciones y amplia gama de color. Todo ello nos permite trabajar con cortos plazos de entrega, cumpliendo exigentes timings de proyectos.                <\/p>\r\n              <\/div>\r\n            <\/div>\r\n          <\/div>\r\n          <div class=\"cont--imagefull\">\r\n            <img loading=\"lazy\" decoding=\"async\" width=\"880\" height=\"560\" src=\"https:\/\/exitfabrics.com\/wp-content\/uploads\/2019\/07\/exit-servicios-06.jpg\" class=\"attachment-full size-full\" alt=\"\" srcset=\"https:\/\/exitfabrics.com\/wp-content\/uploads\/2019\/07\/exit-servicios-06.jpg 880w, https:\/\/exitfabrics.com\/wp-content\/uploads\/2019\/07\/exit-servicios-06-200x127.jpg 200w, https:\/\/exitfabrics.com\/wp-content\/uploads\/2019\/07\/exit-servicios-06-600x382.jpg 600w, https:\/\/exitfabrics.com\/wp-content\/uploads\/2019\/07\/exit-servicios-06-300x191.jpg 300w, https:\/\/exitfabrics.com\/wp-content\/uploads\/2019\/07\/exit-servicios-06-768x489.jpg 768w\" sizes=\"auto, (max-width: 880px) 100vw, 880px\" \/>          <\/div>\r\n        <\/div>\r\n      <\/div>\r\n          <div class=\"vc_image_text_two_items--item\" id=\"certificados-y-normativas\">\r\n        <div class=\"cont--inner\">\r\n          <div class=\"cont--text text-color-dark background-FFFFFF\" style=\"background:#FFFFFF\">\r\n            <div class=\"cont--text--inner\">\r\n              <div class=\"cont--text-title\">Certificados y normativas<\/div>\r\n              <div class=\"cont--text-body\">\r\n                <p class=\"text-big\">\r\n                  Nuestros tejidos disponen de gran cantidad de certificados y pasan numerosas normativas de diferentes pa\u00edses y de la UE. Ponemos a disposici\u00f3n de nuestros clientes todos \u00e9stos, los cu\u00e1les pueden ser consultados en la ficha t\u00e9cnica de cada producto.                <\/p>\r\n              <\/div>\r\n            <\/div>\r\n          <\/div>\r\n          <div class=\"cont--imagefull\">\r\n            <img loading=\"lazy\" decoding=\"async\" width=\"880\" height=\"560\" src=\"https:\/\/exitfabrics.com\/wp-content\/uploads\/2025\/02\/Servicios.jpg\" class=\"attachment-full size-full\" alt=\"\" \/>          <\/div>\r\n        <\/div>\r\n      <\/div>\r\n      <\/div>\r\n\r\n\r\n[\/vc_column][\/vc_row][vc_row disable_element=\u00bbyes\u00bb el_id=\u00bbproduccion-a-medida\u00bb][vc_column]<div class=\"container\">\r\n  <div class=\"vc_image_extra-info--container\">\r\n    <div class=\"cont--inner text-position-\">\r\n      <div class=\"cont--text\">\r\n        <div class=\"cont--text--inner\">\r\n          <div class=\"cont-pre-content\">\r\n            <div class=\"cont--text-title h2\">Producci\u00f3n a medida<\/div>\r\n            <div class=\"cont--text-precontent\">Nuestra vocaci\u00f3n de servicio y flexibilidad nos permite dar respuesta a demandas espec\u00edficas de nuestros clientes y sus proyectos. Atendemos a encargos personalizados que solicitan modificaciones en las caracter\u00edsticas f\u00edsicas del tejido, o bien a\u00f1adiendo un acabado especial.<\/div>\r\n          <\/div>\r\n          <div class=\"cont--imagefull img-mobile image-position-container\">\r\n            <img loading=\"lazy\" decoding=\"async\" width=\"830\" height=\"630\" src=\"https:\/\/exitfabrics.com\/wp-content\/uploads\/2019\/07\/servicios_1.jpg\" class=\"attachment-full size-full\" alt=\"\" srcset=\"https:\/\/exitfabrics.com\/wp-content\/uploads\/2019\/07\/servicios_1.jpg 830w, https:\/\/exitfabrics.com\/wp-content\/uploads\/2019\/07\/servicios_1-200x152.jpg 200w, https:\/\/exitfabrics.com\/wp-content\/uploads\/2019\/07\/servicios_1-600x455.jpg 600w, https:\/\/exitfabrics.com\/wp-content\/uploads\/2019\/07\/servicios_1-300x228.jpg 300w, https:\/\/exitfabrics.com\/wp-content\/uploads\/2019\/07\/servicios_1-768x583.jpg 768w\" sizes=\"auto, (max-width: 830px) 100vw, 830px\" \/>          <\/div>\r\n          <div class=\"cont--text-body text-color-dark backgroud-color-8ab0bd\" style=\"background:#8ab0bd\">\r\n          <\/p>\n<div class=\"list-info\">\n<h4>Caracter\u00edsticas<\/h4>\n<p>Color<\/p>\n<p>Ancho pieza<\/p>\n<p>Trama \/ Textura<\/p>\n<\/div>\n<div id=\"scroll-home\" class=\"list-info\">\n<h4>Acabados<\/h4>\n<p>Foamizado<\/p>\n<p>Acolchado<\/p>\n<p>Impermeabilidad<\/p>\n<p>Eco-clean<\/p>\n<p>Adhesivado<\/p>\n<\/div>\n<p>          <\/div>\r\n        <\/div>\r\n      <\/div>\r\n      <div class=\"cont--imagefull img-desktop image-position-container\">\r\n        <img loading=\"lazy\" decoding=\"async\" width=\"830\" height=\"630\" src=\"https:\/\/exitfabrics.com\/wp-content\/uploads\/2019\/07\/servicios_1.jpg\" class=\"attachment-full size-full\" alt=\"\" srcset=\"https:\/\/exitfabrics.com\/wp-content\/uploads\/2019\/07\/servicios_1.jpg 830w, https:\/\/exitfabrics.com\/wp-content\/uploads\/2019\/07\/servicios_1-200x152.jpg 200w, https:\/\/exitfabrics.com\/wp-content\/uploads\/2019\/07\/servicios_1-600x455.jpg 600w, https:\/\/exitfabrics.com\/wp-content\/uploads\/2019\/07\/servicios_1-300x228.jpg 300w, https:\/\/exitfabrics.com\/wp-content\/uploads\/2019\/07\/servicios_1-768x583.jpg 768w\" sizes=\"auto, (max-width: 830px) 100vw, 830px\" \/>      <\/div>\r\n    <\/div>\r\n  <\/div>\r\n<\/div>\r\n  [\/vc_column][\/vc_row][vc_row el_id=\u00bbproduccion-a-medida\u00bb][vc_column]\r\n<div class=\"vc_image_text--container\">\r\n    <div\r\n        class=\"cont--inner text-position- text-vertical-position-\">\r\n        <div class=\"cont--text text-color-dark background-FFFFFF\"\r\n            style=\"background:#FFFFFF\">\r\n            <div class=\"cont--text--inner\">\r\n                <div class=\"cont--text-pretitle\"><\/div>\r\n                <div class=\"cont--text-title\">Producci\u00f3n a medida<\/div>\r\n                <div class=\"cont--text-body\">\r\n                    <\/p>\n<p class=\"text-big\">Nuestra vocaci\u00f3n de servicio y flexibilidad nos permite dar respuesta a demandas espec\u00edficas de nuestros clientes y sus proyectos. Atendemos a encargos personalizados que solicitan modificaciones en las caracter\u00edsticas f\u00edsicas del tejido, o bien a\u00f1adiendo un acabado especial.<\/p>\n<p>                <\/div>\r\n                            <\/div>\r\n        <\/div>\r\n        <div class=\"cont--imagefull\">\r\n            <img loading=\"lazy\" decoding=\"async\" width=\"956\" height=\"630\" src=\"https:\/\/exitfabrics.com\/wp-content\/uploads\/2021\/07\/EXIT-FABRICS-2019_033-956x630.jpg\" class=\"attachment-image-text size-image-text\" alt=\"\" \/>        <\/div>\r\n    <\/div>\r\n<\/div>\r\n\r\n[\/vc_column][\/vc_row][vc_row el_id=\u00bbtratamiento-eco-clean\u00bb][vc_column]\r\n<div class=\"vc_image_text--container\">\r\n    <div\r\n        class=\"cont--inner text-position-right text-vertical-position-\">\r\n        <div class=\"cont--text text-color-dark background-FFFFFF\"\r\n            style=\"background:#FFFFFF\">\r\n            <div class=\"cont--text--inner\">\r\n                <div class=\"cont--text-pretitle\"><\/div>\r\n                <div class=\"cont--text-title\">Tratamientos Anti-manchas<\/div>\r\n                <div class=\"cont--text-body\">\r\n                    <\/p>\n<p class=\"text-big\">Ofrecemos productos con tratamientos Anti-Manchas de serie (tratamiento ECO-CLEAN) y la posibilidad de aplicar tratamientos Anti-Manchas a tejidos de poli\u00e9ster 100% que no lo lleven. (Tratamiento ECO-CLEAN u otros).<\/p>\n<p>&nbsp;<\/p>\n<p><a class=\"button\" href=\"\/es\/acabados\/#videos--acabados\">Ver v\u00eddeos<\/a>                <\/div>\r\n                            <\/div>\r\n        <\/div>\r\n        <div class=\"cont--imagefull\">\r\n            <img loading=\"lazy\" decoding=\"async\" width=\"955\" height=\"625\" src=\"https:\/\/exitfabrics.com\/wp-content\/uploads\/2019\/07\/home_3-2.jpg\" class=\"attachment-image-text size-image-text\" alt=\"\" srcset=\"https:\/\/exitfabrics.com\/wp-content\/uploads\/2019\/07\/home_3-2.jpg 955w, https:\/\/exitfabrics.com\/wp-content\/uploads\/2019\/07\/home_3-2-200x131.jpg 200w, https:\/\/exitfabrics.com\/wp-content\/uploads\/2019\/07\/home_3-2-600x393.jpg 600w, https:\/\/exitfabrics.com\/wp-content\/uploads\/2019\/07\/home_3-2-300x196.jpg 300w, https:\/\/exitfabrics.com\/wp-content\/uploads\/2019\/07\/home_3-2-768x503.jpg 768w\" sizes=\"auto, (max-width: 955px) 100vw, 955px\" \/>        <\/div>\r\n    <\/div>\r\n<\/div>\r\n\r\n[\/vc_column][\/vc_row][vc_row el_id=\u00bbacabados\u00bb][vc_column]\r\n<div class=\"vc_image_text--container\">\r\n    <div\r\n        class=\"cont--inner text-position- text-vertical-position-\">\r\n        <div class=\"cont--text text-color-dark background-FFFFFF\"\r\n            style=\"background:#FFFFFF\">\r\n            <div class=\"cont--text--inner\">\r\n                <div class=\"cont--text-pretitle\"><\/div>\r\n                <div class=\"cont--text-title\">Acabados<\/div>\r\n                <div class=\"cont--text-body\">\r\n                    <\/p>\n<p class=\"text-big\">EXIT FABRICS ofrece a sus clientes la posibilidad de realizar diferentes acabados en sus textiles y vinilos, los cuales mejoraran notablemente el resultado final obtenido en el mueble tapizado, tanto a nivel de durabilidad y calidad de acabado, como mejora en los tiempos de producci\u00f3n: (en el corte, en la confecci\u00f3n, en el tapizado, etc.\u2026)<\/p>\n<p>&nbsp;<\/p>\n<p><a class=\"button\" href=\"\/es\/acabados\/#nuestros--acabados\">Nuestros acabados<\/a>                <\/div>\r\n                            <\/div>\r\n        <\/div>\r\n        <div class=\"cont--imagefull\">\r\n            <img loading=\"lazy\" decoding=\"async\" width=\"956\" height=\"630\" src=\"https:\/\/exitfabrics.com\/wp-content\/uploads\/2025\/02\/EXIT-FABRICS_2020_039-5_1920-956x630.webp\" class=\"attachment-image-text size-image-text\" alt=\"\" \/>        <\/div>\r\n    <\/div>\r\n<\/div>\r\n\r\n[\/vc_column][\/vc_row][vc_row el_class=\u00bbhide-mobile\u00bb][vc_column]\r\n  <div class=\"vc_imagefull--container\">\r\n    <div class=\"cont--imagefull\">\r\n          <div class=\"paraxify img-desktop\" style=\"height:400px;background-image:url(https:\/\/exitfabrics.com\/wp-content\/uploads\/2019\/07\/exit-servicios-05.jpg)\">\r\n    <\/div>\r\n\r\n    <div class=\"img-mobile\">\r\n      <img loading=\"lazy\" decoding=\"async\" width=\"768\" height=\"600\" src=\"https:\/\/exitfabrics.com\/wp-content\/uploads\/2019\/07\/exit-servicios-05-mobile.jpg\" class=\"attachment-full size-full\" alt=\"\" srcset=\"https:\/\/exitfabrics.com\/wp-content\/uploads\/2019\/07\/exit-servicios-05-mobile.jpg 768w, https:\/\/exitfabrics.com\/wp-content\/uploads\/2019\/07\/exit-servicios-05-mobile-300x234.jpg 300w\" sizes=\"auto, (max-width: 768px) 100vw, 768px\" \/>    <\/div>\r\n    <\/div>\r\n\r\n  <\/div>\r\n\r\n  [\/vc_column][\/vc_row][vc_row][vc_column][vc_column_text css=\u00bb\u00bb]<\/p>\n<div class=\"acabados-informacion\">\n<h2 class=\"text-extrabig\">\u00bfNecesitas m\u00e1s informaci\u00f3n?<\/h2>\n<p class=\"text-big\">Cons\u00faltenos cuales son los materiales m\u00e1s adecuados para cada aplicaci\u00f3n, estaremos encantados de atenderos.<\/p>\n<p><a class=\"button-white\" href=\"\/contacto\">Contacta con nosotros<\/a><\/p>\n<\/div>\n<p>[\/vc_column_text][\/vc_column][\/vc_row]<\/p>\n<\/div>","protected":false},"excerpt":{"rendered":"<p>[vc_row][vc_column][\/vc_column][\/vc_row][vc_row el_id=\u00bbcont&#8211;menu-servicios\u00bb][vc_column][vc_column_text css=\u00bb\u00bb] Stock permanente Certificados y normativas Producci\u00f3n a medida Tratamientos Anti-manchas Acabados [\/vc_column_text][\/vc_column][\/vc_row][vc_row][vc_column][\/vc_column][\/vc_row][vc_row disable_element=\u00bbyes\u00bb el_id=\u00bbproduccion-a-medida\u00bb][vc_column][\/vc_column][\/vc_row][vc_row el_id=\u00bbproduccion-a-medida\u00bb][vc_column][\/vc_column][\/vc_row][vc_row el_id=\u00bbtratamiento-eco-clean\u00bb][vc_column][\/vc_column][\/vc_row][vc_row el_id=\u00bbacabados\u00bb][vc_column][\/vc_column][\/vc_row][vc_row el_class=\u00bbhide-mobile\u00bb][vc_column][\/vc_column][\/vc_row][vc_row][vc_column][vc_column_text css=\u00bb\u00bb] \u00bfNecesitas m\u00e1s informaci\u00f3n? Cons\u00faltenos cuales son los materiales m\u00e1s adecuados para cada aplicaci\u00f3n, estaremos encantados de atenderos. Contacta con nosotros [\/vc_column_text][\/vc_column][\/vc_row] [&#8230;]<\/p>\n<p><a class=\"btn btn-secondary understrap-read-more-link\" href=\"https:\/\/exitfabrics.com\/es\/servicios\/\">Leer m\u00e1s&#8230;<span class=\"screen-reader-text\"> from Servicios<\/span><\/a><\/p>\n","protected":false},"author":1,"featured_media":0,"parent":0,"menu_order":0,"comment_status":"closed","ping_status":"open","template":"page-templates\/fullwidthpage.php","meta":{"_acf_changed":false,"footnotes":""},"class_list":["post-13","page","type-page","status-publish","hentry"],"acf":[],"yoast_head":"<!-- This site is optimized with the Yoast SEO plugin v27.3 - https:\/\/yoast.com\/product\/yoast-seo-wordpress\/ -->\n<title>Servicios - Exit Fabrics<\/title>\n<meta name=\"description\" content=\"Ofrecemos stock permanente, certificados, producci\u00f3n a medida, tratamientos anti-manchas, acabados y reciclado. \u00a1Solicita m\u00e1s informaci\u00f3n!\" \/>\n<meta name=\"robots\" content=\"index, follow, max-snippet:-1, max-image-preview:large, max-video-preview:-1\" \/>\n<link rel=\"canonical\" href=\"https:\/\/exitfabrics.com\/es\/servicios\/\" \/>\n<meta property=\"og:locale\" content=\"es_ES\" \/>\n<meta property=\"og:type\" content=\"article\" \/>\n<meta property=\"og:title\" content=\"Servicios - Exit Fabrics\" \/>\n<meta property=\"og:description\" content=\"Ofrecemos stock permanente, certificados, producci\u00f3n a medida, tratamientos anti-manchas, acabados y reciclado. \u00a1Solicita m\u00e1s informaci\u00f3n!\" \/>\n<meta property=\"og:url\" content=\"https:\/\/exitfabrics.com\/es\/servicios\/\" \/>\n<meta property=\"og:site_name\" content=\"Exit Fabrics\" \/>\n<meta property=\"article:modified_time\" content=\"2025-03-21T12:52:39+00:00\" \/>\n<meta name=\"twitter:card\" content=\"summary_large_image\" \/>\n<meta name=\"twitter:label1\" content=\"Tiempo de lectura\" \/>\n\t<meta name=\"twitter:data1\" content=\"2 minutos\" \/>\n<script type=\"application\/ld+json\" class=\"yoast-schema-graph\">{\"@context\":\"https:\\\/\\\/schema.org\",\"@graph\":[{\"@type\":\"WebPage\",\"@id\":\"https:\\\/\\\/exitfabrics.com\\\/es\\\/servicios\\\/\",\"url\":\"https:\\\/\\\/exitfabrics.com\\\/es\\\/servicios\\\/\",\"name\":\"Servicios - Exit Fabrics\",\"isPartOf\":{\"@id\":\"https:\\\/\\\/exitfabrics.com\\\/es\\\/#website\"},\"datePublished\":\"2019-07-22T10:00:22+00:00\",\"dateModified\":\"2025-03-21T12:52:39+00:00\",\"description\":\"Ofrecemos stock permanente, certificados, producci\u00f3n a medida, tratamientos anti-manchas, acabados y reciclado. \u00a1Solicita m\u00e1s informaci\u00f3n!\",\"breadcrumb\":{\"@id\":\"https:\\\/\\\/exitfabrics.com\\\/es\\\/servicios\\\/#breadcrumb\"},\"inLanguage\":\"es\",\"potentialAction\":[{\"@type\":\"ReadAction\",\"target\":[\"https:\\\/\\\/exitfabrics.com\\\/es\\\/servicios\\\/\"]}]},{\"@type\":\"BreadcrumbList\",\"@id\":\"https:\\\/\\\/exitfabrics.com\\\/es\\\/servicios\\\/#breadcrumb\",\"itemListElement\":[{\"@type\":\"ListItem\",\"position\":1,\"name\":\"Home\",\"item\":\"https:\\\/\\\/exitfabrics.com\\\/es\\\/\"},{\"@type\":\"ListItem\",\"position\":2,\"name\":\"Servicios\"}]},{\"@type\":\"WebSite\",\"@id\":\"https:\\\/\\\/exitfabrics.com\\\/es\\\/#website\",\"url\":\"https:\\\/\\\/exitfabrics.com\\\/es\\\/\",\"name\":\"Exit Fabrics\",\"description\":\"Upholstery for all needs\",\"publisher\":{\"@id\":\"https:\\\/\\\/exitfabrics.com\\\/es\\\/#organization\"},\"potentialAction\":[{\"@type\":\"SearchAction\",\"target\":{\"@type\":\"EntryPoint\",\"urlTemplate\":\"https:\\\/\\\/exitfabrics.com\\\/es\\\/?s={search_term_string}\"},\"query-input\":{\"@type\":\"PropertyValueSpecification\",\"valueRequired\":true,\"valueName\":\"search_term_string\"}}],\"inLanguage\":\"es\"},{\"@type\":\"Organization\",\"@id\":\"https:\\\/\\\/exitfabrics.com\\\/es\\\/#organization\",\"name\":\"Exit Fabrics\",\"url\":\"https:\\\/\\\/exitfabrics.com\\\/es\\\/\",\"logo\":{\"@type\":\"ImageObject\",\"inLanguage\":\"es\",\"@id\":\"https:\\\/\\\/exitfabrics.com\\\/es\\\/#\\\/schema\\\/logo\\\/image\\\/\",\"url\":\"https:\\\/\\\/exitfabrics.com\\\/wp-content\\\/uploads\\\/2019\\\/07\\\/logo-black.png\",\"contentUrl\":\"https:\\\/\\\/exitfabrics.com\\\/wp-content\\\/uploads\\\/2019\\\/07\\\/logo-black.png\",\"width\":230,\"height\":64,\"caption\":\"Exit Fabrics\"},\"image\":{\"@id\":\"https:\\\/\\\/exitfabrics.com\\\/es\\\/#\\\/schema\\\/logo\\\/image\\\/\"},\"sameAs\":[\"https:\\\/\\\/www.instagram.com\\\/exitfabrics\\\/\",\"https:\\\/\\\/www.linkedin.com\\\/company\\\/exit-fabrics\\\/\"]}]}<\/script>\n<!-- \/ Yoast SEO plugin. -->","yoast_head_json":{"title":"Servicios - Exit Fabrics","description":"Ofrecemos stock permanente, certificados, producci\u00f3n a medida, tratamientos anti-manchas, acabados y reciclado. \u00a1Solicita m\u00e1s informaci\u00f3n!","robots":{"index":"index","follow":"follow","max-snippet":"max-snippet:-1","max-image-preview":"max-image-preview:large","max-video-preview":"max-video-preview:-1"},"canonical":"https:\/\/exitfabrics.com\/es\/servicios\/","og_locale":"es_ES","og_type":"article","og_title":"Servicios - Exit Fabrics","og_description":"Ofrecemos stock permanente, certificados, producci\u00f3n a medida, tratamientos anti-manchas, acabados y reciclado. \u00a1Solicita m\u00e1s informaci\u00f3n!","og_url":"https:\/\/exitfabrics.com\/es\/servicios\/","og_site_name":"Exit Fabrics","article_modified_time":"2025-03-21T12:52:39+00:00","twitter_card":"summary_large_image","twitter_misc":{"Tiempo de lectura":"2 minutos"},"schema":{"@context":"https:\/\/schema.org","@graph":[{"@type":"WebPage","@id":"https:\/\/exitfabrics.com\/es\/servicios\/","url":"https:\/\/exitfabrics.com\/es\/servicios\/","name":"Servicios - Exit Fabrics","isPartOf":{"@id":"https:\/\/exitfabrics.com\/es\/#website"},"datePublished":"2019-07-22T10:00:22+00:00","dateModified":"2025-03-21T12:52:39+00:00","description":"Ofrecemos stock permanente, certificados, producci\u00f3n a medida, tratamientos anti-manchas, acabados y reciclado. \u00a1Solicita m\u00e1s informaci\u00f3n!","breadcrumb":{"@id":"https:\/\/exitfabrics.com\/es\/servicios\/#breadcrumb"},"inLanguage":"es","potentialAction":[{"@type":"ReadAction","target":["https:\/\/exitfabrics.com\/es\/servicios\/"]}]},{"@type":"BreadcrumbList","@id":"https:\/\/exitfabrics.com\/es\/servicios\/#breadcrumb","itemListElement":[{"@type":"ListItem","position":1,"name":"Home","item":"https:\/\/exitfabrics.com\/es\/"},{"@type":"ListItem","position":2,"name":"Servicios"}]},{"@type":"WebSite","@id":"https:\/\/exitfabrics.com\/es\/#website","url":"https:\/\/exitfabrics.com\/es\/","name":"Exit Fabrics","description":"Upholstery for all needs","publisher":{"@id":"https:\/\/exitfabrics.com\/es\/#organization"},"potentialAction":[{"@type":"SearchAction","target":{"@type":"EntryPoint","urlTemplate":"https:\/\/exitfabrics.com\/es\/?s={search_term_string}"},"query-input":{"@type":"PropertyValueSpecification","valueRequired":true,"valueName":"search_term_string"}}],"inLanguage":"es"},{"@type":"Organization","@id":"https:\/\/exitfabrics.com\/es\/#organization","name":"Exit Fabrics","url":"https:\/\/exitfabrics.com\/es\/","logo":{"@type":"ImageObject","inLanguage":"es","@id":"https:\/\/exitfabrics.com\/es\/#\/schema\/logo\/image\/","url":"https:\/\/exitfabrics.com\/wp-content\/uploads\/2019\/07\/logo-black.png","contentUrl":"https:\/\/exitfabrics.com\/wp-content\/uploads\/2019\/07\/logo-black.png","width":230,"height":64,"caption":"Exit Fabrics"},"image":{"@id":"https:\/\/exitfabrics.com\/es\/#\/schema\/logo\/image\/"},"sameAs":["https:\/\/www.instagram.com\/exitfabrics\/","https:\/\/www.linkedin.com\/company\/exit-fabrics\/"]}]}},"_links":{"self":[{"href":"https:\/\/exitfabrics.com\/es\/wp-json\/wp\/v2\/pages\/13","targetHints":{"allow":["GET"]}}],"collection":[{"href":"https:\/\/exitfabrics.com\/es\/wp-json\/wp\/v2\/pages"}],"about":[{"href":"https:\/\/exitfabrics.com\/es\/wp-json\/wp\/v2\/types\/page"}],"author":[{"embeddable":true,"href":"https:\/\/exitfabrics.com\/es\/wp-json\/wp\/v2\/users\/1"}],"replies":[{"embeddable":true,"href":"https:\/\/exitfabrics.com\/es\/wp-json\/wp\/v2\/comments?post=13"}],"version-history":[{"count":0,"href":"https:\/\/exitfabrics.com\/es\/wp-json\/wp\/v2\/pages\/13\/revisions"}],"wp:attachment":[{"href":"https:\/\/exitfabrics.com\/es\/wp-json\/wp\/v2\/media?parent=13"}],"curies":[{"name":"wp","href":"https:\/\/api.w.org\/{rel}","templated":true}]}}