{"id":75845,"date":"2024-11-18T12:52:22","date_gmt":"2024-11-18T11:52:22","guid":{"rendered":"https:\/\/exitfabrics.com\/ferias\/"},"modified":"2026-01-15T14:03:56","modified_gmt":"2026-01-15T13:03:56","slug":"messen","status":"publish","type":"page","link":"https:\/\/exitfabrics.com\/de\/messen\/","title":{"rendered":"Messen"},"content":{"rendered":"<div class=\"wpb-content-wrapper\"><p>[vc_row][vc_column][vc_single_image image=&#8221;75192&#8243; img_size=&#8221;full&#8221; css=&#8221;&#8221; el_class=&#8221;all-width&#8221;][\/vc_column][\/vc_row][vc_row][vc_column el_class=&#8221;cifras-carousel&#8221;]<div class=\"cifras-vc-container background-color-dark\">\r\n    <div class=\"container\">\r\n                <h2>Wir sind auf den besten nationalen und internationalen Fachmessen vertreten.<\/h2>\r\n        \r\n        \r\n        <div class=\"vc-cifras\">\r\n\r\n                        <div class=\"vc-cifras-item\">\r\n                <div class=\"cont__inner\">\r\n                                        <img decoding=\"async\" src=\"\/wp-content\/themes\/exitfabrics\/assets\/circle-white.svg\" alt=\"circle white\">\r\n                                        <div class=\"cifras-text\">\r\n                        <div class=\"cont__text\">Orgatec<\/div>\r\n                                            <\/div>\r\n                <\/div>\r\n                            <\/div>\r\n\r\n                        <div class=\"vc-cifras-item\">\r\n                <div class=\"cont__inner\">\r\n                                        <img decoding=\"async\" src=\"\/wp-content\/themes\/exitfabrics\/assets\/circle-white.svg\" alt=\"circle white\">\r\n                                        <div class=\"cifras-text\">\r\n                        <div class=\"cont__text\">H\u00e1bitat Valencia<\/div>\r\n                                            <\/div>\r\n                <\/div>\r\n                            <\/div>\r\n\r\n                        <div class=\"vc-cifras-item\">\r\n                <div class=\"cont__inner\">\r\n                                        <img decoding=\"async\" src=\"\/wp-content\/themes\/exitfabrics\/assets\/circle-white.svg\" alt=\"circle white\">\r\n                                        <div class=\"cifras-text\">\r\n                        <div class=\"cont__text\">Interihotel<\/div>\r\n                                            <\/div>\r\n                <\/div>\r\n                            <\/div>\r\n\r\n                        <div class=\"vc-cifras-item\">\r\n                <div class=\"cont__inner\">\r\n                                        <img decoding=\"async\" src=\"\/wp-content\/themes\/exitfabrics\/assets\/circle-white.svg\" alt=\"circle white\">\r\n                                        <div class=\"cifras-text\">\r\n                        <div class=\"cont__text\">Interzum<\/div>\r\n                                            <\/div>\r\n                <\/div>\r\n                            <\/div>\r\n\r\n                        <div class=\"vc-cifras-item\">\r\n                <div class=\"cont__inner\">\r\n                                        <img decoding=\"async\" src=\"\/wp-content\/themes\/exitfabrics\/assets\/circle-white.svg\" alt=\"circle white\">\r\n                                        <div class=\"cifras-text\">\r\n                        <div class=\"cont__text\">Heimtextil<\/div>\r\n                                            <\/div>\r\n                <\/div>\r\n                            <\/div>\r\n\r\n                        <div class=\"vc-cifras-item\">\r\n                <div class=\"cont__inner\">\r\n                                        <img decoding=\"async\" src=\"\/wp-content\/themes\/exitfabrics\/assets\/circle-white.svg\" alt=\"circle white\">\r\n                                        <div class=\"cifras-text\">\r\n                        <div class=\"cont__text\">Architect@work<\/div>\r\n                                            <\/div>\r\n                <\/div>\r\n                            <\/div>\r\n\r\n                    <\/div>\r\n\r\n        <div class=\"cont__border\"><\/div>\r\n    <\/div>\r\n<\/div>\r\n[\/vc_column][\/vc_row][vc_row][vc_column][vc_single_image image=&#8221;75819&#8243; img_size=&#8221;full&#8221; css=&#8221;&#8221; el_class=&#8221;all-width&#8221;][\/vc_column][\/vc_row][vc_section el_class=&#8221;seccion-image-text&#8221;][vc_row css=&#8221;.vc_custom_1732269794522{margin-top: 50px !important;margin-bottom: 50px !important;}&#8221; el_class=&#8221;container&#8221;][vc_column width=&#8221;1\/2&#8243;][vc_column_text css=&#8221;&#8221;]<\/p>\n<h2 class=\"text-extrabig\">in | workspace spain 2026<\/h2>\n<p class=\"text-big\"><span style=\"font-weight: 400;\">Wir freuen uns darauf, Sie auf der in | workspace spain in <strong>Madrid (Spanien)<\/strong> am <strong>12. und 13. Mai 2026<\/strong> begr\u00fc\u00dfen zu d\u00fcrfen.<\/span><\/p>\n<p class=\"text-big\"><span style=\"font-weight: 400;\">Weitere Informationen zur Veranstaltung folgen in K\u00fcrze.<\/span><\/p>\n<p>[\/vc_column_text][\/vc_column][vc_column width=&#8221;1\/2&#8243;][vc_single_image image=&#8221;79153&#8243; img_size=&#8221;full&#8221; css=&#8221;&#8221; el_class=&#8221;all-width&#8221;][\/vc_column][\/vc_row][vc_row][vc_column][vc_separator color=&#8221;black&#8221; css=&#8221;&#8221; el_class=&#8221;container&#8221;][\/vc_column][\/vc_row][\/vc_section][vc_section el_class=&#8221;seccion-image-text&#8221;][vc_row css=&#8221;.vc_custom_1732269794522{margin-top: 50px !important;margin-bottom: 50px !important;}&#8221; el_class=&#8221;container&#8221;][vc_column width=&#8221;1\/2&#8243;][vc_column_text css=&#8221;&#8221;]<\/p>\n<h2 class=\"text-extrabig\">Habitat Valencia 2026<\/h2>\n<p class=\"text-big\"><span style=\"font-weight: 400;\">Wir freuen uns darauf, Sie auf der in | workspace spain in <strong>Valencia (Spanien)<\/strong> vom <strong>28. September bis zum 1. Oktober Main 2026<\/strong> begr\u00fc\u00dfen zu d\u00fcrfen.<\/span><\/p>\n<p class=\"text-big\"><span style=\"font-weight: 400;\">Weitere Informationen zur Veranstaltung folgen in K\u00fcrze. <\/span><\/p>\n<p>[\/vc_column_text][\/vc_column][vc_column width=&#8221;1\/2&#8243;][vc_single_image image=&#8221;79157&#8243; img_size=&#8221;full&#8221; css=&#8221;&#8221; el_class=&#8221;all-width&#8221;][\/vc_column][\/vc_row][vc_row][vc_column][vc_separator color=&#8221;black&#8221; css=&#8221;&#8221; el_class=&#8221;container&#8221;][\/vc_column][\/vc_row][\/vc_section][vc_section el_class=&#8221;seccion-image-text&#8221;][vc_row css=&#8221;.vc_custom_1732269794522{margin-top: 50px !important;margin-bottom: 50px !important;}&#8221; el_class=&#8221;container&#8221;][vc_column width=&#8221;1\/2&#8243;][vc_column_text css=&#8221;&#8221;]<\/p>\n<h2 class=\"text-extrabig\">Orgatec 2026<\/h2>\n<p class=\"text-big\">Wir freuen uns darauf, Sie auf der Orgatec 2026 in <strong>K\u00f6ln (Deutschland) <\/strong>vom <strong>27. bis 30. Oktober 2026\u00a0<\/strong>begr\u00fc\u00dfen zu d\u00fcrfen.<\/p>\n<p class=\"text-big\"><span style=\"font-weight: 400;\">Weitere Informationen zur Veranstaltung folgen in K\u00fcrze.<\/span><\/p>\n<p>[\/vc_column_text][\/vc_column][vc_column width=&#8221;1\/2&#8243;][vc_single_image image=&#8221;79303&#8243; img_size=&#8221;full&#8221; css=&#8221;&#8221; el_class=&#8221;all-width&#8221;][\/vc_column][\/vc_row][vc_row][vc_column][vc_separator color=&#8221;black&#8221; css=&#8221;&#8221; el_class=&#8221;container&#8221;][\/vc_column][\/vc_row][\/vc_section][vc_section el_class=&#8221;seccion-image-text&#8221;][vc_row css=&#8221;.vc_custom_1732269794522{margin-top: 50px !important;margin-bottom: 50px !important;}&#8221; el_class=&#8221;container&#8221;][vc_column width=&#8221;1\/2&#8243;][vc_column_text css=&#8221;&#8221;]<\/p>\n<h2 class=\"text-extrabig\">Interihotel 2026<\/h2>\n<p class=\"text-big\"><span style=\"font-weight: 400;\">Wir freuen uns darauf, Sie auf der Interihotel 2026 in <strong>IFEMA Madrid (Spanien) <\/strong>vom <strong>17.\u201319. November 2026\u00a0<\/strong>begr\u00fc\u00dfen zu d\u00fcrfen.<\/span><\/p>\n<p class=\"text-big\"><span style=\"font-weight: 400;\">Weitere Informationen zur Veranstaltung folgen in K\u00fcrze.<\/span><\/p>\n<p>[\/vc_column_text][\/vc_column][vc_column width=&#8221;1\/2&#8243;][vc_single_image image=&#8221;79161&#8243; img_size=&#8221;full&#8221; css=&#8221;&#8221; el_class=&#8221;all-width&#8221;][\/vc_column][\/vc_row][vc_row][vc_column][vc_separator color=&#8221;black&#8221; css=&#8221;&#8221; el_class=&#8221;container&#8221;][\/vc_column][\/vc_row][\/vc_section][vc_section el_class=&#8221;seccion-image-text&#8221;][vc_row css=&#8221;.vc_custom_1732269794522{margin-top: 50px !important;margin-bottom: 50px !important;}&#8221; el_class=&#8221;container&#8221;][vc_column width=&#8221;1\/2&#8243;][vc_column_text css=&#8221;&#8221;]<\/p>\n<h2 class=\"text-extrabig\">Interzum 2027<\/h2>\n<p class=\"text-big\"><span style=\"font-weight: 400;\">Wir freuen uns darauf, Sie auf der Interzum in <strong>K\u00f6ln<\/strong> vom <strong>11.\u201314. Mai 2027<\/strong> begr\u00fc\u00dfen zu d\u00fcrfen.<\/span><\/p>\n<p class=\"text-big\"><span style=\"font-weight: 400;\">Weitere Informationen zur Veranstaltung folgen in K\u00fcrze.<\/span><\/p>\n<p>[\/vc_column_text][\/vc_column][vc_column width=&#8221;1\/2&#8243;][vc_single_image image=&#8221;79317&#8243; img_size=&#8221;full&#8221; css=&#8221;&#8221; el_class=&#8221;all-width&#8221;][\/vc_column][\/vc_row][\/vc_section][vc_row][vc_column][vc_column_text css=&#8221;&#8221;]<div class=\"content_block\" id=\"custom_post_widget-2627\"><div class=\"cont--newsletter\">\n<div class=\"cont--text\">\n<h2>Newsletter<\/h2>\n<p>Abonnieren Sie unseren Newsletter, um \u00fcber die Neuigkeiten der Marke auf dem Laufenden zu bleiben. Wir schicken Ihnen nur das Beste von Exit Fabrics.<\/p>\n<\/div>\n<div class=\"cont--form\"><!-- Begin Mailchimp Signup Form\n \t<link href=\"\/\/cdn-images.mailchimp.com\/embedcode\/classic-10_7.css\" rel=\"stylesheet\" type=\"text\/css\"> --><\/p>\n<div id=\"mc_embed_signup\">\n<form id=\"mc-embedded-subscribe-form\" class=\"validate\" action=\"https:\/\/exitfabrics.us6.list-manage.com\/subscribe\/post?u=6b698133f2616c5b6e7305a5d&amp;id=92a4824664\" method=\"post\" name=\"mc-embedded-subscribe-form\" novalidate=\"\" target=\"_blank\">\n<div id=\"mc_embed_signup_scroll\" class=\"cont--form-newsletter\">\n<div class=\"mc-field-group\"><label for=\"mce-EMAIL\">E-Mail <\/label><br \/>\n<input id=\"mce-EMAIL\" class=\"required email\" name=\"EMAIL\" type=\"email\" value=\"\" \/><\/div>\n<div id=\"mce-responses\" class=\"clear\">\n<div id=\"mce-error-response\" class=\"response\" style=\"display: none;\"><\/div>\n<div id=\"mce-success-response\" class=\"response\" style=\"display: none;\"><\/div>\n<\/div>\n<p><!-- real people should not fill this in and expect good things - do not remove this or risk form bot signups--><\/p>\n<div style=\"position: absolute; left: -5000px;\" aria-hidden=\"true\"><input tabindex=\"-1\" name=\"b_6b698133f2616c5b6e7305a5d_92a4824664\" type=\"text\" value=\"\" \/><\/div>\n<\/div>\n<div class=\"clear\"><input id=\"mc-embedded-subscribe\" class=\"button\" name=\"subscribe\" type=\"submit\" value=\"Abonnieren\" \/><\/div>\n<\/form>\n<\/div>\n<p><script type='text\/javascript' src='\/\/s3.amazonaws.com\/downloads.mailchimp.com\/js\/mc-validate.js'><\/script><script type='text\/javascript'>(function($) {window.fnames = new Array(); window.ftypes = new Array();fnames[0]='EMAIL';ftypes[0]='email';fnames[1]='FNAME';ftypes[1]='text';fnames[2]='LNAME';ftypes[2]='text';fnames[4]='PHONE';ftypes[4]='phone';fnames[5]='MMERGE5';ftypes[5]='text';fnames[6]='MMERGE6';ftypes[6]='text';fnames[7]='MMERGE7';ftypes[7]='text';}(jQuery));var $mcj = jQuery.noConflict(true);<\/script><br \/>\n<!--End mc_embed_signup--><\/p>\n<\/div>\n<\/div>\n<\/div>[\/vc_column_text][\/vc_column][\/vc_row]<\/p>\n<\/div>","protected":false},"excerpt":{"rendered":"<p>[vc_row][vc_column][vc_single_image image=&#8221;75192&#8243; img_size=&#8221;full&#8221; css=&#8221;&#8221; el_class=&#8221;all-width&#8221;][\/vc_column][\/vc_row][vc_row][vc_column el_class=&#8221;cifras-carousel&#8221;][\/vc_column][\/vc_row][vc_row][vc_column][vc_single_image image=&#8221;75819&#8243; img_size=&#8221;full&#8221; css=&#8221;&#8221; el_class=&#8221;all-width&#8221;][\/vc_column][\/vc_row][vc_section el_class=&#8221;seccion-image-text&#8221;][vc_row css=&#8221;.vc_custom_1732269794522{margin-top: 50px !important;margin-bottom: 50px !important;}&#8221; el_class=&#8221;container&#8221;][vc_column width=&#8221;1\/2&#8243;][vc_column_text css=&#8221;&#8221;] in | workspace spain 2026 Wir freuen uns darauf, Sie auf der in | workspace spain in Madrid (Spanien) am 12. und 13. Mai 2026 begr\u00fc\u00dfen zu d\u00fcrfen. Weitere Informationen zur Veranstaltung folgen in K\u00fcrze. [\/vc_column_text][\/vc_column][vc_column [&#8230;]<\/p>\n<p><a class=\"btn btn-secondary understrap-read-more-link\" href=\"https:\/\/exitfabrics.com\/de\/messen\/\">Weiterlesen&#8230;<span class=\"screen-reader-text\"> from Messen<\/span><\/a><\/p>\n","protected":false},"author":1,"featured_media":0,"parent":0,"menu_order":0,"comment_status":"closed","ping_status":"closed","template":"page-templates\/fullwidthpage-header-white.php","meta":{"_acf_changed":false,"footnotes":""},"class_list":["post-75845","page","type-page","status-publish","hentry"],"acf":[],"yoast_head":"<!-- This site is optimized with the Yoast SEO plugin v27.3 - https:\/\/yoast.com\/product\/yoast-seo-wordpress\/ -->\n<title>Messen - Exit Fabrics<\/title>\n<meta name=\"robots\" content=\"index, follow, max-snippet:-1, max-image-preview:large, max-video-preview:-1\" \/>\n<link rel=\"canonical\" href=\"https:\/\/exitfabrics.com\/de\/messen\/\" \/>\n<meta property=\"og:locale\" content=\"de_DE\" \/>\n<meta property=\"og:type\" content=\"article\" \/>\n<meta property=\"og:title\" content=\"Messen - Exit Fabrics\" \/>\n<meta property=\"og:description\" content=\"[vc_row][vc_column][vc_single_image image=&#8221;75192&#8243; img_size=&#8221;full&#8221; css=&#8221;&#8221; el_class=&#8221;all-width&#8221;][\/vc_column][\/vc_row][vc_row][vc_column el_class=&#8221;cifras-carousel&#8221;][\/vc_column][\/vc_row][vc_row][vc_column][vc_single_image image=&#8221;75819&#8243; img_size=&#8221;full&#8221; css=&#8221;&#8221; el_class=&#8221;all-width&#8221;][\/vc_column][\/vc_row][vc_section el_class=&#8221;seccion-image-text&#8221;][vc_row css=&#8221;.vc_custom_1732269794522{margin-top: 50px !important;margin-bottom: 50px !important;}&#8221; el_class=&#8221;container&#8221;][vc_column width=&#8221;1\/2&#8243;][vc_column_text css=&#8221;&#8221;] in | workspace spain 2026 Wir freuen uns darauf, Sie auf der in | workspace spain in Madrid (Spanien) am 12. und 13. Mai 2026 begr\u00fc\u00dfen zu d\u00fcrfen. Weitere Informationen zur Veranstaltung folgen in K\u00fcrze. [\/vc_column_text][\/vc_column][vc_column [...]Weiterlesen... from Messen\" \/>\n<meta property=\"og:url\" content=\"https:\/\/exitfabrics.com\/de\/messen\/\" \/>\n<meta property=\"og:site_name\" content=\"Exit Fabrics\" \/>\n<meta property=\"article:modified_time\" content=\"2026-01-15T13:03:56+00:00\" \/>\n<meta name=\"twitter:card\" content=\"summary_large_image\" \/>\n<meta name=\"twitter:label1\" content=\"Est. reading time\" \/>\n\t<meta name=\"twitter:data1\" content=\"3 minutes\" \/>\n<script type=\"application\/ld+json\" class=\"yoast-schema-graph\">{\"@context\":\"https:\\\/\\\/schema.org\",\"@graph\":[{\"@type\":\"WebPage\",\"@id\":\"https:\\\/\\\/exitfabrics.com\\\/de\\\/messen\\\/\",\"url\":\"https:\\\/\\\/exitfabrics.com\\\/de\\\/messen\\\/\",\"name\":\"Messen - Exit Fabrics\",\"isPartOf\":{\"@id\":\"https:\\\/\\\/exitfabrics.com\\\/es\\\/#website\"},\"datePublished\":\"2024-11-18T11:52:22+00:00\",\"dateModified\":\"2026-01-15T13:03:56+00:00\",\"breadcrumb\":{\"@id\":\"https:\\\/\\\/exitfabrics.com\\\/de\\\/messen\\\/#breadcrumb\"},\"inLanguage\":\"de-DE\",\"potentialAction\":[{\"@type\":\"ReadAction\",\"target\":[\"https:\\\/\\\/exitfabrics.com\\\/de\\\/messen\\\/\"]}]},{\"@type\":\"BreadcrumbList\",\"@id\":\"https:\\\/\\\/exitfabrics.com\\\/de\\\/messen\\\/#breadcrumb\",\"itemListElement\":[{\"@type\":\"ListItem\",\"position\":1,\"name\":\"Home\",\"item\":\"https:\\\/\\\/exitfabrics.com\\\/de\\\/\"},{\"@type\":\"ListItem\",\"position\":2,\"name\":\"Messen\"}]},{\"@type\":\"WebSite\",\"@id\":\"https:\\\/\\\/exitfabrics.com\\\/es\\\/#website\",\"url\":\"https:\\\/\\\/exitfabrics.com\\\/es\\\/\",\"name\":\"Exit Fabrics\",\"description\":\"Upholstery for all needs\",\"publisher\":{\"@id\":\"https:\\\/\\\/exitfabrics.com\\\/es\\\/#organization\"},\"potentialAction\":[{\"@type\":\"SearchAction\",\"target\":{\"@type\":\"EntryPoint\",\"urlTemplate\":\"https:\\\/\\\/exitfabrics.com\\\/es\\\/?s={search_term_string}\"},\"query-input\":{\"@type\":\"PropertyValueSpecification\",\"valueRequired\":true,\"valueName\":\"search_term_string\"}}],\"inLanguage\":\"de-DE\"},{\"@type\":\"Organization\",\"@id\":\"https:\\\/\\\/exitfabrics.com\\\/es\\\/#organization\",\"name\":\"Exit Fabrics\",\"url\":\"https:\\\/\\\/exitfabrics.com\\\/es\\\/\",\"logo\":{\"@type\":\"ImageObject\",\"inLanguage\":\"de-DE\",\"@id\":\"https:\\\/\\\/exitfabrics.com\\\/es\\\/#\\\/schema\\\/logo\\\/image\\\/\",\"url\":\"https:\\\/\\\/exitfabrics.com\\\/wp-content\\\/uploads\\\/2019\\\/07\\\/logo-black.png\",\"contentUrl\":\"https:\\\/\\\/exitfabrics.com\\\/wp-content\\\/uploads\\\/2019\\\/07\\\/logo-black.png\",\"width\":230,\"height\":64,\"caption\":\"Exit Fabrics\"},\"image\":{\"@id\":\"https:\\\/\\\/exitfabrics.com\\\/es\\\/#\\\/schema\\\/logo\\\/image\\\/\"},\"sameAs\":[\"https:\\\/\\\/www.instagram.com\\\/exitfabrics\\\/\",\"https:\\\/\\\/www.linkedin.com\\\/company\\\/exit-fabrics\\\/\"]}]}<\/script>\n<!-- \/ Yoast SEO plugin. -->","yoast_head_json":{"title":"Messen - Exit Fabrics","robots":{"index":"index","follow":"follow","max-snippet":"max-snippet:-1","max-image-preview":"max-image-preview:large","max-video-preview":"max-video-preview:-1"},"canonical":"https:\/\/exitfabrics.com\/de\/messen\/","og_locale":"de_DE","og_type":"article","og_title":"Messen - Exit Fabrics","og_description":"[vc_row][vc_column][vc_single_image image=&#8221;75192&#8243; img_size=&#8221;full&#8221; css=&#8221;&#8221; el_class=&#8221;all-width&#8221;][\/vc_column][\/vc_row][vc_row][vc_column el_class=&#8221;cifras-carousel&#8221;][\/vc_column][\/vc_row][vc_row][vc_column][vc_single_image image=&#8221;75819&#8243; img_size=&#8221;full&#8221; css=&#8221;&#8221; el_class=&#8221;all-width&#8221;][\/vc_column][\/vc_row][vc_section el_class=&#8221;seccion-image-text&#8221;][vc_row css=&#8221;.vc_custom_1732269794522{margin-top: 50px !important;margin-bottom: 50px !important;}&#8221; el_class=&#8221;container&#8221;][vc_column width=&#8221;1\/2&#8243;][vc_column_text css=&#8221;&#8221;] in | workspace spain 2026 Wir freuen uns darauf, Sie auf der in | workspace spain in Madrid (Spanien) am 12. und 13. Mai 2026 begr\u00fc\u00dfen zu d\u00fcrfen. Weitere Informationen zur Veranstaltung folgen in K\u00fcrze. [\/vc_column_text][\/vc_column][vc_column [...]Weiterlesen... from Messen","og_url":"https:\/\/exitfabrics.com\/de\/messen\/","og_site_name":"Exit Fabrics","article_modified_time":"2026-01-15T13:03:56+00:00","twitter_card":"summary_large_image","twitter_misc":{"Est. reading time":"3 minutes"},"schema":{"@context":"https:\/\/schema.org","@graph":[{"@type":"WebPage","@id":"https:\/\/exitfabrics.com\/de\/messen\/","url":"https:\/\/exitfabrics.com\/de\/messen\/","name":"Messen - Exit Fabrics","isPartOf":{"@id":"https:\/\/exitfabrics.com\/es\/#website"},"datePublished":"2024-11-18T11:52:22+00:00","dateModified":"2026-01-15T13:03:56+00:00","breadcrumb":{"@id":"https:\/\/exitfabrics.com\/de\/messen\/#breadcrumb"},"inLanguage":"de-DE","potentialAction":[{"@type":"ReadAction","target":["https:\/\/exitfabrics.com\/de\/messen\/"]}]},{"@type":"BreadcrumbList","@id":"https:\/\/exitfabrics.com\/de\/messen\/#breadcrumb","itemListElement":[{"@type":"ListItem","position":1,"name":"Home","item":"https:\/\/exitfabrics.com\/de\/"},{"@type":"ListItem","position":2,"name":"Messen"}]},{"@type":"WebSite","@id":"https:\/\/exitfabrics.com\/es\/#website","url":"https:\/\/exitfabrics.com\/es\/","name":"Exit Fabrics","description":"Upholstery for all needs","publisher":{"@id":"https:\/\/exitfabrics.com\/es\/#organization"},"potentialAction":[{"@type":"SearchAction","target":{"@type":"EntryPoint","urlTemplate":"https:\/\/exitfabrics.com\/es\/?s={search_term_string}"},"query-input":{"@type":"PropertyValueSpecification","valueRequired":true,"valueName":"search_term_string"}}],"inLanguage":"de-DE"},{"@type":"Organization","@id":"https:\/\/exitfabrics.com\/es\/#organization","name":"Exit Fabrics","url":"https:\/\/exitfabrics.com\/es\/","logo":{"@type":"ImageObject","inLanguage":"de-DE","@id":"https:\/\/exitfabrics.com\/es\/#\/schema\/logo\/image\/","url":"https:\/\/exitfabrics.com\/wp-content\/uploads\/2019\/07\/logo-black.png","contentUrl":"https:\/\/exitfabrics.com\/wp-content\/uploads\/2019\/07\/logo-black.png","width":230,"height":64,"caption":"Exit Fabrics"},"image":{"@id":"https:\/\/exitfabrics.com\/es\/#\/schema\/logo\/image\/"},"sameAs":["https:\/\/www.instagram.com\/exitfabrics\/","https:\/\/www.linkedin.com\/company\/exit-fabrics\/"]}]}},"_links":{"self":[{"href":"https:\/\/exitfabrics.com\/de\/wp-json\/wp\/v2\/pages\/75845","targetHints":{"allow":["GET"]}}],"collection":[{"href":"https:\/\/exitfabrics.com\/de\/wp-json\/wp\/v2\/pages"}],"about":[{"href":"https:\/\/exitfabrics.com\/de\/wp-json\/wp\/v2\/types\/page"}],"author":[{"embeddable":true,"href":"https:\/\/exitfabrics.com\/de\/wp-json\/wp\/v2\/users\/1"}],"replies":[{"embeddable":true,"href":"https:\/\/exitfabrics.com\/de\/wp-json\/wp\/v2\/comments?post=75845"}],"version-history":[{"count":7,"href":"https:\/\/exitfabrics.com\/de\/wp-json\/wp\/v2\/pages\/75845\/revisions"}],"predecessor-version":[{"id":79479,"href":"https:\/\/exitfabrics.com\/de\/wp-json\/wp\/v2\/pages\/75845\/revisions\/79479"}],"wp:attachment":[{"href":"https:\/\/exitfabrics.com\/de\/wp-json\/wp\/v2\/media?parent=75845"}],"curies":[{"name":"wp","href":"https:\/\/api.w.org\/{rel}","templated":true}]}}