{"id":51408,"date":"2019-07-30T17:36:16","date_gmt":"2019-07-30T15:36:16","guid":{"rendered":"https:\/\/exitfabrics.com\/cookies\/"},"modified":"2024-07-02T10:50:59","modified_gmt":"2024-07-02T08:50:59","slug":"cookie-richtlinie","status":"publish","type":"page","link":"https:\/\/exitfabrics.com\/de\/cookie-richtlinie\/","title":{"rendered":"Cookie-Richtlinie"},"content":{"rendered":"<div class=\"wpb-content-wrapper\"><p>[vc_row][vc_column][vc_column_text css=&#8221;&#8221;]Damit unsere Website optimal funktionieren kann, verwenden wir Cookies.<br \/>\nCookies sind automatische Verfahren zur Datenerfassung beim Surfen im Internet, um den Nutzer als wiederkehrenden Besucher zu erkennen und seine Erfahrungen zu personalisieren.<br \/>\nUnter anderem werden Daten wie die Browsersprache des Nutzers, sein Land, sein Login, seine Browsereigenschaften oder auch Informationen \u00fcber das Datum und die Uhrzeit des letzten Besuchs, Parameter des Datenverkehrs auf der Website und die Anzahl der Besuche erfasst.<br \/>\nPraktisch alle Websites verwenden Cookies, da viele von ihnen f\u00fcr das ordnungsgem\u00e4\u00dfe Funktionieren verschiedener Dienste und Hilfsprogramme unerl\u00e4sslich sind, wie z.B. Einkaufs- oder Registrierungsdienste oder die Verbindung zu sozialen Netzwerken.<br \/>\nFalls Sie eine mittlere oder niedrige Sicherheitskonfiguration verwenden, die die automatische Installation von Cookies beim Surfen auf unserer Website zul\u00e4sst, gehen wir davon aus, dass Sie stillschweigend mit deren Installation einverstanden sind.<br \/>\nEXIT FABRICS verwendet auf seiner Website die folgenden Cookies:<\/p>\n<table class=\"wt-cli-element cookielawinfo-classic cookielawinfo-row-cat-table\"><thead><tr><th scope=\"col\" class=\"cookielawinfo-column-1\">Cookie<\/th><th scope=\"col\" class=\"cookielawinfo-column-3\">Dauer<\/th><th scope=\"col\" class=\"cookielawinfo-column-4\">Beschreibung<\/th><\/thead><tbody><tr class=\"cookielawinfo-row-cat-title\"><th colspan=\"3\" class=\"cookielawinfo-row-cat-title-head\">Erforderlich<\/th><\/tr><tr class=\"cookielawinfo-row\"><td class=\"cookielawinfo-column-1\">_GRECAPTCHA<\/td><td class=\"cookielawinfo-column-3\">5 Monate 27 Tage<\/td><td class=\"cookielawinfo-column-4\">Dieses Cookie wird vom Google-Recaptcha-Dienst gesetzt, um Bots zu identifizieren und die Website vor b\u00f6sartigen Spam-Angriffen zu sch\u00fctzen.<\/td><\/tr><tr class=\"cookielawinfo-row\"><td class=\"cookielawinfo-column-1\">cookielawinfo-checkbox-analytics<\/td><td class=\"cookielawinfo-column-3\">1 Jahr<\/td><td class=\"cookielawinfo-column-4\">Dieses Cookie wird vom GDPR Cookie Consent Plugin gesetzt und dient dazu, die Zustimmung des Nutzers zu den Cookies der Kategorie \"Analytics\" zu erfassen.<\/td><\/tr><tr class=\"cookielawinfo-row\"><td class=\"cookielawinfo-column-1\">cookielawinfo-checkbox-performance<\/td><td class=\"cookielawinfo-column-3\">1 Jahr<\/td><td class=\"cookielawinfo-column-4\">Dieses Cookie wird vom GDPR-Cookie-Consent-Plugin gesetzt und dient dazu, die Zustimmung des Nutzers f\u00fcr Cookies der Kategorie \"Leistung\" zu speichern.<\/td><\/tr><tr class=\"cookielawinfo-row\"><td class=\"cookielawinfo-column-1\">cookielawinfo-checkbox-advertisement<\/td><td class=\"cookielawinfo-column-3\">1 year<\/td><td class=\"cookielawinfo-column-4\">Dieser Cookie wird vom GDPR Cookie Consent Plugin gesetzt und dient dazu, die Zustimmung des Nutzers zu den Cookies der Kategorie \"Werbung\" zu erfassen.<\/td><\/tr><tr class=\"cookielawinfo-row\"><td class=\"cookielawinfo-column-1\">cookielawinfo-checkbox-necessaires<\/td><td class=\"cookielawinfo-column-3\">1 year<\/td><td class=\"cookielawinfo-column-4\">Dieses Cookie wird vom GDPR Cookie Consent Plugin gesetzt und dient dazu, die Zustimmung des Nutzers f\u00fcr Cookies der Kategorie \"Notwendig\" zu speichern.<\/td><\/tr><tr class=\"cookielawinfo-row\"><td class=\"cookielawinfo-column-1\">cookielawinfo-checkbox-analytiques<\/td><td class=\"cookielawinfo-column-3\">1 Jahr<\/td><td class=\"cookielawinfo-column-4\">Wird vom GDPR Cookie Consent Plugin gesetzt, um die Zustimmung des Nutzers f\u00fcr Cookies in der Kategorie \"Analytics\" zu speichern.<\/td><\/tr><tr class=\"cookielawinfo-row\"><td class=\"cookielawinfo-column-1\">cookielawinfo-checkbox-necessary<\/td><td class=\"cookielawinfo-column-3\">1 Jahr<\/td><td class=\"cookielawinfo-column-4\">Dieser Cookie wird vom GDPR Cookie Consent Plugin gesetzt und dient dazu, die Zustimmung des Nutzers zu den Cookies der Kategorie \"Notwendig\" zu erfassen.<\/td><\/tr><tr class=\"cookielawinfo-row\"><td class=\"cookielawinfo-column-1\">CookieLawInfoConsent<\/td><td class=\"cookielawinfo-column-3\">1 Jahr<\/td><td class=\"cookielawinfo-column-4\">Speichert den Standard-Schaltfl\u00e4chenstatus der entsprechenden Kategorie und den Status der CCPA. Es funktioniert nur in Koordination mit dem prim\u00e4ren Cookie.<\/td><\/tr><tr class=\"cookielawinfo-row\"><td class=\"cookielawinfo-column-1\">JSESSIONID<\/td><td class=\"cookielawinfo-column-3\">Sitzung<\/td><td class=\"cookielawinfo-column-4\">Das JSESSIONID-Cookie wird von New Relic verwendet, um einen Sitzungsidentifikator zu speichern, damit New Relic die Sitzungszahlen f\u00fcr eine Anwendung \u00fcberwachen kann.<\/td><\/tr><tr class=\"cookielawinfo-row\"><td class=\"cookielawinfo-column-1\">viewed_cookie_policy<\/td><td class=\"cookielawinfo-column-3\">1 Stunde<\/td><td class=\"cookielawinfo-column-4\">Das Cookie wird vom GDPR Cookie Consent Plugin gesetzt und wird verwendet, um zu speichern, ob der Benutzer der Verwendung von Cookies zugestimmt hat oder nicht. Es werden keine personenbezogenen Daten gespeichert.<\/td><\/tr><tr class=\"cookielawinfo-row-cat-title\"><th colspan=\"3\" class=\"cookielawinfo-row-cat-title-head\">Auswertungen<\/th><\/tr><tr class=\"cookielawinfo-row\"><td class=\"cookielawinfo-column-1\">CONSENT<\/td><td class=\"cookielawinfo-column-3\">2 Jahre<\/td><td class=\"cookielawinfo-column-4\">YouTube setzt dieses Cookie \u00fcber eingebettete YouTube-Videos und registriert anonyme statistische Daten.<\/td><\/tr><tr class=\"cookielawinfo-row\"><td class=\"cookielawinfo-column-1\">_ga_VTBKQH2Q8G<\/td><td class=\"cookielawinfo-column-3\">2 Jahre<\/td><td class=\"cookielawinfo-column-4\">Dieses Cookie wird von Google Analytics installiert.<\/td><\/tr><tr class=\"cookielawinfo-row\"><td class=\"cookielawinfo-column-1\">_gat_UA-80720938-1<\/td><td class=\"cookielawinfo-column-3\">1 Minute<\/td><td class=\"cookielawinfo-column-4\">Eine Variante des _gat-Cookies, das von Google Analytics und Google Tag Manager gesetzt wird, um Website-Besitzern zu erm\u00f6glichen, das Besucherverhalten zu verfolgen und die Leistung der Website zu messen. Das Musterelement im Namen enth\u00e4lt die eindeutige Identit\u00e4tsnummer des Kontos oder der Website, auf die es sich bezieht.<\/td><\/tr><tr class=\"cookielawinfo-row\"><td class=\"cookielawinfo-column-1\">_gid<\/td><td class=\"cookielawinfo-column-3\">1 Tag<\/td><td class=\"cookielawinfo-column-4\">Dieses Cookie wird von Google Analytics installiert. Das Cookie wird verwendet, um Informationen dar\u00fcber zu speichern, wie Besucher eine Website nutzen, und hilft bei der Erstellung eines Analyseberichts \u00fcber die Leistung der Website. Erfasst werden unter anderem die Anzahl der Besucher, deren Quelle und die anonym besuchten Seiten.<\/td><\/tr><tr class=\"cookielawinfo-row\"><td class=\"cookielawinfo-column-1\">_ga<\/td><td class=\"cookielawinfo-column-3\">2 Jahre<\/td><td class=\"cookielawinfo-column-4\">Dieses Cookie wird von Google Analytics installiert. Das Cookie wird verwendet, um Besucher-, Sitzungs- und Kampagnendaten zu berechnen und die Site-Nutzung f\u00fcr den Analysebericht der Site zu verfolgen. Cookies speichern Informationen anonym und weisen eine zuf\u00e4llig generierte Nummer zu, um einzelne Besucher zu identifizieren.<\/td><\/tr><tr class=\"cookielawinfo-row-cat-title\"><th colspan=\"3\" class=\"cookielawinfo-row-cat-title-head\">Leistung<\/th><\/tr><tr class=\"cookielawinfo-row\"><td class=\"cookielawinfo-column-1\">_gat<\/td><td class=\"cookielawinfo-column-3\">1 Minute<\/td><td class=\"cookielawinfo-column-4\">Diese Cookies werden von Google Universal Analytics installiert, um die Anforderungsrate zu drosseln und so die Datenerfassung auf Websites mit hohem Datenverkehr einzuschr\u00e4nken.<\/td><\/tr><tr class=\"cookielawinfo-row-cat-title\"><th colspan=\"3\" class=\"cookielawinfo-row-cat-title-head\">Werbung<\/th><\/tr><tr class=\"cookielawinfo-row\"><td class=\"cookielawinfo-column-1\">yt-remote-connected-devices<\/td><td class=\"cookielawinfo-column-3\">niemals<\/td><td class=\"cookielawinfo-column-4\">YouTube setzt dieses Cookie, um die Videoeinstellungen des Nutzers zu speichern, der ein eingebettetes YouTube-Video verwendet.<\/td><\/tr><tr class=\"cookielawinfo-row\"><td class=\"cookielawinfo-column-1\">yt.innertube::nextId<\/td><td class=\"cookielawinfo-column-3\">niemals<\/td><td class=\"cookielawinfo-column-4\">Dieses Cookie, das von YouTube gesetzt wird, registriert eine eindeutige ID, um Daten dar\u00fcber zu speichern, welche Videos von YouTube der Nutzer gesehen hat.<\/td><\/tr><tr class=\"cookielawinfo-row\"><td class=\"cookielawinfo-column-1\">yt.innertube::requests<\/td><td class=\"cookielawinfo-column-3\">niemals<\/td><td class=\"cookielawinfo-column-4\">Dieses Cookie, das von YouTube gesetzt wird, registriert eine eindeutige ID, um Daten dar\u00fcber zu speichern, welche Videos von YouTube der Nutzer gesehen hat.<\/td><\/tr><tr class=\"cookielawinfo-row\"><td class=\"cookielawinfo-column-1\">yt-remote-device-id<\/td><td class=\"cookielawinfo-column-3\">niemals<\/td><td class=\"cookielawinfo-column-4\">YouTube setzt dieses Cookie, um die Videoeinstellungen des Nutzers zu speichern, der ein eingebettetes YouTube-Video verwendet.<\/td><\/tr><tr class=\"cookielawinfo-row\"><td class=\"cookielawinfo-column-1\">VISITOR_INFO1_LIVE<\/td><td class=\"cookielawinfo-column-3\">5 Monate 27 Tage<\/td><td class=\"cookielawinfo-column-4\">Ein Cookie, das von YouTube gesetzt wird, um die Bandbreite zu messen, die bestimmt, ob der Nutzer die neue oder die alte Playeroberfl\u00e4che erh\u00e4lt.<\/td><\/tr><tr class=\"cookielawinfo-row\"><td class=\"cookielawinfo-column-1\">YSC<\/td><td class=\"cookielawinfo-column-3\">Sitzung<\/td><td class=\"cookielawinfo-column-4\">Das YSC-Cookie wird von Youtube gesetzt und dient dazu, die Aufrufe von eingebetteten Videos auf Youtube-Seiten zu verfolgen.<\/td><\/tr><tr class=\"cookielawinfo-row\"><td class=\"cookielawinfo-column-1\">fr<\/td><td class=\"cookielawinfo-column-3\">3 Monate<\/td><td class=\"cookielawinfo-column-4\">Facebook setzt dieses Cookie, um den Nutzern relevante Werbung zu zeigen, indem es das Nutzerverhalten im gesamten Web auf Websites verfolgt, die das Facebook-Pixel oder das Facebook Social Plugin verwenden.<\/td><\/tr><tr class=\"cookielawinfo-row\"><td class=\"cookielawinfo-column-1\">_fbp<\/td><td class=\"cookielawinfo-column-3\">3 Monate<\/td><td class=\"cookielawinfo-column-4\">Dieses Cookie wird von Facebook gesetzt, um nach dem Besuch der Website entweder auf Facebook oder auf einer digitalen Plattform, die von Facebook-Werbung unterst\u00fctzt wird, Werbung anzuzeigen.<\/td><\/tr><tr class=\"cookielawinfo-row\"><td class=\"cookielawinfo-column-1\">NID<\/td><td class=\"cookielawinfo-column-3\">6 Monate<\/td><td class=\"cookielawinfo-column-4\">Dieses Cookie wird verwendet, um ein Profil basierend auf den Interessen des Benutzers zu erstellen und den Benutzern personalisierte Werbung anzuzeigen.<\/td><\/tr><tr class=\"cookielawinfo-row-cat-title\"><th colspan=\"3\" class=\"cookielawinfo-row-cat-title-head\">Andere<\/th><\/tr><tr class=\"cookielawinfo-row\"><td class=\"cookielawinfo-column-1\">wp-wpml_current_language<\/td><td class=\"cookielawinfo-column-3\">Sitzung<\/td><td class=\"cookielawinfo-column-4\">Keine Beschreibung verf\u00fcgbar.<\/td><\/tr><\/tbody><\/table>\n<p>&nbsp;<\/p>\n<p>Wie deaktiviert man Cookies?<br \/>\nUm dem Nutzer ein optimales Surferlebnis auf der Website zu erm\u00f6glichen, werden Cookies automatisch aktiviert, wenn er die Website betritt.<br \/>\nWenn Sie sie jedoch deaktivieren (oder wieder aktivieren) m\u00f6chten, m\u00fcssen Sie dies eigenst\u00e4ndig \u00fcber Ihren Browser tun.<br \/>\nWenn Ihr Browser jedoch bereits so eingestellt ist, dass er standardm\u00e4\u00dfig keine Cookies akzeptiert, kann es sein, dass unsere Website nicht einwandfrei funktioniert.<br \/>\nNachstehend finden Sie Informationen dar\u00fcber, wie Sie Cookies in den wichtigsten Webbrowsern aktivieren und deaktivieren k\u00f6nnen:<\/p>\n<ul>\n<li>Wenn Sie mit Microsoft Internet Explorer arbeiten, w\u00e4hlen Extras &gt; Internetoptionen &gt; Datenschutz &gt; Einstellungen.<\/li>\n<li>Wenn Sie mit Firefox arbeiten, gehen Sie auf Extras &gt; Optionen &gt; Datenschutz &gt; Cookies.<\/li>\n<li>Bei Google Chrome w\u00e4hlen Sie Einstellungen &gt; Datenschutz.<\/li>\n<li>Bei Safari gehen Sie auf Einstellungen &gt; Sicherheit.<\/li>\n<\/ul>\n<p>Wenn Ihr Browser nicht in der obigen Liste aufgef\u00fchrt ist, finden Sie im Abschnitt \u201eHilfe\u201c Ihres Browsers Anweisungen zum \u00c4ndern der Einstellungen.<br \/>\nBeachten Sie, dass das Ablehnen von Cookies oder die Einschr\u00e4nkung der Installation von Cookies dazu f\u00fchren kann, dass einige Funktionen der Website nicht funktionieren oder dass der Zugang komplizierter bzw. langsamer verl\u00e4uft.<br \/>\nEine Alternative zum Ablehnen von Cookies ist die Aktivierung des privaten Modus Ihres Browsers.<br \/>\nDieser Modus erm\u00f6glicht das Surfen auf Seiten, die jedoch nicht im Browserverlauf, im Cookie-Speicher oder im Suchverlauf gespeichert werden, sobald der Nutzer alle Inkognito-Registerkarten geschlossen hat.<br \/>\nHier sind einige Links, die erkl\u00e4ren, wie man den Inkognito-Modus in den wichtigsten Browsern aktiviert:<\/p>\n<ul>\n<li><a href=\"http:\/\/windows.microsoft.com\/es-es\/internet-explorer\/products\/ie-9\/features\/in-private\">Internet Explorer: InPrivate<\/a><\/li>\n<li><a href=\"https:\/\/support.mozilla.org\/es\/kb\/navegacion-privada-Firefox-no-guardar-historial-navegacion\">FireFox: Privatmodus<\/a><\/li>\n<li><a href=\"https:\/\/support.google.com\/chrome\/answer\/95464?co=GENIE.Platform%253DDesktop&amp;hl=es\">Google Chrome: Inkognito<\/a><\/li>\n<li><a href=\"https:\/\/support.apple.com\/es-es\/guide\/safari\/ibrw1069\/mac\">Safari: Privatmodus<\/a><\/li>\n<li><a href=\"http:\/\/help.opera.com\/Windows\/12.00\/es-ES\/private.html\">Opera: Privatmodus<\/a><\/li>\n<\/ul>\n<p>F\u00fcr weitere Informationen empfiehlt EXIT FABRICS, den Hilfebereich des Browsers zu lesen.<br \/>\nHerzlichen Dank und viel Spa\u00df beim Surfen auf unserer Website!<\/p>\n<div class=\"cookies-page\"><a id=\"wt-cli-settings-btn\" tabindex=\"0\" role='button' style=\"border:1px solid rgb(255, 252, 252); text-decoration:none; padding:8px 25px; border-radius:0px;\" class=\"wt-cli-element medium cli-plugin-button cli-plugin-main-button cli_settings_button\" >Cookies konfigurieren<\/a><\/div>\n<p>Letzte \u00c4nderung:<br \/>\n30. Oktober 2020[\/vc_column_text][\/vc_column][\/vc_row]<\/p>\n<\/div>","protected":false},"excerpt":{"rendered":"<p>[vc_row][vc_column][vc_column_text css=&#8221;&#8221;]Damit unsere Website optimal funktionieren kann, verwenden wir Cookies. Cookies sind automatische Verfahren zur Datenerfassung beim Surfen im Internet, um den Nutzer als wiederkehrenden Besucher zu erkennen und seine Erfahrungen zu personalisieren. Unter anderem werden Daten wie die Browsersprache des Nutzers, sein Land, sein Login, seine Browsereigenschaften oder auch Informationen \u00fcber das Datum und [&#8230;]<\/p>\n<p><a class=\"btn btn-secondary understrap-read-more-link\" href=\"https:\/\/exitfabrics.com\/de\/cookie-richtlinie\/\">Weiterlesen&#8230;<span class=\"screen-reader-text\"> from Cookie-Richtlinie<\/span><\/a><\/p>\n","protected":false},"author":1,"featured_media":0,"parent":0,"menu_order":0,"comment_status":"closed","ping_status":"closed","template":"","meta":{"_acf_changed":false,"footnotes":""},"class_list":["post-51408","page","type-page","status-publish","hentry"],"acf":[],"yoast_head":"<!-- This site is optimized with the Yoast SEO plugin v27.3 - https:\/\/yoast.com\/product\/yoast-seo-wordpress\/ -->\n<title>Cookie-Richtlinie - Exit Fabrics<\/title>\n<meta name=\"robots\" content=\"index, follow, max-snippet:-1, max-image-preview:large, max-video-preview:-1\" \/>\n<link rel=\"canonical\" href=\"https:\/\/exitfabrics.com\/es\/cookies\/\" \/>\n<meta property=\"og:locale\" content=\"de_DE\" \/>\n<meta property=\"og:type\" content=\"article\" \/>\n<meta property=\"og:title\" content=\"Cookie-Richtlinie - Exit Fabrics\" \/>\n<meta property=\"og:description\" content=\"[vc_row][vc_column][vc_column_text css=&#8221;&#8221;]Damit unsere Website optimal funktionieren kann, verwenden wir Cookies. Cookies sind automatische Verfahren zur Datenerfassung beim Surfen im Internet, um den Nutzer als wiederkehrenden Besucher zu erkennen und seine Erfahrungen zu personalisieren. Unter anderem werden Daten wie die Browsersprache des Nutzers, sein Land, sein Login, seine Browsereigenschaften oder auch Informationen \u00fcber das Datum und [...]Weiterlesen... from Cookie-Richtlinie\" \/>\n<meta property=\"og:url\" content=\"https:\/\/exitfabrics.com\/es\/cookies\/\" \/>\n<meta property=\"og:site_name\" content=\"Exit Fabrics\" \/>\n<meta property=\"article:modified_time\" content=\"2024-07-02T08:50:59+00:00\" \/>\n<meta name=\"twitter:card\" content=\"summary_large_image\" \/>\n<meta name=\"twitter:label1\" content=\"Est. reading time\" \/>\n\t<meta name=\"twitter:data1\" content=\"2 minutes\" \/>\n<script type=\"application\/ld+json\" class=\"yoast-schema-graph\">{\"@context\":\"https:\\\/\\\/schema.org\",\"@graph\":[{\"@type\":\"WebPage\",\"@id\":\"https:\\\/\\\/exitfabrics.com\\\/es\\\/cookies\\\/\",\"url\":\"https:\\\/\\\/exitfabrics.com\\\/es\\\/cookies\\\/\",\"name\":\"Cookie-Richtlinie - Exit Fabrics\",\"isPartOf\":{\"@id\":\"https:\\\/\\\/exitfabrics.com\\\/es\\\/#website\"},\"datePublished\":\"2019-07-30T15:36:16+00:00\",\"dateModified\":\"2024-07-02T08:50:59+00:00\",\"breadcrumb\":{\"@id\":\"https:\\\/\\\/exitfabrics.com\\\/es\\\/cookies\\\/#breadcrumb\"},\"inLanguage\":\"de-DE\",\"potentialAction\":[{\"@type\":\"ReadAction\",\"target\":[\"https:\\\/\\\/exitfabrics.com\\\/es\\\/cookies\\\/\"]}]},{\"@type\":\"BreadcrumbList\",\"@id\":\"https:\\\/\\\/exitfabrics.com\\\/es\\\/cookies\\\/#breadcrumb\",\"itemListElement\":[{\"@type\":\"ListItem\",\"position\":1,\"name\":\"Home\",\"item\":\"https:\\\/\\\/exitfabrics.com\\\/de\\\/\"},{\"@type\":\"ListItem\",\"position\":2,\"name\":\"Cookie-Richtlinie\"}]},{\"@type\":\"WebSite\",\"@id\":\"https:\\\/\\\/exitfabrics.com\\\/es\\\/#website\",\"url\":\"https:\\\/\\\/exitfabrics.com\\\/es\\\/\",\"name\":\"Exit Fabrics\",\"description\":\"Upholstery for all needs\",\"publisher\":{\"@id\":\"https:\\\/\\\/exitfabrics.com\\\/es\\\/#organization\"},\"potentialAction\":[{\"@type\":\"SearchAction\",\"target\":{\"@type\":\"EntryPoint\",\"urlTemplate\":\"https:\\\/\\\/exitfabrics.com\\\/es\\\/?s={search_term_string}\"},\"query-input\":{\"@type\":\"PropertyValueSpecification\",\"valueRequired\":true,\"valueName\":\"search_term_string\"}}],\"inLanguage\":\"de-DE\"},{\"@type\":\"Organization\",\"@id\":\"https:\\\/\\\/exitfabrics.com\\\/es\\\/#organization\",\"name\":\"Exit Fabrics\",\"url\":\"https:\\\/\\\/exitfabrics.com\\\/es\\\/\",\"logo\":{\"@type\":\"ImageObject\",\"inLanguage\":\"de-DE\",\"@id\":\"https:\\\/\\\/exitfabrics.com\\\/es\\\/#\\\/schema\\\/logo\\\/image\\\/\",\"url\":\"https:\\\/\\\/exitfabrics.com\\\/wp-content\\\/uploads\\\/2019\\\/07\\\/logo-black.png\",\"contentUrl\":\"https:\\\/\\\/exitfabrics.com\\\/wp-content\\\/uploads\\\/2019\\\/07\\\/logo-black.png\",\"width\":230,\"height\":64,\"caption\":\"Exit Fabrics\"},\"image\":{\"@id\":\"https:\\\/\\\/exitfabrics.com\\\/es\\\/#\\\/schema\\\/logo\\\/image\\\/\"},\"sameAs\":[\"https:\\\/\\\/www.instagram.com\\\/exitfabrics\\\/\",\"https:\\\/\\\/www.linkedin.com\\\/company\\\/exit-fabrics\\\/\"]}]}<\/script>\n<!-- \/ Yoast SEO plugin. -->","yoast_head_json":{"title":"Cookie-Richtlinie - Exit Fabrics","robots":{"index":"index","follow":"follow","max-snippet":"max-snippet:-1","max-image-preview":"max-image-preview:large","max-video-preview":"max-video-preview:-1"},"canonical":"https:\/\/exitfabrics.com\/es\/cookies\/","og_locale":"de_DE","og_type":"article","og_title":"Cookie-Richtlinie - Exit Fabrics","og_description":"[vc_row][vc_column][vc_column_text css=&#8221;&#8221;]Damit unsere Website optimal funktionieren kann, verwenden wir Cookies. Cookies sind automatische Verfahren zur Datenerfassung beim Surfen im Internet, um den Nutzer als wiederkehrenden Besucher zu erkennen und seine Erfahrungen zu personalisieren. Unter anderem werden Daten wie die Browsersprache des Nutzers, sein Land, sein Login, seine Browsereigenschaften oder auch Informationen \u00fcber das Datum und [...]Weiterlesen... from Cookie-Richtlinie","og_url":"https:\/\/exitfabrics.com\/es\/cookies\/","og_site_name":"Exit Fabrics","article_modified_time":"2024-07-02T08:50:59+00:00","twitter_card":"summary_large_image","twitter_misc":{"Est. reading time":"2 minutes"},"schema":{"@context":"https:\/\/schema.org","@graph":[{"@type":"WebPage","@id":"https:\/\/exitfabrics.com\/es\/cookies\/","url":"https:\/\/exitfabrics.com\/es\/cookies\/","name":"Cookie-Richtlinie - Exit Fabrics","isPartOf":{"@id":"https:\/\/exitfabrics.com\/es\/#website"},"datePublished":"2019-07-30T15:36:16+00:00","dateModified":"2024-07-02T08:50:59+00:00","breadcrumb":{"@id":"https:\/\/exitfabrics.com\/es\/cookies\/#breadcrumb"},"inLanguage":"de-DE","potentialAction":[{"@type":"ReadAction","target":["https:\/\/exitfabrics.com\/es\/cookies\/"]}]},{"@type":"BreadcrumbList","@id":"https:\/\/exitfabrics.com\/es\/cookies\/#breadcrumb","itemListElement":[{"@type":"ListItem","position":1,"name":"Home","item":"https:\/\/exitfabrics.com\/de\/"},{"@type":"ListItem","position":2,"name":"Cookie-Richtlinie"}]},{"@type":"WebSite","@id":"https:\/\/exitfabrics.com\/es\/#website","url":"https:\/\/exitfabrics.com\/es\/","name":"Exit Fabrics","description":"Upholstery for all needs","publisher":{"@id":"https:\/\/exitfabrics.com\/es\/#organization"},"potentialAction":[{"@type":"SearchAction","target":{"@type":"EntryPoint","urlTemplate":"https:\/\/exitfabrics.com\/es\/?s={search_term_string}"},"query-input":{"@type":"PropertyValueSpecification","valueRequired":true,"valueName":"search_term_string"}}],"inLanguage":"de-DE"},{"@type":"Organization","@id":"https:\/\/exitfabrics.com\/es\/#organization","name":"Exit Fabrics","url":"https:\/\/exitfabrics.com\/es\/","logo":{"@type":"ImageObject","inLanguage":"de-DE","@id":"https:\/\/exitfabrics.com\/es\/#\/schema\/logo\/image\/","url":"https:\/\/exitfabrics.com\/wp-content\/uploads\/2019\/07\/logo-black.png","contentUrl":"https:\/\/exitfabrics.com\/wp-content\/uploads\/2019\/07\/logo-black.png","width":230,"height":64,"caption":"Exit Fabrics"},"image":{"@id":"https:\/\/exitfabrics.com\/es\/#\/schema\/logo\/image\/"},"sameAs":["https:\/\/www.instagram.com\/exitfabrics\/","https:\/\/www.linkedin.com\/company\/exit-fabrics\/"]}]}},"_links":{"self":[{"href":"https:\/\/exitfabrics.com\/de\/wp-json\/wp\/v2\/pages\/51408","targetHints":{"allow":["GET"]}}],"collection":[{"href":"https:\/\/exitfabrics.com\/de\/wp-json\/wp\/v2\/pages"}],"about":[{"href":"https:\/\/exitfabrics.com\/de\/wp-json\/wp\/v2\/types\/page"}],"author":[{"embeddable":true,"href":"https:\/\/exitfabrics.com\/de\/wp-json\/wp\/v2\/users\/1"}],"replies":[{"embeddable":true,"href":"https:\/\/exitfabrics.com\/de\/wp-json\/wp\/v2\/comments?post=51408"}],"version-history":[{"count":0,"href":"https:\/\/exitfabrics.com\/de\/wp-json\/wp\/v2\/pages\/51408\/revisions"}],"wp:attachment":[{"href":"https:\/\/exitfabrics.com\/de\/wp-json\/wp\/v2\/media?parent=51408"}],"curies":[{"name":"wp","href":"https:\/\/api.w.org\/{rel}","templated":true}]}}