{"id":51398,"date":"2019-12-18T15:30:26","date_gmt":"2019-12-18T14:30:26","guid":{"rendered":"https:\/\/exitfabrics.com\/aviso-legal\/"},"modified":"2026-02-09T12:08:03","modified_gmt":"2026-02-09T11:08:03","slug":"rechtshinweis","status":"publish","type":"page","link":"https:\/\/exitfabrics.com\/de\/rechtshinweis\/","title":{"rendered":"Rechtshinweis"},"content":{"rendered":"<div class=\"wpb-content-wrapper\"><p>[vc_section][vc_row][vc_column][vc_column_text css=&#8221;&#8221;]&#8221;Gem\u00e4\u00df Artikel 10 des Gesetzes 34\/2002, vom 11. Juli, \u00fcber die Dienste der Informationsgesellschaft und den elektronischen Gesch\u00e4ftsverkehr, wird der Nutzer dar\u00fcber informiert, dass die Domaine www.exitfabrics.com Eigentum ist von:<br \/>\nEXIT FABRICS, SL. (im Folgenden, EXIT FABRICS)<br \/>\nCIF: B64441058<br \/>\nPlaza de la Tecnolog\u00eda, 2 Naves 1 y 2<br \/>\nPol. Ind. Santa Margarida II<br \/>\n08223 Terrassa | Barcelona, Spanien<\/p>\n<p>Eingetragen im Handelsregister von Barcelona: Band 39414, Folio 96, Blatt B 344622, 1. Eintrag.&#8221;<\/p>\n<p><u>NUTZUNGSBEDINGUNGEN<\/u><br \/>\n<span style=\"font-weight: 400;\">Aufgrund der Besonderheiten unseres Unternehmens und der technischen Natur unserer Produkte wird unsere Website st\u00e4ndig aktualisiert. Infolgedessen kann es gelegentlich zu Fehlern bei den angezeigten Ergebnissen kommen. Bei Fragen wenden Sie sich bitte an uns.<\/span><\/p>\n<p>Die Nutzung dieser Website, einschlie\u00dflich der den Nutzern zur Verf\u00fcgung gestellten Inhalte und Dienstleistungen, unterliegt den vorliegenden Bedingungen. EXIT FABRICS bittet Sie daher, diese Bedingungen sorgf\u00e4ltig zu lesen, da sie alle Informationen \u00fcber Ihre Rechte und Pflichten enthalten.<br \/>\nSie m\u00fcssen wissen, dass Sie durch den blo\u00dfen Zugriff auf die Website als \u201eNutzer\u201c derselben betrachtet werden und dadurch ausdr\u00fccklich, automatisch und freiwillig die jeweils geltenden Bedingungen akzeptieren. Sollten Sie diese nicht akzeptieren, sollten Sie die Website nicht weiter nutzen. Der Zugriff auf www.exitfabrics.com ist kostenlos und erfordert keine vorherige Anmeldung oder Registrierung.<br \/>\nEXIT FABRICS beh\u00e4lt sich das ausschlie\u00dfliche und allzeitige Recht vor, diese Bedingungen zu \u00fcberarbeiten, um \u00c4nderungen einzuf\u00fchren, die sich aus Gesetzes\u00e4nderungen oder aus Unternehmensentscheidungen ergeben; das Unternehmen verpflichtet sich, alle \u00c4nderungen, die sich auf die Nutzer auswirken k\u00f6nnen, zu ver\u00f6ffentlichen und sie dar\u00fcber zu informieren. Diese \u00c4nderungen gelten als akzeptiert, wenn der Nutzer die Website weiter nutzt.<br \/>\nEbenso beh\u00e4lt sich EXIT FABRICS das Recht vor, jederzeit und ohne Vorank\u00fcndigung die Struktur und das Design der Website sowie die Dienstleistungen oder Inhalte zu modifizieren. Gem\u00e4\u00df diesen Bedingungen kann der Zugang zur Website w\u00e4hrend der Durchf\u00fchrung von \u00c4nderungen, Reparaturen, Aktualisierungen oder Verbesserungen ausgesetzt werden.<br \/>\nInfolge der im vorigen Absatz beschriebenen \u00c4nderungen an der Website k\u00f6nnen neue Inhalte oder Dienstleistungen hinzukommen, die nicht nur den vorliegenden Nutzungsbedingungen unterliegen, sondern auch spezifischen oder besonderen Bedingungen, die die vorliegenden erweitern oder ersetzen. Bei Abweichungen zwischen den allgemeinen und den besonderen Bedingungen sind die letzteren ma\u00dfgebend.<br \/>\n<u>Rechte und Pflichten der Nutzer<\/u><br \/>\nDer Nutzer verpflichtet sich, bei der Nutzung dieser Website nicht gegen geltendes Recht, Treu und Glauben, allgemein anerkannte Gepflogenheiten und die \u00f6ffentliche Ordnung zu versto\u00dfen. Die Nutzung zu unerlaubten, irref\u00fchrenden, b\u00f6swilligen oder sch\u00e4dlichen Zwecken f\u00fcr EXIT FABRICS oder Dritte ist verboten. Die Nutzung muss daher angemessen und korrekt sein, und der Nutzer muss jedes Verhalten unterlassen, das dem Image, den Interessen und\/oder den Rechten von EXIT FABRICS und\/oder Dritten schadet oder die Website besch\u00e4digt, deaktiviert oder \u00fcberlastet. Der Zugriff, die Verwendung und\/oder die Manipulation von EXIT FABRICS-Daten ist ebenfalls zu unterlassen.<br \/>\nDer Nutzer verpflichtet sich, im Rahmen der Kommunikation mit EXIT FABRICS wahrheitsgem\u00e4\u00dfe Angaben zu machen, und ist allein verantwortlich f\u00fcr alle Sch\u00e4den, die diese Angaben &#8211; weil falsch oder ungenau &#8211; f\u00fcr EXIT FABRICS oder f\u00fcr Dritte verursachen k\u00f6nnen.<br \/>\nEXIT FABRICS ergreift angemessene Sicherheitsma\u00dfnahmen, um die Existenz von Viren zu erkennen. Es ist jedoch zu ber\u00fccksichtigen, dass die Sicherheitsma\u00dfnahmen von Computersystemen nicht v\u00f6llig zuverl\u00e4ssig sind und EXIT FABRICS nicht das Fehlen von Viren oder anderen Elementen garantieren kann, die die Computersysteme, Dokumente und\/oder Dateien des Nutzers (einschlie\u00dflich von der Website herunterladbare Dateien) beeintr\u00e4chtigen k\u00f6nnten. Die Nutzer werden aufgefordert, keine Computerviren oder physische oder logische Systeme zu installieren oder zu verbreiten, die EXIT FABRICS oder Dritten Schaden zuf\u00fcgen k\u00f6nnten.<br \/>\nEXIT FABRICS beh\u00e4lt sich das Recht vor, alle notwendigen rechtlichen Schritte zu ergreifen, um seine Interessen zu verteidigen oder den Zugang zur Website vor\u00fcbergehend und ohne Vorank\u00fcndigung f\u00fcr Wartungs-, Reparatur-, Aktualisierungs- oder Verbesserungsarbeiten auszusetzen.<br \/>\n<u>Geistiges und gewerbliches Eigentum. Zulassung von Backlinks \/ Hyperlinks.<\/u><br \/>\nErlaubnis zur Vervielf\u00e4ltigung von Fotos<br \/>\nDie auf der Website gezeigten Inhalte, Fotos, Videos, Designs, Texte, Grafiken, Logos, Icons, Buttons, Software, Handelsnamen, Marken oder andere Zeichen, die kommerziell oder industriell genutzt werden k\u00f6nnen, sind Eigentum von EXIT FABRICS oder von Dritten, die ihre Aufnahme in die Website oder in ein soziales Netzwerk, in dem EXIT FABRICS pr\u00e4sent ist, ordnungsgem\u00e4\u00df genehmigt haben. Davon ausgenommen sind F\u00e4lle, in denen ausdr\u00fccklich anderslautende Angaben gemacht werden. Die oben genannten Inhalte sind u.a. durch nationale und internationale Vorschriften zum geistigen und gewerblichen Eigentum gesch\u00fctzt.<br \/>\nDie Vervielf\u00e4ltigung dieser Website sowie ihres Inhalts ist ohne ausdr\u00fcckliche schriftliche Genehmigung von EXIT FABRICS verboten. Ungeachtet dessen hat der Nutzer das Recht, f\u00fcr private und nicht-kommerzielle Zwecke unter den folgenden Bedingungen Links zur Website zu erstellen, wobei sich EXIT FABRICS das Recht vorbeh\u00e4lt, jederzeit die sofortige Entfernung eines Links zur Website zu verlangen:<\/p>\n<ul>\n<li>Es handelt sich um ein widerrufliches und nicht ausschlie\u00dfliches Recht.<\/li>\n<li>Es darf nicht der Eindruck erweckt werden, dass EXIT FABRICS die besagte Website, ihre Dienstleistungen oder Produkte empfiehlt oder eine falsche Beziehung zu EXIT FABRICS dargestellt wird.<\/li>\n<li>Die entsprechende Website darf keine Inhalte enthalten, die als geschmacklos, obsz\u00f6n, beleidigend, kontrovers, gewaltverherrlichend, diskriminierend aufgrund des Geschlechts, der Rasse oder der Religion, als Versto\u00df gegen die \u00f6ffentliche Ordnung oder als illegal gelten.<\/li>\n<li>Der Link muss auf die Website verweisen, ohne die Wiedergabe als Teil der Website oder innerhalb eines Frames zu erm\u00f6glichen oder einen Browser auf einer der Seiten der Website zu erstellen.<\/li>\n<\/ul>\n<p>&#8220;EXIT FABRICS kann die Informationen, den Inhalt, die Produkte oder die Dienstleistungen, die von anderen Websites angeboten werden, die Links zu dieser Website eingerichtet haben, nicht kontrollieren. Aus diesem Grund kann sie f\u00fcr keinen Aspekt dieser Websites verantwortlich gemacht werden.<br \/>\nEXIT FABRICS ist eine eingetragene Marke, und ihre Vervielf\u00e4ltigung, Nachahmung, Verwendung oder Einf\u00fcgung ist ohne die Genehmigung des Unternehmens untersagt.&#8221;<\/p>\n<p><u>Verantwortung des Unternehmens<\/u><br \/>\nEXIT FABRICS haftet weder f\u00fcr die M\u00e4ngel des Dienstes seines Dienstanbieters oder der Kommunikationsnetze, noch f\u00fcr Probleme, die sich aus der Fehlfunktion oder der Verwendung von nicht optimierten Versionen jeglicher Art von Browsern ergeben, noch f\u00fcr Probleme, die sich aus l\u00e4ngeren Unterbrechungen der Stromversorgung, der Telekommunikationsleitungen, aus sozialen Konflikten, Streiks, Explosionen, \u00dcberschwemmungen, Handlungen und Unterlassungen der Regierung und im Allgemeinen aus allen F\u00e4llen h\u00f6herer Gewalt ergeben.<br \/>\nSowohl der Zugriff auf die Website als auch die Nutzung der darin enthaltenen Informationen liegen in der alleinigen Verantwortung des Nutzers. EXIT FABRICS haftet daher nicht f\u00fcr die Folgen, die sich aus einer solchen Nutzung oder einem solchen Zugang zu den Informationen ergeben k\u00f6nnen, und wird nur dann so schnell wie m\u00f6glich eventuell Schaden verursachende Inhalte entfernen, wenn das Unternehmen Kenntnis davon hat bzw. dar\u00fcber informiert wird.<br \/>\nEXIT FABRICS haftet nicht f\u00fcr m\u00f6glicherweise auftretende Sicherheitsfehler oder f\u00fcr Sch\u00e4den am Computersystem des Nutzers, an den darin gespeicherten Dateien oder Dokumenten, die durch einen Virus auf dem Computer des Nutzers, durch eine Fehlfunktion des Browsers oder durch die Verwendung nicht aktualisierter Versionen desselben, durch Telefonst\u00f6rungen, Beeintr\u00e4chtigungen, Auslassungen oder Unterbrechungen des Betriebs des elektronischen Systems verursacht werden, die au\u00dferhalb der Kontrolle unseres Unternehmens liegen.<br \/>\n<u>Konfliktl\u00f6sung. Anwendbares Recht und Gerichtsbarkeit.<\/u><br \/>\nDiese Allgemeinen Nutzungsbedingungen unterliegen dem spanischen Recht und insbesondere der Gesetzgebung zum Schutz personenbezogener Daten (Organgesetz zum Schutz personenbezogener Daten und seine Durchf\u00fchrungsverordnungen sowie die Allgemeine Datenschutzverordnung 2016\/679 der Europ\u00e4ischen Union) und der Gesetzgebung zu den Diensten der Informationsgesellschaft (Gesetz 34\/2002 vom 11. Juli \u00fcber die Dienste der Informationsgesellschaft und den elektronischen Gesch\u00e4ftsverkehr). Alle Streitigkeiten werden vor den Gerichten von Barcelona ausgetragen.[\/vc_column_text][\/vc_column][\/vc_row][\/vc_section]<\/p>\n<\/div>","protected":false},"excerpt":{"rendered":"<p>[vc_section][vc_row][vc_column][vc_column_text css=&#8221;&#8221;]&#8221;Gem\u00e4\u00df Artikel 10 des Gesetzes 34\/2002, vom 11. Juli, \u00fcber die Dienste der Informationsgesellschaft und den elektronischen Gesch\u00e4ftsverkehr, wird der Nutzer dar\u00fcber informiert, dass die Domaine www.exitfabrics.com Eigentum ist von: EXIT FABRICS, SL. (im Folgenden, EXIT FABRICS) CIF: B64441058 Plaza de la Tecnolog\u00eda, 2 Naves 1 y 2 Pol. Ind. Santa Margarida II 08223 [&#8230;]<\/p>\n<p><a class=\"btn btn-secondary understrap-read-more-link\" href=\"https:\/\/exitfabrics.com\/de\/rechtshinweis\/\">Weiterlesen&#8230;<span class=\"screen-reader-text\"> from Rechtshinweis<\/span><\/a><\/p>\n","protected":false},"author":1,"featured_media":0,"parent":0,"menu_order":0,"comment_status":"closed","ping_status":"closed","template":"","meta":{"_acf_changed":false,"footnotes":""},"class_list":["post-51398","page","type-page","status-publish","hentry"],"acf":[],"yoast_head":"<!-- This site is optimized with the Yoast SEO plugin v27.3 - https:\/\/yoast.com\/product\/yoast-seo-wordpress\/ -->\n<title>Rechtshinweis - Exit Fabrics<\/title>\n<meta name=\"robots\" content=\"index, follow, max-snippet:-1, max-image-preview:large, max-video-preview:-1\" \/>\n<link rel=\"canonical\" href=\"https:\/\/exitfabrics.com\/de\/rechtshinweis\/\" \/>\n<meta property=\"og:locale\" content=\"de_DE\" \/>\n<meta property=\"og:type\" content=\"article\" \/>\n<meta property=\"og:title\" content=\"Rechtshinweis - Exit Fabrics\" \/>\n<meta property=\"og:description\" content=\"[vc_section][vc_row][vc_column][vc_column_text css=&#8221;&#8221;]&#8221;Gem\u00e4\u00df Artikel 10 des Gesetzes 34\/2002, vom 11. Juli, \u00fcber die Dienste der Informationsgesellschaft und den elektronischen Gesch\u00e4ftsverkehr, wird der Nutzer dar\u00fcber informiert, dass die Domaine www.exitfabrics.com Eigentum ist von: EXIT FABRICS, SL. (im Folgenden, EXIT FABRICS) CIF: B64441058 Plaza de la Tecnolog\u00eda, 2 Naves 1 y 2 Pol. Ind. Santa Margarida II 08223 [...]Weiterlesen... from Rechtshinweis\" \/>\n<meta property=\"og:url\" content=\"https:\/\/exitfabrics.com\/de\/rechtshinweis\/\" \/>\n<meta property=\"og:site_name\" content=\"Exit Fabrics\" \/>\n<meta property=\"article:modified_time\" content=\"2026-02-09T11:08:03+00:00\" \/>\n<meta name=\"twitter:card\" content=\"summary_large_image\" \/>\n<meta name=\"twitter:label1\" content=\"Est. reading time\" \/>\n\t<meta name=\"twitter:data1\" content=\"6 minutes\" \/>\n<script type=\"application\/ld+json\" class=\"yoast-schema-graph\">{\"@context\":\"https:\\\/\\\/schema.org\",\"@graph\":[{\"@type\":\"WebPage\",\"@id\":\"https:\\\/\\\/exitfabrics.com\\\/de\\\/rechtshinweis\\\/\",\"url\":\"https:\\\/\\\/exitfabrics.com\\\/de\\\/rechtshinweis\\\/\",\"name\":\"Rechtshinweis - Exit Fabrics\",\"isPartOf\":{\"@id\":\"https:\\\/\\\/exitfabrics.com\\\/es\\\/#website\"},\"datePublished\":\"2019-12-18T14:30:26+00:00\",\"dateModified\":\"2026-02-09T11:08:03+00:00\",\"breadcrumb\":{\"@id\":\"https:\\\/\\\/exitfabrics.com\\\/de\\\/rechtshinweis\\\/#breadcrumb\"},\"inLanguage\":\"de-DE\",\"potentialAction\":[{\"@type\":\"ReadAction\",\"target\":[\"https:\\\/\\\/exitfabrics.com\\\/de\\\/rechtshinweis\\\/\"]}]},{\"@type\":\"BreadcrumbList\",\"@id\":\"https:\\\/\\\/exitfabrics.com\\\/de\\\/rechtshinweis\\\/#breadcrumb\",\"itemListElement\":[{\"@type\":\"ListItem\",\"position\":1,\"name\":\"Home\",\"item\":\"https:\\\/\\\/exitfabrics.com\\\/de\\\/\"},{\"@type\":\"ListItem\",\"position\":2,\"name\":\"Rechtshinweis\"}]},{\"@type\":\"WebSite\",\"@id\":\"https:\\\/\\\/exitfabrics.com\\\/es\\\/#website\",\"url\":\"https:\\\/\\\/exitfabrics.com\\\/es\\\/\",\"name\":\"Exit Fabrics\",\"description\":\"Upholstery for all needs\",\"publisher\":{\"@id\":\"https:\\\/\\\/exitfabrics.com\\\/es\\\/#organization\"},\"potentialAction\":[{\"@type\":\"SearchAction\",\"target\":{\"@type\":\"EntryPoint\",\"urlTemplate\":\"https:\\\/\\\/exitfabrics.com\\\/es\\\/?s={search_term_string}\"},\"query-input\":{\"@type\":\"PropertyValueSpecification\",\"valueRequired\":true,\"valueName\":\"search_term_string\"}}],\"inLanguage\":\"de-DE\"},{\"@type\":\"Organization\",\"@id\":\"https:\\\/\\\/exitfabrics.com\\\/es\\\/#organization\",\"name\":\"Exit Fabrics\",\"url\":\"https:\\\/\\\/exitfabrics.com\\\/es\\\/\",\"logo\":{\"@type\":\"ImageObject\",\"inLanguage\":\"de-DE\",\"@id\":\"https:\\\/\\\/exitfabrics.com\\\/es\\\/#\\\/schema\\\/logo\\\/image\\\/\",\"url\":\"https:\\\/\\\/exitfabrics.com\\\/wp-content\\\/uploads\\\/2019\\\/07\\\/logo-black.png\",\"contentUrl\":\"https:\\\/\\\/exitfabrics.com\\\/wp-content\\\/uploads\\\/2019\\\/07\\\/logo-black.png\",\"width\":230,\"height\":64,\"caption\":\"Exit Fabrics\"},\"image\":{\"@id\":\"https:\\\/\\\/exitfabrics.com\\\/es\\\/#\\\/schema\\\/logo\\\/image\\\/\"},\"sameAs\":[\"https:\\\/\\\/www.instagram.com\\\/exitfabrics\\\/\",\"https:\\\/\\\/www.linkedin.com\\\/company\\\/exit-fabrics\\\/\"]}]}<\/script>\n<!-- \/ Yoast SEO plugin. -->","yoast_head_json":{"title":"Rechtshinweis - Exit Fabrics","robots":{"index":"index","follow":"follow","max-snippet":"max-snippet:-1","max-image-preview":"max-image-preview:large","max-video-preview":"max-video-preview:-1"},"canonical":"https:\/\/exitfabrics.com\/de\/rechtshinweis\/","og_locale":"de_DE","og_type":"article","og_title":"Rechtshinweis - Exit Fabrics","og_description":"[vc_section][vc_row][vc_column][vc_column_text css=&#8221;&#8221;]&#8221;Gem\u00e4\u00df Artikel 10 des Gesetzes 34\/2002, vom 11. Juli, \u00fcber die Dienste der Informationsgesellschaft und den elektronischen Gesch\u00e4ftsverkehr, wird der Nutzer dar\u00fcber informiert, dass die Domaine www.exitfabrics.com Eigentum ist von: EXIT FABRICS, SL. (im Folgenden, EXIT FABRICS) CIF: B64441058 Plaza de la Tecnolog\u00eda, 2 Naves 1 y 2 Pol. Ind. Santa Margarida II 08223 [...]Weiterlesen... from Rechtshinweis","og_url":"https:\/\/exitfabrics.com\/de\/rechtshinweis\/","og_site_name":"Exit Fabrics","article_modified_time":"2026-02-09T11:08:03+00:00","twitter_card":"summary_large_image","twitter_misc":{"Est. reading time":"6 minutes"},"schema":{"@context":"https:\/\/schema.org","@graph":[{"@type":"WebPage","@id":"https:\/\/exitfabrics.com\/de\/rechtshinweis\/","url":"https:\/\/exitfabrics.com\/de\/rechtshinweis\/","name":"Rechtshinweis - Exit Fabrics","isPartOf":{"@id":"https:\/\/exitfabrics.com\/es\/#website"},"datePublished":"2019-12-18T14:30:26+00:00","dateModified":"2026-02-09T11:08:03+00:00","breadcrumb":{"@id":"https:\/\/exitfabrics.com\/de\/rechtshinweis\/#breadcrumb"},"inLanguage":"de-DE","potentialAction":[{"@type":"ReadAction","target":["https:\/\/exitfabrics.com\/de\/rechtshinweis\/"]}]},{"@type":"BreadcrumbList","@id":"https:\/\/exitfabrics.com\/de\/rechtshinweis\/#breadcrumb","itemListElement":[{"@type":"ListItem","position":1,"name":"Home","item":"https:\/\/exitfabrics.com\/de\/"},{"@type":"ListItem","position":2,"name":"Rechtshinweis"}]},{"@type":"WebSite","@id":"https:\/\/exitfabrics.com\/es\/#website","url":"https:\/\/exitfabrics.com\/es\/","name":"Exit Fabrics","description":"Upholstery for all needs","publisher":{"@id":"https:\/\/exitfabrics.com\/es\/#organization"},"potentialAction":[{"@type":"SearchAction","target":{"@type":"EntryPoint","urlTemplate":"https:\/\/exitfabrics.com\/es\/?s={search_term_string}"},"query-input":{"@type":"PropertyValueSpecification","valueRequired":true,"valueName":"search_term_string"}}],"inLanguage":"de-DE"},{"@type":"Organization","@id":"https:\/\/exitfabrics.com\/es\/#organization","name":"Exit Fabrics","url":"https:\/\/exitfabrics.com\/es\/","logo":{"@type":"ImageObject","inLanguage":"de-DE","@id":"https:\/\/exitfabrics.com\/es\/#\/schema\/logo\/image\/","url":"https:\/\/exitfabrics.com\/wp-content\/uploads\/2019\/07\/logo-black.png","contentUrl":"https:\/\/exitfabrics.com\/wp-content\/uploads\/2019\/07\/logo-black.png","width":230,"height":64,"caption":"Exit Fabrics"},"image":{"@id":"https:\/\/exitfabrics.com\/es\/#\/schema\/logo\/image\/"},"sameAs":["https:\/\/www.instagram.com\/exitfabrics\/","https:\/\/www.linkedin.com\/company\/exit-fabrics\/"]}]}},"_links":{"self":[{"href":"https:\/\/exitfabrics.com\/de\/wp-json\/wp\/v2\/pages\/51398","targetHints":{"allow":["GET"]}}],"collection":[{"href":"https:\/\/exitfabrics.com\/de\/wp-json\/wp\/v2\/pages"}],"about":[{"href":"https:\/\/exitfabrics.com\/de\/wp-json\/wp\/v2\/types\/page"}],"author":[{"embeddable":true,"href":"https:\/\/exitfabrics.com\/de\/wp-json\/wp\/v2\/users\/1"}],"replies":[{"embeddable":true,"href":"https:\/\/exitfabrics.com\/de\/wp-json\/wp\/v2\/comments?post=51398"}],"version-history":[{"count":1,"href":"https:\/\/exitfabrics.com\/de\/wp-json\/wp\/v2\/pages\/51398\/revisions"}],"predecessor-version":[{"id":79605,"href":"https:\/\/exitfabrics.com\/de\/wp-json\/wp\/v2\/pages\/51398\/revisions\/79605"}],"wp:attachment":[{"href":"https:\/\/exitfabrics.com\/de\/wp-json\/wp\/v2\/media?parent=51398"}],"curies":[{"name":"wp","href":"https:\/\/api.w.org\/{rel}","templated":true}]}}