{"id":51204,"date":"2021-11-30T12:57:45","date_gmt":"2021-11-30T11:57:45","guid":{"rendered":"https:\/\/exitfabrics.com\/informacion-de-interes\/"},"modified":"2026-02-09T08:26:56","modified_gmt":"2026-02-09T07:26:56","slug":"nuetzliche-informationen","status":"publish","type":"page","link":"https:\/\/exitfabrics.com\/de\/nuetzliche-informationen\/","title":{"rendered":"N\u00fctzliche Informationen"},"content":{"rendered":"<div class=\"wpb-content-wrapper\"><p>[vc_row el_id=&#8221;info-interes&#8221;][vc_column][vc_tta_tabs active_section=&#8221;1&#8243;][vc_tta_section title=&#8221;Information f\u00fcr unsere Kunden&#8221; tab_id=&#8221;info-kunden&#8221;][vc_column_text css=&#8221;&#8221;]Die von uns angebotenen Produkte werden hinsichtlich ihrer Eignung f\u00fcr Polsterm\u00f6bel auf technischer Ebene gepr\u00fcft, indem die entsprechenden Tests durchgef\u00fchrt werden: Martindale, Lichtechtheit unter trockenen und nassen Bedingungen, Feuerfestigkeit usw. Dabei darf nicht vergessen werden, dass Textilien und Vinylstoffe physische Elemente sind, die mit ihrer Umgebung zusammenwirken. Wir k\u00f6nnen nicht garantieren, dass sie immer angemessen eingesetzt werden, da dies au\u00dferhalb unseres Einflussbereichs liegt.<\/p>\n<p>Wir halten es f\u00fcr wichtig, auf diese Selbstverst\u00e4ndlichkeit hinzuweisen. Es gibt eine Reihe von Faktoren, die die Haltbarkeit und das Aussehen des Produkts beeinflussen k\u00f6nnen: die ordnungsgem\u00e4\u00dfe Verwendung der M\u00f6bel; die richtige Reinigung; die Verschmutzung, der die M\u00f6bel ausgesetzt sind; der massive Zustrom von Menschen; Vandalismus; die Aufstellung von M\u00f6beln in der N\u00e4he von Fenstern, die die Sonneneinstrahlung verst\u00e4rken, was sich auf den Farbverfall auswirken kann; die Verwendung von Kleidungsst\u00fccken, die mit nicht festen Farben gef\u00e4rbt sind, die sich auf die Polsterung \u00fcbertragen k\u00f6nnen; die Verwendung von Kleidungsst\u00fccken mit metallischen Accessoires, die sich in den Stoffen verfangen und sie besch\u00e4digen k\u00f6nnen, usw.<\/p>\n<p>Wie bei den besten M\u00f6belherstellern in Nordeuropa (Schweden, D\u00e4nemark, Deutschland usw.) seit Jahrzehnten \u00fcblich, ist eine gute Polsterung eine Grundvoraussetzung f\u00fcr die Langlebigkeit von M\u00f6beln. Je nachdem, ob der Stoff geklebt oder lose gepolstert wird, h\u00e4lt er mehr oder weniger lange. Wenn unsere Polsterm\u00f6bel mit den von uns angebotenen Finishs verwendet werden, halten sie nicht nur l\u00e4nger, sondern sorgen auch daf\u00fcr, dass der Polsterer bequemer und schneller arbeiten kann; au\u00dferdem wird das Endergebnis des Produkts besser und es h\u00e4lt l\u00e4nger, da die von uns vorgeschlagenen Finishs strukturelle Stabilit\u00e4t bieten.<\/p>\n<p>Aus diesem Grund legt EXIT FABRICS gro\u00dfen Wert darauf, seinen Kunden diese breite Palette an Finishs anzubieten, die die ohnehin schon guten Eigenschaften unserer Textil- und Vinylprodukte noch weiter verbessern, deren technische Eigenschaften bei jedem Produkt, das wir unseren Kunden anbieten, angegeben sind.[\/vc_column_text][\/vc_tta_section][vc_tta_section title=&#8221;Verkaufsbedingungen&#8221; tab_id=&#8221;verkaufsbedingungen&#8221;][vc_column_text css=&#8221;&#8221;]<b>Wichtiger Hinweis<\/b><span style=\"font-weight: 400;\"><br \/>\n<\/span><span style=\"font-weight: 400;\">Bitte \u00fcberpr\u00fcfen Sie die Stoffe bei Erhalt sorgf\u00e4ltig (Artikel, Design, Farbe, Menge, Breite, Dicke und Qualit\u00e4t) und vergewissern Sie sich, dass sie Ihrer Bestellung entsprechen, bevor Sie mit der Weiterverarbeitung beginnen.\u00a0Exit Fabrics akzeptiert keine Reklamationen oder R\u00fccksendungen, wenn der Stoff bereits zugeschnitten, verarbeitet oder besch\u00e4digt wurde oder wenn das Originaletikett und die transportf\u00e4hige Verpackung fehlen.<\/span><\/p>\n<p><span style=\"font-weight: 400;\">Die Garantie beschr\u00e4nkt sich auf den Austausch des Stoffes und gilt nicht f\u00fcr Arbeits-, Abhol- oder Transportkosten oder sonstige Nebenkosten.\u00a0<\/span><\/p>\n<p><span style=\"font-weight: 400;\">Exit Fabrics akzeptiert keine Reklamationen bez\u00fcglich des Transports der Ware bei der Zustellung in Ihren Anlagen, wenn die Art des Vorfalls nicht ordnungsgem\u00e4\u00df auf dem Lieferschein (POD) angegeben ist. Transportunternehmen akzeptieren keine Beschwerden aus pauschalen Gr\u00fcnden und verlangen, dass der Grund f\u00fcr den Vorfall so detailliert wie m\u00f6glich schriftlich in den Bemerkungen auf dem Lieferschein angegeben wird.<\/span><\/p>\n<p><span style=\"font-weight: 400;\">Exit Fabrics beh\u00e4lt sich das Recht vor, den beanstandeten Stoff zu untersuchen. Dazu ist es unerl\u00e4sslich, dass Sie uns ein repr\u00e4sentatives Musterst\u00fcck des vermeintlich beanstandeten Materials zusenden, damit wir eine entsprechende technische Analyse unter objektiven und \u00fcberpr\u00fcfbaren Bedingungen durchf\u00fchren k\u00f6nnen.\u00a0<\/span><\/p>\n<p><span style=\"font-weight: 400;\">Eventuelle R\u00fccksendungen m\u00fcssen zuvor durch eine schriftliche Best\u00e4tigung der Vertriebsabteilung von Exit Fabrics genehmigt werden.<\/span><\/p>\n<p><span style=\"font-weight: 400;\">Aufgrund der Besonderheiten unseres Unternehmens und der technischen Natur unserer Produkte wird unsere Website st\u00e4ndig aktualisiert. Infolgedessen kann es gelegentlich zu Fehlern bei den angezeigten Ergebnissen kommen. Bei Fragen wenden Sie sich bitte an uns.<\/span><\/p>\n<p><span style=\"font-weight: 400;\">Wir behalten uns das Recht vor, technische Spezifikationen ohne vorherige Ank\u00fcndigung zu \u00e4ndern.<\/span>[\/vc_column_text][\/vc_tta_section][vc_tta_section title=&#8221;Verkaufsgarantie&#8221; tab_id=&#8221;verkaufsgarantie&#8221;][vc_column_text css=&#8221;&#8221;]<span style=\"font-weight: 400;\">F\u00fcr die Stoffe von Exit Fabrics gilt ab dem Kaufdatum eine Qualit\u00e4tsgarantie, die sich auf die Gebrauchs- und Haltbarkeitseigenschaften des Stoffes erstreckt. Die Garantie deckt keine unsachgem\u00e4\u00dfe Behandlung, mangelnde Pflege oder eine Verschlechterung durch \u00e4u\u00dfere Einfl\u00fcsse. Exit Fabrics beh\u00e4lt sich das Recht vor, den beanstandeten Stoff zu \u00fcberpr\u00fcfen. Die Garantie ist auf den Ersatz des Stoffes beschr\u00e4nkt und gilt nicht f\u00fcr Arbeits-, Abhol- oder Transportkosten oder andere Nebenkosten jeglicher Art.<\/span><\/p>\n<p><span style=\"font-weight: 400;\">Exit Fabrics akzeptiert keine Reklamationen im Zusammenhang mit dem Transport der Ware bei der Anlieferung in Ihren Anlagen, wenn die Art des Vorfalls nicht ordnungsgem\u00e4\u00df auf dem Lieferschein (POD) angegeben ist.\u00a0 Die Transportunternehmen akzeptieren keine Reklamationen aus unbestimmten Gr\u00fcnden und bitten darum, die Ursache des Vorfalls in den Anmerkungen auf dem Lieferschein so detailliert wie m\u00f6glich darzustellen.<\/span><\/p>\n<p><span style=\"font-weight: 400;\">Exit Fabrics akzeptiert keine Reklamationen oder Schadensersatzanspr\u00fcche bei Lieferverz\u00f6gerungen.<\/span><\/p>\n<p><span style=\"text-decoration: underline;\"> F\u00e4lle, die von der Garantiebescheinigung ausgeschlossen sind:<\/span><\/p>\n<ul>\n<li style=\"font-weight: 400;\" aria-level=\"1\"><span style=\"font-weight: 400;\">Exit Fabrics \u00fcbernimmt keine Verantwortung f\u00fcr die Polsterung Ihrer Produkte.<\/span><\/li>\n<li style=\"font-weight: 400;\" aria-level=\"1\"><span style=\"font-weight: 400;\">Aufgrund der besonderen Eigenschaften unserer Polyolefin-Artikel (PP) empfehlen wir beim N\u00e4hen der Polster doppelte N\u00e4hte und zus\u00e4tzliche Verst\u00e4rkung.<\/span><\/li>\n<li style=\"font-weight: 400;\" aria-level=\"1\"><span style=\"font-weight: 400;\">Abnutzungserscheinungen wegen mangelnder Instandhaltung und Reinigung.<\/span><\/li>\n<li style=\"font-weight: 400;\" aria-level=\"1\"><span style=\"font-weight: 400;\">Anti-Flecken-Behandlungen sind aufgrund verschiedener Faktoren (Anzahl der Waschg\u00e4nge, Temperatur, verwendete Reinigungsmittel usw.) zeitlich begrenzt wirksam. Selbst eine Anti-Flecken-Behandlung, die auch den Stoff reinigt, ist nicht dauerhaft.<\/span><\/li>\n<li style=\"font-weight: 400;\" aria-level=\"1\"><span style=\"font-weight: 400;\">Sch\u00e4den durch Hochdruckreiniger vom Typ K\u00e4rcher, die einen Hochdruckwasserstrahl verwenden.<\/span><\/li>\n<li style=\"font-weight: 400;\" aria-level=\"1\"><span style=\"font-weight: 400;\">Unsachgem\u00e4\u00dfe Reinigung oder Anwendung mithilfe von Substanzen oder Elementen (Fleckenschutzmittel, Sprays, Beschichtungen, L\u00f6sungsmittel oder Fleckenentferner).<\/span><\/li>\n<li style=\"font-weight: 400;\" aria-level=\"1\"><span style=\"font-weight: 400;\">Sch\u00e4den, die durch Haustiere oder scharfe, spitze Gegenst\u00e4nde verursacht werden.<\/span><\/li>\n<li style=\"font-weight: 400;\" aria-level=\"1\"><span style=\"font-weight: 400;\">Durch Klettverschluss verursachte Sch\u00e4den.<\/span><\/li>\n<li style=\"font-weight: 400;\" aria-level=\"1\"><span style=\"font-weight: 400;\">Sch\u00e4den durch das Tragen von Kleidung mit Metallaccessoires, die sich im Stoff verfangen und diesen besch\u00e4digen k\u00f6nnen.<\/span><\/li>\n<li style=\"font-weight: 400;\" aria-level=\"1\"><span style=\"font-weight: 400;\">Verschmutzung durch Partikel von externen Geweben oder Materialien, die nicht farbecht sind (z. B. Kleidung).<\/span><\/li>\n<li style=\"font-weight: 400;\" aria-level=\"1\"><span style=\"font-weight: 400;\">Verf\u00e4rbung durch l\u00e4ngere Einwirkung von Sonnenlicht oder starkem Kunstlicht.<\/span><\/li>\n<li style=\"font-weight: 400;\" aria-level=\"1\"><span style=\"font-weight: 400;\">Durch Hitze verursachte Sch\u00e4den (hei\u00dfe Gl\u00e4ser, hei\u00dfe Fl\u00fcssigkeiten, \u00d6fen, Heizger\u00e4te usw.).<\/span><\/li>\n<li style=\"font-weight: 400;\" aria-level=\"1\"><span style=\"font-weight: 400;\">Extreme Exposition des Produkts gegen\u00fcber Situationen, die nicht durch die Qualit\u00e4tsvorschriften abgedeckt sind.<\/span><\/li>\n<li style=\"font-weight: 400;\" aria-level=\"1\"><span style=\"font-weight: 400;\">Effekte, die sich aus der nat\u00fcrlichen Beschaffenheit des Stoffes ergeben (z. B. das Zerknittern von Fellstoffen).<\/span><\/li>\n<li style=\"font-weight: 400;\" aria-level=\"1\"><span style=\"font-weight: 400;\">Vandalismus.<\/span><\/li>\n<\/ul>\n<p><span style=\"font-weight: 400;\">Auf unserer Website finden Sie die \u201eEmpfehlungen zur Verwendung und Pflege\u201d f\u00fcr jedes Produkt.<\/span>[\/vc_column_text][\/vc_tta_section][\/vc_tta_tabs][\/vc_column][\/vc_row]<\/p>\n<\/div>","protected":false},"excerpt":{"rendered":"<p>[vc_row el_id=&#8221;info-interes&#8221;][vc_column][vc_tta_tabs active_section=&#8221;1&#8243;][vc_tta_section title=&#8221;Information f\u00fcr unsere Kunden&#8221; tab_id=&#8221;info-kunden&#8221;][vc_column_text css=&#8221;&#8221;]Die von uns angebotenen Produkte werden hinsichtlich ihrer Eignung f\u00fcr Polsterm\u00f6bel auf technischer Ebene gepr\u00fcft, indem die entsprechenden Tests durchgef\u00fchrt werden: Martindale, Lichtechtheit unter trockenen und nassen Bedingungen, Feuerfestigkeit usw. Dabei darf nicht vergessen werden, dass Textilien und Vinylstoffe physische Elemente sind, die mit ihrer Umgebung zusammenwirken. [&#8230;]<\/p>\n<p><a class=\"btn btn-secondary understrap-read-more-link\" href=\"https:\/\/exitfabrics.com\/de\/nuetzliche-informationen\/\">Weiterlesen&#8230;<span class=\"screen-reader-text\"> from N\u00fctzliche Informationen<\/span><\/a><\/p>\n","protected":false},"author":1,"featured_media":0,"parent":0,"menu_order":0,"comment_status":"closed","ping_status":"closed","template":"","meta":{"_acf_changed":false,"footnotes":""},"class_list":["post-51204","page","type-page","status-publish","hentry"],"acf":[],"yoast_head":"<!-- This site is optimized with the Yoast SEO plugin v27.3 - https:\/\/yoast.com\/product\/yoast-seo-wordpress\/ -->\n<title>N\u00fctzliche Informationen - Exit Fabrics<\/title>\n<meta name=\"robots\" content=\"index, follow, max-snippet:-1, max-image-preview:large, max-video-preview:-1\" \/>\n<link rel=\"canonical\" href=\"https:\/\/exitfabrics.com\/de\/nuetzliche-informationen\/\" \/>\n<meta property=\"og:locale\" content=\"de_DE\" \/>\n<meta property=\"og:type\" content=\"article\" \/>\n<meta property=\"og:title\" content=\"N\u00fctzliche Informationen - Exit Fabrics\" \/>\n<meta property=\"og:description\" content=\"[vc_row el_id=&#8221;info-interes&#8221;][vc_column][vc_tta_tabs active_section=&#8221;1&#8243;][vc_tta_section title=&#8221;Information f\u00fcr unsere Kunden&#8221; tab_id=&#8221;info-kunden&#8221;][vc_column_text css=&#8221;&#8221;]Die von uns angebotenen Produkte werden hinsichtlich ihrer Eignung f\u00fcr Polsterm\u00f6bel auf technischer Ebene gepr\u00fcft, indem die entsprechenden Tests durchgef\u00fchrt werden: Martindale, Lichtechtheit unter trockenen und nassen Bedingungen, Feuerfestigkeit usw. Dabei darf nicht vergessen werden, dass Textilien und Vinylstoffe physische Elemente sind, die mit ihrer Umgebung zusammenwirken. [...]Weiterlesen... from N\u00fctzliche Informationen\" \/>\n<meta property=\"og:url\" content=\"https:\/\/exitfabrics.com\/de\/nuetzliche-informationen\/\" \/>\n<meta property=\"og:site_name\" content=\"Exit Fabrics\" \/>\n<meta property=\"article:modified_time\" content=\"2026-02-09T07:26:56+00:00\" \/>\n<meta name=\"twitter:card\" content=\"summary_large_image\" \/>\n<meta name=\"twitter:label1\" content=\"Est. reading time\" \/>\n\t<meta name=\"twitter:data1\" content=\"4 minutes\" \/>\n<script type=\"application\/ld+json\" class=\"yoast-schema-graph\">{\"@context\":\"https:\\\/\\\/schema.org\",\"@graph\":[{\"@type\":\"WebPage\",\"@id\":\"https:\\\/\\\/exitfabrics.com\\\/de\\\/nuetzliche-informationen\\\/\",\"url\":\"https:\\\/\\\/exitfabrics.com\\\/de\\\/nuetzliche-informationen\\\/\",\"name\":\"N\u00fctzliche Informationen - Exit Fabrics\",\"isPartOf\":{\"@id\":\"https:\\\/\\\/exitfabrics.com\\\/es\\\/#website\"},\"datePublished\":\"2021-11-30T11:57:45+00:00\",\"dateModified\":\"2026-02-09T07:26:56+00:00\",\"breadcrumb\":{\"@id\":\"https:\\\/\\\/exitfabrics.com\\\/de\\\/nuetzliche-informationen\\\/#breadcrumb\"},\"inLanguage\":\"de-DE\",\"potentialAction\":[{\"@type\":\"ReadAction\",\"target\":[\"https:\\\/\\\/exitfabrics.com\\\/de\\\/nuetzliche-informationen\\\/\"]}]},{\"@type\":\"BreadcrumbList\",\"@id\":\"https:\\\/\\\/exitfabrics.com\\\/de\\\/nuetzliche-informationen\\\/#breadcrumb\",\"itemListElement\":[{\"@type\":\"ListItem\",\"position\":1,\"name\":\"Home\",\"item\":\"https:\\\/\\\/exitfabrics.com\\\/de\\\/\"},{\"@type\":\"ListItem\",\"position\":2,\"name\":\"N\u00fctzliche Informationen\"}]},{\"@type\":\"WebSite\",\"@id\":\"https:\\\/\\\/exitfabrics.com\\\/es\\\/#website\",\"url\":\"https:\\\/\\\/exitfabrics.com\\\/es\\\/\",\"name\":\"Exit Fabrics\",\"description\":\"Upholstery for all needs\",\"publisher\":{\"@id\":\"https:\\\/\\\/exitfabrics.com\\\/es\\\/#organization\"},\"potentialAction\":[{\"@type\":\"SearchAction\",\"target\":{\"@type\":\"EntryPoint\",\"urlTemplate\":\"https:\\\/\\\/exitfabrics.com\\\/es\\\/?s={search_term_string}\"},\"query-input\":{\"@type\":\"PropertyValueSpecification\",\"valueRequired\":true,\"valueName\":\"search_term_string\"}}],\"inLanguage\":\"de-DE\"},{\"@type\":\"Organization\",\"@id\":\"https:\\\/\\\/exitfabrics.com\\\/es\\\/#organization\",\"name\":\"Exit Fabrics\",\"url\":\"https:\\\/\\\/exitfabrics.com\\\/es\\\/\",\"logo\":{\"@type\":\"ImageObject\",\"inLanguage\":\"de-DE\",\"@id\":\"https:\\\/\\\/exitfabrics.com\\\/es\\\/#\\\/schema\\\/logo\\\/image\\\/\",\"url\":\"https:\\\/\\\/exitfabrics.com\\\/wp-content\\\/uploads\\\/2019\\\/07\\\/logo-black.png\",\"contentUrl\":\"https:\\\/\\\/exitfabrics.com\\\/wp-content\\\/uploads\\\/2019\\\/07\\\/logo-black.png\",\"width\":230,\"height\":64,\"caption\":\"Exit Fabrics\"},\"image\":{\"@id\":\"https:\\\/\\\/exitfabrics.com\\\/es\\\/#\\\/schema\\\/logo\\\/image\\\/\"},\"sameAs\":[\"https:\\\/\\\/www.instagram.com\\\/exitfabrics\\\/\",\"https:\\\/\\\/www.linkedin.com\\\/company\\\/exit-fabrics\\\/\"]}]}<\/script>\n<!-- \/ Yoast SEO plugin. -->","yoast_head_json":{"title":"N\u00fctzliche Informationen - Exit Fabrics","robots":{"index":"index","follow":"follow","max-snippet":"max-snippet:-1","max-image-preview":"max-image-preview:large","max-video-preview":"max-video-preview:-1"},"canonical":"https:\/\/exitfabrics.com\/de\/nuetzliche-informationen\/","og_locale":"de_DE","og_type":"article","og_title":"N\u00fctzliche Informationen - Exit Fabrics","og_description":"[vc_row el_id=&#8221;info-interes&#8221;][vc_column][vc_tta_tabs active_section=&#8221;1&#8243;][vc_tta_section title=&#8221;Information f\u00fcr unsere Kunden&#8221; tab_id=&#8221;info-kunden&#8221;][vc_column_text css=&#8221;&#8221;]Die von uns angebotenen Produkte werden hinsichtlich ihrer Eignung f\u00fcr Polsterm\u00f6bel auf technischer Ebene gepr\u00fcft, indem die entsprechenden Tests durchgef\u00fchrt werden: Martindale, Lichtechtheit unter trockenen und nassen Bedingungen, Feuerfestigkeit usw. Dabei darf nicht vergessen werden, dass Textilien und Vinylstoffe physische Elemente sind, die mit ihrer Umgebung zusammenwirken. [...]Weiterlesen... from N\u00fctzliche Informationen","og_url":"https:\/\/exitfabrics.com\/de\/nuetzliche-informationen\/","og_site_name":"Exit Fabrics","article_modified_time":"2026-02-09T07:26:56+00:00","twitter_card":"summary_large_image","twitter_misc":{"Est. reading time":"4 minutes"},"schema":{"@context":"https:\/\/schema.org","@graph":[{"@type":"WebPage","@id":"https:\/\/exitfabrics.com\/de\/nuetzliche-informationen\/","url":"https:\/\/exitfabrics.com\/de\/nuetzliche-informationen\/","name":"N\u00fctzliche Informationen - Exit Fabrics","isPartOf":{"@id":"https:\/\/exitfabrics.com\/es\/#website"},"datePublished":"2021-11-30T11:57:45+00:00","dateModified":"2026-02-09T07:26:56+00:00","breadcrumb":{"@id":"https:\/\/exitfabrics.com\/de\/nuetzliche-informationen\/#breadcrumb"},"inLanguage":"de-DE","potentialAction":[{"@type":"ReadAction","target":["https:\/\/exitfabrics.com\/de\/nuetzliche-informationen\/"]}]},{"@type":"BreadcrumbList","@id":"https:\/\/exitfabrics.com\/de\/nuetzliche-informationen\/#breadcrumb","itemListElement":[{"@type":"ListItem","position":1,"name":"Home","item":"https:\/\/exitfabrics.com\/de\/"},{"@type":"ListItem","position":2,"name":"N\u00fctzliche Informationen"}]},{"@type":"WebSite","@id":"https:\/\/exitfabrics.com\/es\/#website","url":"https:\/\/exitfabrics.com\/es\/","name":"Exit Fabrics","description":"Upholstery for all needs","publisher":{"@id":"https:\/\/exitfabrics.com\/es\/#organization"},"potentialAction":[{"@type":"SearchAction","target":{"@type":"EntryPoint","urlTemplate":"https:\/\/exitfabrics.com\/es\/?s={search_term_string}"},"query-input":{"@type":"PropertyValueSpecification","valueRequired":true,"valueName":"search_term_string"}}],"inLanguage":"de-DE"},{"@type":"Organization","@id":"https:\/\/exitfabrics.com\/es\/#organization","name":"Exit Fabrics","url":"https:\/\/exitfabrics.com\/es\/","logo":{"@type":"ImageObject","inLanguage":"de-DE","@id":"https:\/\/exitfabrics.com\/es\/#\/schema\/logo\/image\/","url":"https:\/\/exitfabrics.com\/wp-content\/uploads\/2019\/07\/logo-black.png","contentUrl":"https:\/\/exitfabrics.com\/wp-content\/uploads\/2019\/07\/logo-black.png","width":230,"height":64,"caption":"Exit Fabrics"},"image":{"@id":"https:\/\/exitfabrics.com\/es\/#\/schema\/logo\/image\/"},"sameAs":["https:\/\/www.instagram.com\/exitfabrics\/","https:\/\/www.linkedin.com\/company\/exit-fabrics\/"]}]}},"_links":{"self":[{"href":"https:\/\/exitfabrics.com\/de\/wp-json\/wp\/v2\/pages\/51204","targetHints":{"allow":["GET"]}}],"collection":[{"href":"https:\/\/exitfabrics.com\/de\/wp-json\/wp\/v2\/pages"}],"about":[{"href":"https:\/\/exitfabrics.com\/de\/wp-json\/wp\/v2\/types\/page"}],"author":[{"embeddable":true,"href":"https:\/\/exitfabrics.com\/de\/wp-json\/wp\/v2\/users\/1"}],"replies":[{"embeddable":true,"href":"https:\/\/exitfabrics.com\/de\/wp-json\/wp\/v2\/comments?post=51204"}],"version-history":[{"count":4,"href":"https:\/\/exitfabrics.com\/de\/wp-json\/wp\/v2\/pages\/51204\/revisions"}],"predecessor-version":[{"id":79583,"href":"https:\/\/exitfabrics.com\/de\/wp-json\/wp\/v2\/pages\/51204\/revisions\/79583"}],"wp:attachment":[{"href":"https:\/\/exitfabrics.com\/de\/wp-json\/wp\/v2\/media?parent=51204"}],"curies":[{"name":"wp","href":"https:\/\/api.w.org\/{rel}","templated":true}]}}