{"id":51141,"date":"2019-07-22T12:00:22","date_gmt":"2019-07-22T10:00:22","guid":{"rendered":"https:\/\/exitfabrics.com\/servicios\/"},"modified":"2025-03-21T13:56:23","modified_gmt":"2025-03-21T12:56:23","slug":"dienstleistungen","status":"publish","type":"page","link":"https:\/\/exitfabrics.com\/de\/dienstleistungen\/","title":{"rendered":"Dienstleistungen"},"content":{"rendered":"<div class=\"wpb-content-wrapper\"><p>[vc_row][vc_column]\r\n<div class=\"vc_banner--container header-color-dark\">\r\n    <div class=\"cont--imagefull\">\r\n        <div class=\"cont-imagefull-desktop\">\r\n            <img loading=\"lazy\" decoding=\"async\" width=\"1920\" height=\"990\" src=\"https:\/\/exitfabrics.com\/wp-content\/uploads\/2025\/03\/HeroImage.png\" class=\"attachment-banner-desktop size-banner-desktop\" alt=\"\" srcset=\"https:\/\/exitfabrics.com\/wp-content\/uploads\/2025\/03\/HeroImage.png 1920w, https:\/\/exitfabrics.com\/wp-content\/uploads\/2025\/03\/HeroImage-1536x792.png 1536w\" sizes=\"auto, (max-width: 1920px) 100vw, 1920px\" \/>        <\/div>\r\n        <div class=\"cont-imagefull-mobile\">\r\n            <img loading=\"lazy\" decoding=\"async\" width=\"768\" height=\"640\" src=\"https:\/\/exitfabrics.com\/wp-content\/uploads\/2025\/03\/HeroImage_Mobile.png\" class=\"attachment-banner-mobile size-banner-mobile\" alt=\"\" \/>        <\/div>\r\n    <\/div>\r\n    <div class=\"cont--text text-color-dark\">\r\n        <div class=\"cont--text--inner\">\r\n            <div class=\"cont--text-body\"><\/p>\n<h1>Wir sind nicht nur Hersteller von technischen Polsterstoffen, sondern auch Ihr Partner<\/h1>\n<p><\/div>\r\n        <\/div>\r\n    <\/div>\r\n<\/div>\r\n\r\n[\/vc_column][\/vc_row][vc_row el_id=&#8221;cont&#8211;menu-servicios&#8221;][vc_column][vc_column_text css=&#8221;&#8221;]<\/p>\n<div class=\"cont--menu-servicios\">\n<div class=\"cont--menu-servicios-inner\"><a href=\"#permanenter-lagerbestand\">Permanenter Lagerbestand<\/a><br \/>\n<a href=\"#zertifikate-richtlinien\">Zertifikate und Richtlinien<\/a><br \/>\n<a href=\"#produktion\">Ma\u00dfgeschneiderte Produktion<\/a><br \/>\n<a href=\"#anti-flecken-behandlungen\">Anti-Flecken-Behandlungen<\/a><br \/>\n<a href=\"#finishs\">Finishs<\/a><br \/>\n<a href=\"#recycling\">Recycling<\/a><\/div>\n<\/div>\n<p>[\/vc_column_text][\/vc_column][\/vc_row][vc_row][vc_column]  <div class=\"vc_image_text_two_items--container \">\r\n          <div class=\"vc_image_text_two_items--item\" id=\"permanenter-lagerbestand\">\r\n        <div class=\"cont--inner\">\r\n          <div class=\"cont--text text-color-dark background-FFFFFF\" style=\"background:#FFFFFF\">\r\n            <div class=\"cont--text--inner\">\r\n              <div class=\"cont--text-title\">Permanenter Lagerbestand<\/div>\r\n              <div class=\"cont--text-body\">\r\n                <p class=\"text-big\">\r\n                  In unseren Einrichtungen k\u00f6nnen wir eine gro\u00dfe Vielfalt an Kollektionen und eine breite Palette an Farben lagern. Dies erm\u00f6glicht es uns, mit kurzen Lieferzeiten zu arbeiten und anspruchsvolle Projekttermine einzuhalten.                <\/p>\r\n              <\/div>\r\n            <\/div>\r\n          <\/div>\r\n          <div class=\"cont--imagefull\">\r\n            <img loading=\"lazy\" decoding=\"async\" width=\"880\" height=\"560\" src=\"https:\/\/exitfabrics.com\/wp-content\/uploads\/2019\/07\/exit-servicios-06.jpg\" class=\"attachment-full size-full\" alt=\"\" srcset=\"https:\/\/exitfabrics.com\/wp-content\/uploads\/2019\/07\/exit-servicios-06.jpg 880w, https:\/\/exitfabrics.com\/wp-content\/uploads\/2019\/07\/exit-servicios-06-200x127.jpg 200w, https:\/\/exitfabrics.com\/wp-content\/uploads\/2019\/07\/exit-servicios-06-600x382.jpg 600w, https:\/\/exitfabrics.com\/wp-content\/uploads\/2019\/07\/exit-servicios-06-300x191.jpg 300w, https:\/\/exitfabrics.com\/wp-content\/uploads\/2019\/07\/exit-servicios-06-768x489.jpg 768w\" sizes=\"auto, (max-width: 880px) 100vw, 880px\" \/>          <\/div>\r\n        <\/div>\r\n      <\/div>\r\n          <div class=\"vc_image_text_two_items--item\" id=\"zertifikate-richtlinien\">\r\n        <div class=\"cont--inner\">\r\n          <div class=\"cont--text text-color-dark background-FFFFFF\" style=\"background:#FFFFFF\">\r\n            <div class=\"cont--text--inner\">\r\n              <div class=\"cont--text-title\">Zertifikate und Richtlinien<\/div>\r\n              <div class=\"cont--text-body\">\r\n                <p class=\"text-big\">\r\n                  Unsere Stoffe verf\u00fcgen \u00fcber eine Vielzahl von Zertifikaten und erf\u00fcllen zahlreiche EU-Standards und nationale Normen. Wir stellen unseren Kunden diese zur Verf\u00fcgung; sie k\u00f6nnen in den technischen Datenbl\u00e4ttern der einzelnen Produkte nachgelesen werden.                <\/p>\r\n              <\/div>\r\n            <\/div>\r\n          <\/div>\r\n          <div class=\"cont--imagefull\">\r\n            <img loading=\"lazy\" decoding=\"async\" width=\"880\" height=\"560\" src=\"https:\/\/exitfabrics.com\/wp-content\/uploads\/2025\/02\/Servicios.jpg\" class=\"attachment-full size-full\" alt=\"\" \/>          <\/div>\r\n        <\/div>\r\n      <\/div>\r\n      <\/div>\r\n\r\n\r\n[\/vc_column][\/vc_row][vc_row disable_element=&#8221;yes&#8221; el_id=&#8221;produccion-a-medida&#8221;][vc_column]<div class=\"container\">\r\n  <div class=\"vc_image_extra-info--container\">\r\n    <div class=\"cont--inner text-position-\">\r\n      <div class=\"cont--text\">\r\n        <div class=\"cont--text--inner\">\r\n          <div class=\"cont-pre-content\">\r\n            <div class=\"cont--text-title h2\">Producci\u00f3n a medida<\/div>\r\n            <div class=\"cont--text-precontent\">Nuestra vocaci\u00f3n de servicio y flexibilidad nos permite dar respuesta a demandas espec\u00edficas de nuestros clientes y sus proyectos. Atendemos a encargos personalizados que solicitan modificaciones en las caracter\u00edsticas f\u00edsicas del tejido, o bien a\u00f1adiendo un acabado especial.<\/div>\r\n          <\/div>\r\n          <div class=\"cont--imagefull img-mobile image-position-container\">\r\n            <img loading=\"lazy\" decoding=\"async\" width=\"830\" height=\"630\" src=\"https:\/\/exitfabrics.com\/wp-content\/uploads\/2019\/07\/servicios_1.jpg\" class=\"attachment-full size-full\" alt=\"\" srcset=\"https:\/\/exitfabrics.com\/wp-content\/uploads\/2019\/07\/servicios_1.jpg 830w, https:\/\/exitfabrics.com\/wp-content\/uploads\/2019\/07\/servicios_1-200x152.jpg 200w, https:\/\/exitfabrics.com\/wp-content\/uploads\/2019\/07\/servicios_1-600x455.jpg 600w, https:\/\/exitfabrics.com\/wp-content\/uploads\/2019\/07\/servicios_1-300x228.jpg 300w, https:\/\/exitfabrics.com\/wp-content\/uploads\/2019\/07\/servicios_1-768x583.jpg 768w\" sizes=\"auto, (max-width: 830px) 100vw, 830px\" \/>          <\/div>\r\n          <div class=\"cont--text-body text-color-dark backgroud-color-8ab0bd\" style=\"background:#8ab0bd\">\r\n          <\/p>\n<div class=\"list-info\">\n<h4>Caracter\u00edsticas<\/h4>\n<p>Color<\/p>\n<p>Ancho pieza<\/p>\n<p>Trama \/ Textura<\/p>\n<\/div>\n<div id=\"scroll-home\" class=\"list-info\">\n<h4>Acabados<\/h4>\n<p>Foamizado<\/p>\n<p>Acolchado<\/p>\n<p>Impermeabilidad<\/p>\n<p>Eco-clean<\/p>\n<p>Adhesivado<\/p>\n<\/div>\n<p>          <\/div>\r\n        <\/div>\r\n      <\/div>\r\n      <div class=\"cont--imagefull img-desktop image-position-container\">\r\n        <img loading=\"lazy\" decoding=\"async\" width=\"830\" height=\"630\" src=\"https:\/\/exitfabrics.com\/wp-content\/uploads\/2019\/07\/servicios_1.jpg\" class=\"attachment-full size-full\" alt=\"\" srcset=\"https:\/\/exitfabrics.com\/wp-content\/uploads\/2019\/07\/servicios_1.jpg 830w, https:\/\/exitfabrics.com\/wp-content\/uploads\/2019\/07\/servicios_1-200x152.jpg 200w, https:\/\/exitfabrics.com\/wp-content\/uploads\/2019\/07\/servicios_1-600x455.jpg 600w, https:\/\/exitfabrics.com\/wp-content\/uploads\/2019\/07\/servicios_1-300x228.jpg 300w, https:\/\/exitfabrics.com\/wp-content\/uploads\/2019\/07\/servicios_1-768x583.jpg 768w\" sizes=\"auto, (max-width: 830px) 100vw, 830px\" \/>      <\/div>\r\n    <\/div>\r\n  <\/div>\r\n<\/div>\r\n  [\/vc_column][\/vc_row][vc_row el_id=&#8221;produktion&#8221;][vc_column]\r\n<div class=\"vc_image_text--container\">\r\n    <div\r\n        class=\"cont--inner text-position- text-vertical-position-\">\r\n        <div class=\"cont--text text-color-dark background-FFFFFF\"\r\n            style=\"background:#FFFFFF\">\r\n            <div class=\"cont--text--inner\">\r\n                <div class=\"cont--text-pretitle\"><\/div>\r\n                <div class=\"cont--text-title\">Ma\u00dfgeschneiderte Produktion<\/div>\r\n                <div class=\"cont--text-body\">\r\n                    <\/p>\n<p class=\"text-big\">Unser Engagement f\u00fcr Service und Flexibilit\u00e4t gestattet es uns, auf die spezifischen Anforderungen unserer Kunden und die ihrer Projekte einzugehen. Wir f\u00fchren Sonderbestellungen aus, bei denen die physikalischen Eigenschaften des Stoffes ver\u00e4ndert oder ein spezielles Finish hinzugef\u00fcgt werden sollen.<\/p>\n<p>                <\/div>\r\n                            <\/div>\r\n        <\/div>\r\n        <div class=\"cont--imagefull\">\r\n            <img loading=\"lazy\" decoding=\"async\" width=\"956\" height=\"630\" src=\"https:\/\/exitfabrics.com\/wp-content\/uploads\/2021\/07\/EXIT-FABRICS-2019_033-956x630.jpg\" class=\"attachment-image-text size-image-text\" alt=\"\" \/>        <\/div>\r\n    <\/div>\r\n<\/div>\r\n\r\n[\/vc_column][\/vc_row][vc_row el_id=&#8221;anti-flecken-behandlungen&#8221;][vc_column]\r\n<div class=\"vc_image_text--container\">\r\n    <div\r\n        class=\"cont--inner text-position-right text-vertical-position-\">\r\n        <div class=\"cont--text text-color-dark background-FFFFFF\"\r\n            style=\"background:#FFFFFF\">\r\n            <div class=\"cont--text--inner\">\r\n                <div class=\"cont--text-pretitle\"><\/div>\r\n                <div class=\"cont--text-title\">Anti-Flecken-Behandlungen<\/div>\r\n                <div class=\"cont--text-body\">\r\n                    <\/p>\n<p class=\"text-big\">Wir bieten Produkte mit serienm\u00e4\u00dfiger Anti-Flecken-Behandlung (ECO-CLEAN-Behandlung) und die M\u00f6glichkeit, 100%ige Polyesterstoffe, die nicht dar\u00fcber verf\u00fcgen, mit einer Anti-Flecken-Behandlung zu versehen (ECO-CLEAN-Behandlung oder andere).<\/p>\n<p>&nbsp;<\/p>\n<p><a class=\"button\" href=\"https:\/\/exitfabrics.com\/de\/finishs\/#videos--ansehen\">VIDEOS ANSEHEN<\/a>                <\/div>\r\n                            <\/div>\r\n        <\/div>\r\n        <div class=\"cont--imagefull\">\r\n            <img loading=\"lazy\" decoding=\"async\" width=\"955\" height=\"625\" src=\"https:\/\/exitfabrics.com\/wp-content\/uploads\/2019\/07\/home_3-2.jpg\" class=\"attachment-image-text size-image-text\" alt=\"\" srcset=\"https:\/\/exitfabrics.com\/wp-content\/uploads\/2019\/07\/home_3-2.jpg 955w, https:\/\/exitfabrics.com\/wp-content\/uploads\/2019\/07\/home_3-2-200x131.jpg 200w, https:\/\/exitfabrics.com\/wp-content\/uploads\/2019\/07\/home_3-2-600x393.jpg 600w, https:\/\/exitfabrics.com\/wp-content\/uploads\/2019\/07\/home_3-2-300x196.jpg 300w, https:\/\/exitfabrics.com\/wp-content\/uploads\/2019\/07\/home_3-2-768x503.jpg 768w\" sizes=\"auto, (max-width: 955px) 100vw, 955px\" \/>        <\/div>\r\n    <\/div>\r\n<\/div>\r\n\r\n[\/vc_column][\/vc_row][vc_row el_id=&#8221;finishs&#8221;][vc_column]\r\n<div class=\"vc_image_text--container\">\r\n    <div\r\n        class=\"cont--inner text-position- text-vertical-position-\">\r\n        <div class=\"cont--text text-color-dark background-FFFFFF\"\r\n            style=\"background:#FFFFFF\">\r\n            <div class=\"cont--text--inner\">\r\n                <div class=\"cont--text-pretitle\"><\/div>\r\n                <div class=\"cont--text-title\">Finishs<\/div>\r\n                <div class=\"cont--text-body\">\r\n                    <\/p>\n<p class=\"text-big\">EXIT FABRICS bietet seinen Kunden die M\u00f6glichkeit, ihren Textilien und Vinylstoffen unterschiedliche Finishs zu geben, die das Endergebnis der Polsterm\u00f6bel deutlich verbessern k\u00f6nnen, sowohl in Bezug auf die Haltbarkeit und die Qualit\u00e4t des Finishs, als auch auf die Produktionszeiten (beim Zuschnitt, beim Vern\u00e4hen, beim Polstern, etc.).<\/p>\n<p>&nbsp;<\/p>\n<p><a class=\"button\" href=\"https:\/\/exitfabrics.com\/de\/finishs\/#unsere--verarbeitungen\">Unsere Finishs<\/a>                <\/div>\r\n                            <\/div>\r\n        <\/div>\r\n        <div class=\"cont--imagefull\">\r\n            <img loading=\"lazy\" decoding=\"async\" width=\"945\" height=\"630\" src=\"https:\/\/exitfabrics.com\/wp-content\/uploads\/2025\/02\/EXIT-FABRICS_2020_039-5_1920.webp\" class=\"attachment-image-text size-image-text\" alt=\"\" srcset=\"https:\/\/exitfabrics.com\/wp-content\/uploads\/2025\/02\/EXIT-FABRICS_2020_039-5_1920.webp 1920w, https:\/\/exitfabrics.com\/wp-content\/uploads\/2025\/02\/EXIT-FABRICS_2020_039-5_1920-1536x1024.webp 1536w\" sizes=\"auto, (max-width: 945px) 100vw, 945px\" \/>        <\/div>\r\n    <\/div>\r\n<\/div>\r\n\r\n[\/vc_column][\/vc_row][vc_row][vc_column]\r\n  <div class=\"vc_imagefull--container\">\r\n    <div class=\"cont--imagefull\">\r\n          <div class=\"paraxify img-desktop\" style=\"height:400px;background-image:url(https:\/\/exitfabrics.com\/wp-content\/uploads\/2019\/07\/exit-servicios-05.jpg)\">\r\n    <\/div>\r\n\r\n    <div class=\"img-mobile\">\r\n      <img loading=\"lazy\" decoding=\"async\" width=\"768\" height=\"600\" src=\"https:\/\/exitfabrics.com\/wp-content\/uploads\/2019\/07\/exit-servicios-05-mobile.jpg\" class=\"attachment-full size-full\" alt=\"\" srcset=\"https:\/\/exitfabrics.com\/wp-content\/uploads\/2019\/07\/exit-servicios-05-mobile.jpg 768w, https:\/\/exitfabrics.com\/wp-content\/uploads\/2019\/07\/exit-servicios-05-mobile-300x234.jpg 300w\" sizes=\"auto, (max-width: 768px) 100vw, 768px\" \/>    <\/div>\r\n    <\/div>\r\n\r\n  <\/div>\r\n\r\n  [\/vc_column][\/vc_row][vc_row disable_element=&#8221;yes&#8221; el_id=&#8221;recycling&#8221;][vc_column]<div class=\"container\">\r\n  <div class=\"vc_image_extra-info--container\">\r\n    <div class=\"cont--inner text-position-\">\r\n      <div class=\"cont--text\">\r\n        <div class=\"cont--text--inner\">\r\n          <div class=\"cont-pre-content\">\r\n            <div class=\"cont--text-title h2\">Recycling<\/div>\r\n            <div class=\"cont--text-precontent\">Umweltbewusstsein liegt in unserer DNA. Wir sind stolz darauf, recycelbare Textilprodukte zu unterst\u00fctzen und anzubieten. Mit dem Service \u201eActive Recycling Cycle\u201c f\u00f6rdern wir das Recycling der textilen Polyolefinabf\u00e4lle unserer Kunden.<\/div>\r\n          <\/div>\r\n          <div class=\"cont--imagefull img-mobile image-position-full\">\r\n            <img loading=\"lazy\" decoding=\"async\" width=\"7679\" height=\"5122\" src=\"https:\/\/exitfabrics.com\/wp-content\/uploads\/2021\/07\/shutterstock_1334839445-2.jpg\" class=\"attachment-full size-full\" alt=\"\" srcset=\"https:\/\/exitfabrics.com\/wp-content\/uploads\/2021\/07\/shutterstock_1334839445-2.jpg 7679w, https:\/\/exitfabrics.com\/wp-content\/uploads\/2021\/07\/shutterstock_1334839445-2-1536x1025.jpg 1536w, https:\/\/exitfabrics.com\/wp-content\/uploads\/2021\/07\/shutterstock_1334839445-2-2048x1366.jpg 2048w\" sizes=\"auto, (max-width: 7679px) 100vw, 7679px\" \/>          <\/div>\r\n          <div class=\"cont--text-body text-color-dark backgroud-color-F7F7F7\" style=\"background:#F7F7F7\">\r\n                    <\/div>\r\n        <\/div>\r\n      <\/div>\r\n      <div class=\"cont--imagefull img-desktop image-position-full\">\r\n        <img loading=\"lazy\" decoding=\"async\" width=\"7679\" height=\"5122\" src=\"https:\/\/exitfabrics.com\/wp-content\/uploads\/2021\/07\/shutterstock_1334839445-2.jpg\" class=\"attachment-full size-full\" alt=\"\" srcset=\"https:\/\/exitfabrics.com\/wp-content\/uploads\/2021\/07\/shutterstock_1334839445-2.jpg 7679w, https:\/\/exitfabrics.com\/wp-content\/uploads\/2021\/07\/shutterstock_1334839445-2-1536x1025.jpg 1536w, https:\/\/exitfabrics.com\/wp-content\/uploads\/2021\/07\/shutterstock_1334839445-2-2048x1366.jpg 2048w\" sizes=\"auto, (max-width: 7679px) 100vw, 7679px\" \/>      <\/div>\r\n    <\/div>\r\n  <\/div>\r\n<\/div>\r\n  [\/vc_column][\/vc_row][vc_row][vc_column][vc_column_text css=&#8221;&#8221;]<\/p>\n<div class=\"acabados-informacion\">\n<h2 class=\"text-extrabig\">Brauchen Sie weitere Informationen?<\/h2>\n<p class=\"text-big\">Welche Werkstoffe sich f\u00fcr welchen Anwendungsbereich am besten eignen, besprechen wir gerne mit Ihnen.<\/p>\n<p><a class=\"button-white\" href=\"https:\/\/exitfabrics.com\/de\/kontakt\/\">Kontaktieren Sie uns<\/a><\/p>\n<\/div>\n<p>[\/vc_column_text][\/vc_column][\/vc_row]<\/p>\n<\/div>","protected":false},"excerpt":{"rendered":"<p>[vc_row][vc_column][\/vc_column][\/vc_row][vc_row el_id=&#8221;cont&#8211;menu-servicios&#8221;][vc_column][vc_column_text css=&#8221;&#8221;] Permanenter Lagerbestand Zertifikate und Richtlinien Ma\u00dfgeschneiderte Produktion Anti-Flecken-Behandlungen Finishs Recycling [\/vc_column_text][\/vc_column][\/vc_row][vc_row][vc_column][\/vc_column][\/vc_row][vc_row disable_element=&#8221;yes&#8221; el_id=&#8221;produccion-a-medida&#8221;][vc_column][\/vc_column][\/vc_row][vc_row el_id=&#8221;produktion&#8221;][vc_column][\/vc_column][\/vc_row][vc_row el_id=&#8221;anti-flecken-behandlungen&#8221;][vc_column][\/vc_column][\/vc_row][vc_row el_id=&#8221;finishs&#8221;][vc_column][\/vc_column][\/vc_row][vc_row][vc_column][\/vc_column][\/vc_row][vc_row disable_element=&#8221;yes&#8221; el_id=&#8221;recycling&#8221;][vc_column][\/vc_column][\/vc_row][vc_row][vc_column][vc_column_text css=&#8221;&#8221;] Brauchen Sie weitere Informationen? Welche Werkstoffe sich f\u00fcr welchen Anwendungsbereich am besten eignen, besprechen wir gerne mit Ihnen. Kontaktieren Sie uns [\/vc_column_text][\/vc_column][\/vc_row] [&#8230;]<\/p>\n<p><a class=\"btn btn-secondary understrap-read-more-link\" href=\"https:\/\/exitfabrics.com\/de\/dienstleistungen\/\">Weiterlesen&#8230;<span class=\"screen-reader-text\"> from Dienstleistungen<\/span><\/a><\/p>\n","protected":false},"author":1,"featured_media":0,"parent":0,"menu_order":0,"comment_status":"closed","ping_status":"open","template":"page-templates\/fullwidthpage.php","meta":{"_acf_changed":false,"footnotes":""},"class_list":["post-51141","page","type-page","status-publish","hentry"],"acf":[],"yoast_head":"<!-- This site is optimized with the Yoast SEO plugin v27.3 - https:\/\/yoast.com\/product\/yoast-seo-wordpress\/ -->\n<title>Dienstleistungen - Exit Fabrics<\/title>\n<meta name=\"description\" content=\"Ofrecemos stock permanente, certificados, producci\u00f3n a medida, tratamientos anti-manchas, acabados y reciclado. \u00a1Solicita m\u00e1s informaci\u00f3n!\" \/>\n<meta name=\"robots\" content=\"index, follow, max-snippet:-1, max-image-preview:large, max-video-preview:-1\" \/>\n<link rel=\"canonical\" href=\"https:\/\/exitfabrics.com\/de\/dienstleistungen\/\" \/>\n<meta property=\"og:locale\" content=\"de_DE\" \/>\n<meta property=\"og:type\" content=\"article\" \/>\n<meta property=\"og:title\" content=\"Dienstleistungen - Exit Fabrics\" \/>\n<meta property=\"og:description\" content=\"Ofrecemos stock permanente, certificados, producci\u00f3n a medida, tratamientos anti-manchas, acabados y reciclado. \u00a1Solicita m\u00e1s informaci\u00f3n!\" \/>\n<meta property=\"og:url\" content=\"https:\/\/exitfabrics.com\/de\/dienstleistungen\/\" \/>\n<meta property=\"og:site_name\" content=\"Exit Fabrics\" \/>\n<meta property=\"article:modified_time\" content=\"2025-03-21T12:56:23+00:00\" \/>\n<meta name=\"twitter:card\" content=\"summary_large_image\" \/>\n<meta name=\"twitter:label1\" content=\"Est. reading time\" \/>\n\t<meta name=\"twitter:data1\" content=\"2 minutes\" \/>\n<script type=\"application\/ld+json\" class=\"yoast-schema-graph\">{\"@context\":\"https:\\\/\\\/schema.org\",\"@graph\":[{\"@type\":\"WebPage\",\"@id\":\"https:\\\/\\\/exitfabrics.com\\\/de\\\/dienstleistungen\\\/\",\"url\":\"https:\\\/\\\/exitfabrics.com\\\/de\\\/dienstleistungen\\\/\",\"name\":\"Dienstleistungen - Exit Fabrics\",\"isPartOf\":{\"@id\":\"https:\\\/\\\/exitfabrics.com\\\/es\\\/#website\"},\"datePublished\":\"2019-07-22T10:00:22+00:00\",\"dateModified\":\"2025-03-21T12:56:23+00:00\",\"description\":\"Ofrecemos stock permanente, certificados, producci\u00f3n a medida, tratamientos anti-manchas, acabados y reciclado. \u00a1Solicita m\u00e1s informaci\u00f3n!\",\"breadcrumb\":{\"@id\":\"https:\\\/\\\/exitfabrics.com\\\/de\\\/dienstleistungen\\\/#breadcrumb\"},\"inLanguage\":\"de-DE\",\"potentialAction\":[{\"@type\":\"ReadAction\",\"target\":[\"https:\\\/\\\/exitfabrics.com\\\/de\\\/dienstleistungen\\\/\"]}]},{\"@type\":\"BreadcrumbList\",\"@id\":\"https:\\\/\\\/exitfabrics.com\\\/de\\\/dienstleistungen\\\/#breadcrumb\",\"itemListElement\":[{\"@type\":\"ListItem\",\"position\":1,\"name\":\"Home\",\"item\":\"https:\\\/\\\/exitfabrics.com\\\/de\\\/\"},{\"@type\":\"ListItem\",\"position\":2,\"name\":\"Dienstleistungen\"}]},{\"@type\":\"WebSite\",\"@id\":\"https:\\\/\\\/exitfabrics.com\\\/es\\\/#website\",\"url\":\"https:\\\/\\\/exitfabrics.com\\\/es\\\/\",\"name\":\"Exit Fabrics\",\"description\":\"Upholstery for all needs\",\"publisher\":{\"@id\":\"https:\\\/\\\/exitfabrics.com\\\/es\\\/#organization\"},\"potentialAction\":[{\"@type\":\"SearchAction\",\"target\":{\"@type\":\"EntryPoint\",\"urlTemplate\":\"https:\\\/\\\/exitfabrics.com\\\/es\\\/?s={search_term_string}\"},\"query-input\":{\"@type\":\"PropertyValueSpecification\",\"valueRequired\":true,\"valueName\":\"search_term_string\"}}],\"inLanguage\":\"de-DE\"},{\"@type\":\"Organization\",\"@id\":\"https:\\\/\\\/exitfabrics.com\\\/es\\\/#organization\",\"name\":\"Exit Fabrics\",\"url\":\"https:\\\/\\\/exitfabrics.com\\\/es\\\/\",\"logo\":{\"@type\":\"ImageObject\",\"inLanguage\":\"de-DE\",\"@id\":\"https:\\\/\\\/exitfabrics.com\\\/es\\\/#\\\/schema\\\/logo\\\/image\\\/\",\"url\":\"https:\\\/\\\/exitfabrics.com\\\/wp-content\\\/uploads\\\/2019\\\/07\\\/logo-black.png\",\"contentUrl\":\"https:\\\/\\\/exitfabrics.com\\\/wp-content\\\/uploads\\\/2019\\\/07\\\/logo-black.png\",\"width\":230,\"height\":64,\"caption\":\"Exit Fabrics\"},\"image\":{\"@id\":\"https:\\\/\\\/exitfabrics.com\\\/es\\\/#\\\/schema\\\/logo\\\/image\\\/\"},\"sameAs\":[\"https:\\\/\\\/www.instagram.com\\\/exitfabrics\\\/\",\"https:\\\/\\\/www.linkedin.com\\\/company\\\/exit-fabrics\\\/\"]}]}<\/script>\n<!-- \/ Yoast SEO plugin. -->","yoast_head_json":{"title":"Dienstleistungen - Exit Fabrics","description":"Ofrecemos stock permanente, certificados, producci\u00f3n a medida, tratamientos anti-manchas, acabados y reciclado. \u00a1Solicita m\u00e1s informaci\u00f3n!","robots":{"index":"index","follow":"follow","max-snippet":"max-snippet:-1","max-image-preview":"max-image-preview:large","max-video-preview":"max-video-preview:-1"},"canonical":"https:\/\/exitfabrics.com\/de\/dienstleistungen\/","og_locale":"de_DE","og_type":"article","og_title":"Dienstleistungen - Exit Fabrics","og_description":"Ofrecemos stock permanente, certificados, producci\u00f3n a medida, tratamientos anti-manchas, acabados y reciclado. \u00a1Solicita m\u00e1s informaci\u00f3n!","og_url":"https:\/\/exitfabrics.com\/de\/dienstleistungen\/","og_site_name":"Exit Fabrics","article_modified_time":"2025-03-21T12:56:23+00:00","twitter_card":"summary_large_image","twitter_misc":{"Est. reading time":"2 minutes"},"schema":{"@context":"https:\/\/schema.org","@graph":[{"@type":"WebPage","@id":"https:\/\/exitfabrics.com\/de\/dienstleistungen\/","url":"https:\/\/exitfabrics.com\/de\/dienstleistungen\/","name":"Dienstleistungen - Exit Fabrics","isPartOf":{"@id":"https:\/\/exitfabrics.com\/es\/#website"},"datePublished":"2019-07-22T10:00:22+00:00","dateModified":"2025-03-21T12:56:23+00:00","description":"Ofrecemos stock permanente, certificados, producci\u00f3n a medida, tratamientos anti-manchas, acabados y reciclado. \u00a1Solicita m\u00e1s informaci\u00f3n!","breadcrumb":{"@id":"https:\/\/exitfabrics.com\/de\/dienstleistungen\/#breadcrumb"},"inLanguage":"de-DE","potentialAction":[{"@type":"ReadAction","target":["https:\/\/exitfabrics.com\/de\/dienstleistungen\/"]}]},{"@type":"BreadcrumbList","@id":"https:\/\/exitfabrics.com\/de\/dienstleistungen\/#breadcrumb","itemListElement":[{"@type":"ListItem","position":1,"name":"Home","item":"https:\/\/exitfabrics.com\/de\/"},{"@type":"ListItem","position":2,"name":"Dienstleistungen"}]},{"@type":"WebSite","@id":"https:\/\/exitfabrics.com\/es\/#website","url":"https:\/\/exitfabrics.com\/es\/","name":"Exit Fabrics","description":"Upholstery for all needs","publisher":{"@id":"https:\/\/exitfabrics.com\/es\/#organization"},"potentialAction":[{"@type":"SearchAction","target":{"@type":"EntryPoint","urlTemplate":"https:\/\/exitfabrics.com\/es\/?s={search_term_string}"},"query-input":{"@type":"PropertyValueSpecification","valueRequired":true,"valueName":"search_term_string"}}],"inLanguage":"de-DE"},{"@type":"Organization","@id":"https:\/\/exitfabrics.com\/es\/#organization","name":"Exit Fabrics","url":"https:\/\/exitfabrics.com\/es\/","logo":{"@type":"ImageObject","inLanguage":"de-DE","@id":"https:\/\/exitfabrics.com\/es\/#\/schema\/logo\/image\/","url":"https:\/\/exitfabrics.com\/wp-content\/uploads\/2019\/07\/logo-black.png","contentUrl":"https:\/\/exitfabrics.com\/wp-content\/uploads\/2019\/07\/logo-black.png","width":230,"height":64,"caption":"Exit Fabrics"},"image":{"@id":"https:\/\/exitfabrics.com\/es\/#\/schema\/logo\/image\/"},"sameAs":["https:\/\/www.instagram.com\/exitfabrics\/","https:\/\/www.linkedin.com\/company\/exit-fabrics\/"]}]}},"_links":{"self":[{"href":"https:\/\/exitfabrics.com\/de\/wp-json\/wp\/v2\/pages\/51141","targetHints":{"allow":["GET"]}}],"collection":[{"href":"https:\/\/exitfabrics.com\/de\/wp-json\/wp\/v2\/pages"}],"about":[{"href":"https:\/\/exitfabrics.com\/de\/wp-json\/wp\/v2\/types\/page"}],"author":[{"embeddable":true,"href":"https:\/\/exitfabrics.com\/de\/wp-json\/wp\/v2\/users\/1"}],"replies":[{"embeddable":true,"href":"https:\/\/exitfabrics.com\/de\/wp-json\/wp\/v2\/comments?post=51141"}],"version-history":[{"count":0,"href":"https:\/\/exitfabrics.com\/de\/wp-json\/wp\/v2\/pages\/51141\/revisions"}],"wp:attachment":[{"href":"https:\/\/exitfabrics.com\/de\/wp-json\/wp\/v2\/media?parent=51141"}],"curies":[{"name":"wp","href":"https:\/\/api.w.org\/{rel}","templated":true}]}}